{"id":12,"date":"2021-12-25T13:36:43","date_gmt":"2021-12-25T13:36:43","guid":{"rendered":"https:\/\/stayliepaja.lv\/?page_id=12"},"modified":"2026-04-06T10:36:51","modified_gmt":"2026-04-06T10:36:51","slug":"atputa-liepaja","status":"publish","type":"page","link":"https:\/\/stayliepaja.lv\/de\/","title":{"rendered":"Erholung in Liep\u0101ja"},"content":{"rendered":"<p>[et_pb_section fb_built=&#8221;1&#8243; fullwidth=&#8221;on&#8221; _builder_version=&#8221;4.16&#8243; _module_preset=&#8221;default&#8221; global_colors_info=&#8221;{}&#8221;][et_pb_fullwidth_slider _builder_version=&#8221;4.16&#8243; _module_preset=&#8221;default&#8221; background_image=&#8221;https:\/\/stayliepaja.lv\/wp-content\/uploads\/2022\/04\/liepaja_beach_sign-wallpaper-1920&#215;1200-1.jpg&#8221; global_colors_info=&#8221;{}&#8221;][et_pb_slide _builder_version=&#8221;4.16&#8243; _module_preset=&#8221;default&#8221; global_colors_info=&#8221;{}&#8221; sticky_transition=&#8221;on&#8221;][\/et_pb_slide][\/et_pb_fullwidth_slider][\/et_pb_section][et_pb_section fb_built=&#8221;1&#8243; _builder_version=&#8221;4.16&#8243; _module_preset=&#8221;default&#8221; global_colors_info=&#8221;{}&#8221;][et_pb_row _builder_version=&#8221;4.16&#8243; _module_preset=&#8221;default&#8221; custom_padding=&#8221;7px|||||&#8221; global_colors_info=&#8221;{}&#8221;][et_pb_column type=&#8221;4_4&#8243; _builder_version=&#8221;4.16&#8243; _module_preset=&#8221;default&#8221; global_colors_info=&#8221;{}&#8221;][et_pb_text _builder_version=&#8221;4.27.5&#8243; _module_preset=&#8221;default&#8221; global_colors_info=&#8221;{}&#8221;]<\/p>\n<h1>Apartamenti pie J\u016bras.<\/h1>\n<p>[\/et_pb_text][\/et_pb_column][\/et_pb_row][et_pb_row column_structure=&#8221;1_2,1_2&#8243; _builder_version=&#8221;4.16&#8243; _module_preset=&#8221;default&#8221; global_colors_info=&#8221;{}&#8221;][et_pb_column type=&#8221;1_2&#8243; _builder_version=&#8221;4.16&#8243; _module_preset=&#8221;default&#8221; global_colors_info=&#8221;{}&#8221;][et_pb_text _builder_version=&#8221;4.17.4&#8243; _module_preset=&#8221;default&#8221; global_colors_info=&#8221;{}&#8221;]<\/p>\n<h3>G\u00e4stehaus in der Palangas-Stra\u00dfe 9<\/h3>\n<p>[\/et_pb_text][et_pb_text _builder_version=&#8221;4.17.0&#8243; _module_preset=&#8221;default&#8221; background_image=&#8221;https:\/\/stayliepaja.lv\/wp-content\/uploads\/2021\/12\/01_dom.jpg&#8221; min_height=&#8221;280px&#8221; max_height=&#8221;280px&#8221; global_colors_info=&#8221;{}&#8221;][\/et_pb_text][et_pb_text _builder_version=&#8221;4.17.4&#8243; _module_preset=&#8221;default&#8221; global_colors_info=&#8221;{}&#8221;]<\/p>\n<p style=\"text-align: justify;\"><span>Das G\u00e4stehaus befindet sich in einer ruhigen Lage in Liep\u0101ja, 600 m von der malerischen K\u00fcste mit wei\u00dfen Sandstr\u00e4nden entfernt und in der N\u00e4he eines Einkaufszentrums. Bis zum Stadtzentrum sind es 15 Gehminuten. Im Haus gibt es bis zu 8 Schlafpl\u00e4tze, ideal geeignet f\u00fcr eine gro\u00dfe Familie mit Kindern, zwei Familien oder eine Freundesgruppe.<\/span><\/p>\n<p>[\/et_pb_text][et_pb_button button_url=&#8221;@ET-DC@eyJkeW5hbWljIjp0cnVlLCJjb250ZW50IjoicG9zdF9saW5rX3VybF9wYWdlIiwic2V0dGluZ3MiOnsicG9zdF9pZCI6IjU2In19@&#8221; button_text=&#8221;Apskat\u012bt un rezerv\u0113t&#8221; button_alignment=&#8221;center&#8221; _builder_version=&#8221;4.17.0&#8243; _dynamic_attributes=&#8221;button_url&#8221; _module_preset=&#8221;default&#8221; custom_button=&#8221;on&#8221; button_text_color=&#8221;#E09900&#8243; global_colors_info=&#8221;{}&#8221;][\/et_pb_button][\/et_pb_column][et_pb_column type=&#8221;1_2&#8243; _builder_version=&#8221;4.16&#8243; _module_preset=&#8221;default&#8221; global_colors_info=&#8221;{}&#8221;][et_pb_text _builder_version=&#8221;4.17.4&#8243; _module_preset=&#8221;default&#8221; global_colors_info=&#8221;{}&#8221;]<\/p>\n<h3>G\u00e4stehaus in der Palangas-Stra\u00dfe 23<\/h3>\n<p>[\/et_pb_text][et_pb_text _builder_version=&#8221;4.17.0&#8243; _module_preset=&#8221;default&#8221; background_image=&#8221;https:\/\/stayliepaja.lv\/wp-content\/uploads\/2022\/04\/WhatsApp-Image-2020-06-12-at-22.07.31-2.jpeg&#8221; background_position=&#8221;top_center&#8221; min_height=&#8221;280px&#8221; max_height=&#8221;280px&#8221; global_colors_info=&#8221;{}&#8221;][\/et_pb_text][et_pb_text _builder_version=&#8221;4.17.4&#8243; _module_preset=&#8221;default&#8221; global_colors_info=&#8221;{}&#8221;]<\/p>\n<p style=\"text-align: justify;\">Das G\u00e4stehaus befindet sich in einer ruhigen Lage in Liep\u0101ja, 400 m von der malerischen K\u00fcste mit wei\u00dfen Sandstr\u00e4nden entfernt und in der N\u00e4he eines Einkaufszentrums. Bis zum Stadtzentrum sind es 15 Gehminuten. Im Haus gibt es bis zu 5 Schlafpl\u00e4tze. Es ist ideal geeignet f\u00fcr gro\u00dfe Familien mit Kindern oder eine Freundesgruppe.<\/p>\n<p>[\/et_pb_text][et_pb_button button_url=&#8221;@ET-DC@eyJkeW5hbWljIjp0cnVlLCJjb250ZW50IjoicG9zdF9saW5rX3VybF9wYWdlIiwic2V0dGluZ3MiOnsicG9zdF9pZCI6IjIyMSJ9fQ==@&#8221; button_text=&#8221;Apskat\u012bt un rezerv\u0113t&#8221; button_alignment=&#8221;center&#8221; _builder_version=&#8221;4.17.0&#8243; _dynamic_attributes=&#8221;button_url&#8221; _module_preset=&#8221;default&#8221; custom_button=&#8221;on&#8221; button_text_color=&#8221;#E09900&#8243; global_colors_info=&#8221;{}&#8221;][\/et_pb_button][\/et_pb_column][\/et_pb_row][et_pb_row column_structure=&#8221;1_2,1_2&#8243; _builder_version=&#8221;4.16&#8243; _module_preset=&#8221;default&#8221; global_colors_info=&#8221;{}&#8221;][et_pb_column type=&#8221;1_2&#8243; _builder_version=&#8221;4.16&#8243; _module_preset=&#8221;default&#8221; global_colors_info=&#8221;{}&#8221;][et_pb_text _builder_version=&#8221;4.27.5&#8243; _module_preset=&#8221;default&#8221; global_colors_info=&#8221;{}&#8221;]<\/p>\n<h3>Dz\u012bvoklis Dzintaru iel\u0101 88<\/h3>\n<p>[\/et_pb_text][et_pb_text _builder_version=&#8221;4.27.5&#8243; _module_preset=&#8221;default&#8221; background_image=&#8221;https:\/\/stayliepaja.lv\/wp-content\/uploads\/2026\/04\/Dzintaru-88-living-room2.jpeg&#8221; min_height=&#8221;280px&#8221; max_height=&#8221;280px&#8221; global_colors_info=&#8221;{}&#8221;][\/et_pb_text][et_pb_text _builder_version=&#8221;4.27.5&#8243; _module_preset=&#8221;default&#8221; global_colors_info=&#8221;{}&#8221;]<\/p>\n<p style=\"text-align: justify;\"><span>Dzintaru 88 apartamenti atrodas ide\u0101l\u0101 viet\u0101 Liep\u0101j\u0101, net\u0101lu no pludmales, un pied\u0101v\u0101 bezmaksas WiFi, piln\u012bb\u0101 apr\u012bkotu virtuvi, balkonu, k\u0101 ar\u012b atsevi\u0161\u0137u ieeju &#8211; \u0113rti sasniedzami ir galvenie apskates objekti, tostarp Sv\u0113t\u0101s Annas bazn\u012bca, Liep\u0101jas muzejs un br\u012bvdabas koncertz\u0101le &#8220;Put, v\u0113ji\u0146i!&#8221;.<\/span><\/p>\n<p>[\/et_pb_text][et_pb_button button_url=&#8221;@ET-DC@eyJkeW5hbWljIjp0cnVlLCJjb250ZW50IjoicG9zdF9saW5rX3VybF9wYWdlIiwic2V0dGluZ3MiOnsicG9zdF9pZCI6IjY4NyJ9fQ==@&#8221; button_text=&#8221;Apskat\u012bt un rezerv\u0113t&#8221; button_alignment=&#8221;center&#8221; _builder_version=&#8221;4.27.5&#8243; _dynamic_attributes=&#8221;button_url&#8221; _module_preset=&#8221;default&#8221; custom_button=&#8221;on&#8221; button_text_color=&#8221;#E09900&#8243; hover_enabled=&#8221;0&#8243; global_colors_info=&#8221;{}&#8221; sticky_enabled=&#8221;0&#8243;][\/et_pb_button][\/et_pb_column][et_pb_column type=&#8221;1_2&#8243; _builder_version=&#8221;4.16&#8243; _module_preset=&#8221;default&#8221; global_colors_info=&#8221;{}&#8221;][\/et_pb_column][\/et_pb_row][\/et_pb_section][et_pb_section fb_built=&#8221;1&#8243; _builder_version=&#8221;4.16&#8243; _module_preset=&#8221;default&#8221; background_color=&#8221;#f2f2f2&#8243; custom_padding=&#8221;4px|||||&#8221; global_colors_info=&#8221;{}&#8221;][et_pb_row _builder_version=&#8221;4.16&#8243; _module_preset=&#8221;default&#8221; global_colors_info=&#8221;{}&#8221;][et_pb_column type=&#8221;4_4&#8243; _builder_version=&#8221;4.16&#8243; _module_preset=&#8221;default&#8221; global_colors_info=&#8221;{}&#8221;][et_pb_text _builder_version=&#8221;4.16&#8243; _module_preset=&#8221;default&#8221; global_colors_info=&#8221;{}&#8221;]<\/p>\n<h3 class=\"text-center\" style=\"text-align: center;\">Bewertungen<\/h3>\n<p>[\/et_pb_text][\/et_pb_column][\/et_pb_row][et_pb_row column_structure=&#8221;1_3,1_3,1_3&#8243; _builder_version=&#8221;4.16&#8243; _module_preset=&#8221;default&#8221; global_colors_info=&#8221;{}&#8221;][et_pb_column type=&#8221;1_3&#8243; _builder_version=&#8221;4.16&#8243; _module_preset=&#8221;default&#8221; global_colors_info=&#8221;{}&#8221;][et_pb_image src=&#8221;https:\/\/stayliepaja.lv\/wp-content\/uploads\/2022\/04\/b56c632712cb151966e9192b3547e7b673216aa6.png&#8221; alt=&#8221;Comment_3&#8243; title_text=&#8221;Comment_1&#8243; align=&#8221;center&#8221; _builder_version=&#8221;4.17.0&#8243; _module_preset=&#8221;default&#8221; custom_margin=&#8221;||5px||false|false&#8221; custom_css_main_element=&#8221;max-height:64px;||max-width:64px;||border-radius: 100px;||display: block;||margin-left: auto;||margin-right: auto;&#8221; border_radii=&#8221;on|100px|100px|100px|100px&#8221; global_colors_info=&#8221;{}&#8221;][\/et_pb_image][et_pb_team_member position=&#8221;Venomous Snake&#8221; use_icon_font_size=&#8221;on&#8221; _builder_version=&#8221;4.17.4&#8243; _module_preset=&#8221;default&#8221; body_text_align=&#8221;justify&#8221; position_text_align=&#8221;center&#8221; custom_css_member_image=&#8221;max-height:64px;||max-width:64px;||border-radius: 100px;||display: block;||margin-left: auto;||margin-right: auto;&#8221; border_radii_image=&#8221;on|100px|100px|100px|100px&#8221; global_colors_info=&#8221;{}&#8221;]<\/p>\n<p>Das G\u00e4stehaus ist wirklich modern und sehr komfortabel. Sch\u00f6ner Hof, nahe am Meer, privater Parkplatz. In der K\u00fcche findet man alles Notwendige \u2013 Backofen, Geschirrsp\u00fcler, viele Haushaltsger\u00e4te. Wir haben ein Kinderbett angefragt und erhalten. Einziger Mangel war ein Hochstuhl f\u00fcr Kinder, aber das war kein gro\u00dfes Problem. Insgesamt hat uns der Ort f\u00fcr unsere Familie (7 Personen + Baby) sehr gut gefallen und wir werden definitiv wiederkommen.<\/p>\n<p>[\/et_pb_team_member][\/et_pb_column][et_pb_column type=&#8221;1_3&#8243; _builder_version=&#8221;4.16&#8243; _module_preset=&#8221;default&#8221; global_colors_info=&#8221;{}&#8221;][et_pb_image src=&#8221;https:\/\/stayliepaja.lv\/wp-content\/uploads\/2022\/04\/\u0411\u0435\u0437\u044b\u043c\u044f\u043d\u043d\u044b\u0439.png&#8221; alt=&#8221;Comment_1&#8243; title_text=&#8221;Comment_1&#8243; align=&#8221;center&#8221; _builder_version=&#8221;4.17.0&#8243; _module_preset=&#8221;default&#8221; custom_margin=&#8221;||5px||false|false&#8221; custom_css_main_element=&#8221;max-height:64px;||max-width:64px;||border-radius: 100px;||display: block;||margin-left: auto;||margin-right: auto;&#8221; border_radii=&#8221;on|100px|100px|100px|100px&#8221; global_colors_info=&#8221;{}&#8221;][\/et_pb_image][et_pb_team_member position=&#8221;Krist\u012bne&#8221; use_icon_font_size=&#8221;on&#8221; _builder_version=&#8221;4.17.0&#8243; _module_preset=&#8221;default&#8221; body_text_align=&#8221;justify&#8221; position_text_align=&#8221;center&#8221; custom_css_member_image=&#8221;max-height:64px;||max-width:64px;||border-radius: 100px;||display: block;||margin-left: auto;||margin-right: auto;&#8221; border_radii_image=&#8221;on|100px|100px|100px|100px&#8221; global_colors_info=&#8221;{}&#8221;]<\/p>\n<p>Sch\u00f6ner Ort, nahe am Meer. Ich war mit einer Kollegengruppe dort und habe die Zeit sehr genossen. Danke!<\/p>\n<p>[\/et_pb_team_member][\/et_pb_column][et_pb_column type=&#8221;1_3&#8243; _builder_version=&#8221;4.16&#8243; _module_preset=&#8221;default&#8221; global_colors_info=&#8221;{}&#8221;][et_pb_image src=&#8221;https:\/\/stayliepaja.lv\/wp-content\/uploads\/2022\/04\/download.jpg&#8221; alt=&#8221;Comment_2&#8243; title_text=&#8221;Comment_2&#8243; align=&#8221;center&#8221; _builder_version=&#8221;4.17.0&#8243; _module_preset=&#8221;default&#8221; custom_margin=&#8221;||5px||false|false&#8221; custom_css_main_element=&#8221;max-height:64px;||max-width:64px;||border-radius: 100px;||display: block;||margin-left: auto;||margin-right: auto;&#8221; border_radii=&#8221;on|100px|100px|100px|100px&#8221; global_colors_info=&#8221;{}&#8221;][\/et_pb_image][et_pb_team_member position=&#8221;Ada&#8221; _builder_version=&#8221;4.17.0&#8243; _module_preset=&#8221;default&#8221; body_text_align=&#8221;justify&#8221; position_text_align=&#8221;center&#8221; custom_css_member_image=&#8221;max-height:64px;||max-width:64px;||border-radius: 100px;||display: block;||margin-left: auto;||margin-right: auto;&#8221; border_radii_image=&#8221;on|100px|100px|100px|100px&#8221; global_colors_info=&#8221;{}&#8221;]<\/p>\n<p>Sehr sch\u00f6nes Haus! Nahe am Meer und Stadtzentrum, neues Interieur, komplette Ausstattung, gem\u00fctlicher Hof und Terrasse. Im Hof gibt es einen Whirlpool und eine Sauna, die nur 50 Euro kosten und unbegrenzte Nutzungsstunden bieten! Der Eigent\u00fcmer wohnt in der N\u00e4he, daher gibt es keine Probleme bei sp\u00e4ter Ankunft.<\/p>\n<p>[\/et_pb_team_member][\/et_pb_column][\/et_pb_row][\/et_pb_section][et_pb_section fb_built=&#8221;1&#8243; _builder_version=&#8221;4.17.0&#8243; _module_preset=&#8221;default&#8221; global_colors_info=&#8221;{}&#8221;][et_pb_row _builder_version=&#8221;4.17.0&#8243; _module_preset=&#8221;default&#8221; global_colors_info=&#8221;{}&#8221;][et_pb_column type=&#8221;4_4&#8243; _builder_version=&#8221;4.17.0&#8243; _module_preset=&#8221;default&#8221; global_colors_info=&#8221;{}&#8221;][et_pb_text _builder_version=&#8221;4.17.0&#8243; _module_preset=&#8221;default&#8221; global_colors_info=&#8221;{}&#8221;]<\/p>\n<h3 class=\"LC20lb MBeuO DKV0Md\" style=\"text-align: center;\">H\u00e4ufig gestellte Fragen<\/h3>\n<p>[\/et_pb_text][et_pb_accordion _builder_version=&#8221;4.17.4&#8243; _module_preset=&#8221;default&#8221; global_colors_info=&#8221;{}&#8221;][et_pb_accordion_item title=&#8221;K\u0101 veikt rezerv\u0101ciju?&#8221; open=&#8221;on&#8221; _builder_version=&#8221;4.17.4&#8243; _module_preset=&#8221;default&#8221; global_colors_info=&#8221;{}&#8221;]<\/p>\n<p><span>Das k\u00f6nnen Sie \u00fcber den Bereich unserer Webseite erledigen <a href=\"https:\/\/stayliepaja.lv\/de\/viesu-majas\/\">G\u00e4steh\u00e4user<\/a> oder \u00fcber Partner \u2013 Booking.com oder Airbnb.com.<\/span><\/p>\n<p>[\/et_pb_accordion_item][et_pb_accordion_item title=&#8221;K\u0101 es varu samaks\u0101t?&#8221; _builder_version=&#8221;4.17.4&#8243; _module_preset=&#8221;default&#8221; global_colors_info=&#8221;{}&#8221; open=&#8221;off&#8221;]<\/p>\n<p><span>1. Mit \u00dcberpr\u00fcfung<\/span><\/p>\n<p><span>2. Mit Kreditkarte.<\/span><\/p>\n<p><span>3. Barzahlung.<\/span><\/p>\n<p>[\/et_pb_accordion_item][et_pb_accordion_item title=&#8221;Kur\u0101 laik\u0101 es iem\u012btinos un izm\u012btinos no \u012bpa\u0161uma?&#8221; _builder_version=&#8221;4.17.4&#8243; _module_preset=&#8221;default&#8221; global_colors_info=&#8221;{}&#8221; open=&#8221;off&#8221;]<\/p>\n<p><span>Um die Unterkunft speziell f\u00fcr Ihre Ankunft ordentlich vorzubereiten, ist es wichtig, dass Sie p\u00fcnktlich und nicht fr\u00fcher ankommen. Die Anreise erfolgt in der Regel nach 17:00 Uhr, kann aber in einzelnen F\u00e4llen variieren. Die genaue Zeit wird in Ihrer finalen Buchungsbest\u00e4tigung angegeben. Die Abreisezeit ist vor 12:00 Uhr.<\/span><\/p>\n<p>[\/et_pb_accordion_item][\/et_pb_accordion][et_pb_button button_url=&#8221;@ET-DC@eyJkeW5hbWljIjp0cnVlLCJjb250ZW50IjoicG9zdF9saW5rX3VybF9wYWdlIiwic2V0dGluZ3MiOnsicG9zdF9pZCI6IjQzMiJ9fQ==@&#8221; button_text=&#8221;Atv\u0113rt visus jaut\u0101jumus&#8230;&#8221; button_alignment=&#8221;center&#8221; _builder_version=&#8221;4.17.0&#8243; _dynamic_attributes=&#8221;button_url&#8221; _module_preset=&#8221;default&#8221; custom_button=&#8221;on&#8221; button_text_color=&#8221;#E09900&#8243; global_colors_info=&#8221;{}&#8221;][\/et_pb_button][\/et_pb_column][\/et_pb_row][\/et_pb_section][et_pb_section fb_built=&#8221;1&#8243; _builder_version=&#8221;4.17.0&#8243; _module_preset=&#8221;default&#8221; background_enable_color=&#8221;off&#8221; background_image=&#8221;https:\/\/stayliepaja.lv\/wp-content\/uploads\/2022\/04\/bg.jpg&#8221; background_position=&#8221;top_center&#8221; background_blend=&#8221;darken&#8221; global_colors_info=&#8221;{}&#8221;][et_pb_row _builder_version=&#8221;4.17.0&#8243; _module_preset=&#8221;default&#8221; background_color=&#8221;rgba(43,43,43,0.57)&#8221; width=&#8221;50%&#8221; width_tablet=&#8221;80%&#8221; width_phone=&#8221;80%&#8221; width_last_edited=&#8221;on|phone&#8221; global_colors_info=&#8221;{}&#8221;][et_pb_column type=&#8221;4_4&#8243; _builder_version=&#8221;4.17.0&#8243; _module_preset=&#8221;default&#8221; global_colors_info=&#8221;{}&#8221;][et_pb_text _builder_version=&#8221;4.17.0&#8243; _module_preset=&#8221;default&#8221; text_text_color=&#8221;#FFFFFF&#8221; background_enable_color=&#8221;off&#8221; custom_padding=&#8221;50px||10px||false|false&#8221; global_colors_info=&#8221;{}&#8221;]<\/p>\n<h3 class=\"LC20lb MBeuO DKV0Md\" style=\"text-align: center;\"><span style=\"color: #ffffff;\">Wir freuen uns auf Ihren Besuch!<\/span><\/h3>\n<p><span style=\"color: #ffffff;\"><\/span><\/p>\n<p style=\"text-align: center;\"><span style=\"font-size: medium;\">Wir bieten unseren G\u00e4sten einen bequemen und qualitativ hochwertigen Aufenthalt.<\/span><\/p>\n<p>[\/et_pb_text][et_pb_button button_url=&#8221;@ET-DC@eyJkeW5hbWljIjp0cnVlLCJjb250ZW50IjoicG9zdF9saW5rX3VybF9wYWdlIiwic2V0dGluZ3MiOnsicG9zdF9pZCI6IjE1In19@&#8221; button_text=&#8221;Atp\u016btas M\u0101jas&#8221; button_alignment=&#8221;center&#8221; _builder_version=&#8221;4.17.4&#8243; _dynamic_attributes=&#8221;button_url&#8221; _module_preset=&#8221;default&#8221; custom_button=&#8221;on&#8221; button_text_color=&#8221;#FFFFFF&#8221; button_bg_color=&#8221;#7CDA24&#8243; button_border_width=&#8221;0px&#8221; background_layout=&#8221;dark&#8221; global_colors_info=&#8221;{}&#8221;][\/et_pb_button][\/et_pb_column][\/et_pb_row][\/et_pb_section]<\/p>","protected":false},"excerpt":{"rendered":"<p>Apartamenti pie J\u016bras.Viesu M\u0101ja Palangas iel\u0101 9Viesu M\u0101ja ir izvietota klus\u0101 viet\u0101 Liep\u0101j\u0101, 600 m no gleznain\u0101s piekrastes ar baltaj\u0101m smilt\u012bm, tuvu tirdzniec\u012bbas centram. L\u012bdz pils\u0113tas centram 15 min\u016btes, ejot ar k\u0101j\u0101m. M\u0101j\u0101 pieejamas l\u012bdz 8 gu\u013cviet\u0101m un t\u0101 ir ide\u0101li piem\u0113rota lielai \u0123imenei ar b\u0113rniem vai div\u0101m \u0123imen\u0113m, k\u0101 ar\u012b draugu komp\u0101nijai.Viesu M\u0101ja Palangas [&hellip;]<\/p>","protected":false},"author":1,"featured_media":504,"parent":0,"menu_order":0,"comment_status":"closed","ping_status":"closed","template":"","meta":{"_et_pb_use_builder":"on","_et_pb_old_content":"","_et_gb_content_width":"","footnotes":""},"class_list":["post-12","page","type-page","status-publish","has-post-thumbnail","hentry"],"yoast_head":"<!-- This site is optimized with the Yoast SEO plugin v27.3 - https:\/\/yoast.com\/product\/yoast-seo-wordpress\/ -->\n<title>Atputa Liep\u0101j\u0101 - Stayliepaja.lv<\/title>\n<meta name=\"description\" content=\"StayLiepaja.lv pied\u0101v\u0101 \u0113rtus viesu m\u0101jas gan \u0123imen\u0113m, gan draugiem net\u0101lu no gleznain\u0101s balto smil\u0161u pludmales.\" \/>\n<meta name=\"robots\" content=\"index, follow, max-snippet:-1, max-image-preview:large, max-video-preview:-1\" \/>\n<link rel=\"canonical\" href=\"https:\/\/stayliepaja.lv\/de\/\" \/>\n<meta property=\"og:locale\" content=\"de_DE\" \/>\n<meta property=\"og:type\" content=\"article\" \/>\n<meta property=\"og:title\" content=\"Atputa Liep\u0101j\u0101 - Stayliepaja.lv\" \/>\n<meta property=\"og:description\" content=\"StayLiepaja.lv pied\u0101v\u0101 \u0113rtus viesu m\u0101jas gan \u0123imen\u0113m, gan draugiem net\u0101lu no gleznain\u0101s balto smil\u0161u pludmales.\" \/>\n<meta property=\"og:url\" content=\"https:\/\/stayliepaja.lv\/de\/\" \/>\n<meta property=\"og:site_name\" content=\"Stayliepaja.lv\" \/>\n<meta property=\"article:modified_time\" content=\"2026-04-06T10:36:51+00:00\" \/>\n<meta property=\"og:image\" content=\"https:\/\/stayliepaja.lv\/wp-content\/uploads\/2022\/04\/liepaja.jpg\" \/>\n\t<meta property=\"og:image:width\" content=\"290\" \/>\n\t<meta property=\"og:image:height\" content=\"174\" \/>\n\t<meta property=\"og:image:type\" content=\"image\/jpeg\" \/>\n<meta name=\"twitter:card\" content=\"summary_large_image\" \/>\n<meta name=\"twitter:label1\" content=\"Gesch\u00e4tzte Lesezeit\" \/>\n\t<meta name=\"twitter:data1\" content=\"3\u00a0Minuten\" \/>\n<script type=\"application\/ld+json\" class=\"yoast-schema-graph\">{\"@context\":\"https:\\\/\\\/schema.org\",\"@graph\":[{\"@type\":\"WebPage\",\"@id\":\"https:\\\/\\\/stayliepaja.lv\\\/\",\"url\":\"https:\\\/\\\/stayliepaja.lv\\\/\",\"name\":\"Atputa Liep\u0101j\u0101 - Stayliepaja.lv\",\"isPartOf\":{\"@id\":\"https:\\\/\\\/stayliepaja.lv\\\/#website\"},\"primaryImageOfPage\":{\"@id\":\"https:\\\/\\\/stayliepaja.lv\\\/#primaryimage\"},\"image\":{\"@id\":\"https:\\\/\\\/stayliepaja.lv\\\/#primaryimage\"},\"thumbnailUrl\":\"https:\\\/\\\/stayliepaja.lv\\\/wp-content\\\/uploads\\\/2022\\\/04\\\/liepaja.jpg\",\"datePublished\":\"2021-12-25T13:36:43+00:00\",\"dateModified\":\"2026-04-06T10:36:51+00:00\",\"description\":\"StayLiepaja.lv pied\u0101v\u0101 \u0113rtus viesu m\u0101jas gan \u0123imen\u0113m, gan draugiem net\u0101lu no gleznain\u0101s balto smil\u0161u pludmales.\",\"breadcrumb\":{\"@id\":\"https:\\\/\\\/stayliepaja.lv\\\/#breadcrumb\"},\"inLanguage\":\"de\",\"potentialAction\":[{\"@type\":\"ReadAction\",\"target\":[\"https:\\\/\\\/stayliepaja.lv\\\/\"]}]},{\"@type\":\"ImageObject\",\"inLanguage\":\"de\",\"@id\":\"https:\\\/\\\/stayliepaja.lv\\\/#primaryimage\",\"url\":\"https:\\\/\\\/stayliepaja.lv\\\/wp-content\\\/uploads\\\/2022\\\/04\\\/liepaja.jpg\",\"contentUrl\":\"https:\\\/\\\/stayliepaja.lv\\\/wp-content\\\/uploads\\\/2022\\\/04\\\/liepaja.jpg\",\"width\":290,\"height\":174,\"caption\":\"galvena StayLiepaja\"},{\"@type\":\"BreadcrumbList\",\"@id\":\"https:\\\/\\\/stayliepaja.lv\\\/#breadcrumb\",\"itemListElement\":[{\"@type\":\"ListItem\",\"position\":1,\"name\":\"Home\",\"item\":\"https:\\\/\\\/stayliepaja.lv\\\/\"},{\"@type\":\"ListItem\",\"position\":2,\"name\":\"Atputa Liep\u0101j\u0101\"}]},{\"@type\":\"WebSite\",\"@id\":\"https:\\\/\\\/stayliepaja.lv\\\/#website\",\"url\":\"https:\\\/\\\/stayliepaja.lv\\\/\",\"name\":\"Stayliepaja.lv\",\"description\":\"Just another WordPress site\",\"potentialAction\":[{\"@type\":\"SearchAction\",\"target\":{\"@type\":\"EntryPoint\",\"urlTemplate\":\"https:\\\/\\\/stayliepaja.lv\\\/?s={search_term_string}\"},\"query-input\":{\"@type\":\"PropertyValueSpecification\",\"valueRequired\":true,\"valueName\":\"search_term_string\"}}],\"inLanguage\":\"de\"}]}<\/script>\n<!-- \/ Yoast SEO plugin. -->","yoast_head_json":{"title":"Atputa Liep\u0101j\u0101 - Stayliepaja.lv","description":"StayLiepaja.lv pied\u0101v\u0101 \u0113rtus viesu m\u0101jas gan \u0123imen\u0113m, gan draugiem net\u0101lu no gleznain\u0101s balto smil\u0161u pludmales.","robots":{"index":"index","follow":"follow","max-snippet":"max-snippet:-1","max-image-preview":"max-image-preview:large","max-video-preview":"max-video-preview:-1"},"canonical":"https:\/\/stayliepaja.lv\/de\/","og_locale":"de_DE","og_type":"article","og_title":"Atputa Liep\u0101j\u0101 - Stayliepaja.lv","og_description":"StayLiepaja.lv pied\u0101v\u0101 \u0113rtus viesu m\u0101jas gan \u0123imen\u0113m, gan draugiem net\u0101lu no gleznain\u0101s balto smil\u0161u pludmales.","og_url":"https:\/\/stayliepaja.lv\/de\/","og_site_name":"Stayliepaja.lv","article_modified_time":"2026-04-06T10:36:51+00:00","og_image":[{"width":290,"height":174,"url":"https:\/\/stayliepaja.lv\/wp-content\/uploads\/2022\/04\/liepaja.jpg","type":"image\/jpeg"}],"twitter_card":"summary_large_image","twitter_misc":{"Gesch\u00e4tzte Lesezeit":"3\u00a0Minuten"},"schema":{"@context":"https:\/\/schema.org","@graph":[{"@type":"WebPage","@id":"https:\/\/stayliepaja.lv\/","url":"https:\/\/stayliepaja.lv\/","name":"Atputa Liep\u0101j\u0101 - Stayliepaja.lv","isPartOf":{"@id":"https:\/\/stayliepaja.lv\/#website"},"primaryImageOfPage":{"@id":"https:\/\/stayliepaja.lv\/#primaryimage"},"image":{"@id":"https:\/\/stayliepaja.lv\/#primaryimage"},"thumbnailUrl":"https:\/\/stayliepaja.lv\/wp-content\/uploads\/2022\/04\/liepaja.jpg","datePublished":"2021-12-25T13:36:43+00:00","dateModified":"2026-04-06T10:36:51+00:00","description":"StayLiepaja.lv pied\u0101v\u0101 \u0113rtus viesu m\u0101jas gan \u0123imen\u0113m, gan draugiem net\u0101lu no gleznain\u0101s balto smil\u0161u pludmales.","breadcrumb":{"@id":"https:\/\/stayliepaja.lv\/#breadcrumb"},"inLanguage":"de","potentialAction":[{"@type":"ReadAction","target":["https:\/\/stayliepaja.lv\/"]}]},{"@type":"ImageObject","inLanguage":"de","@id":"https:\/\/stayliepaja.lv\/#primaryimage","url":"https:\/\/stayliepaja.lv\/wp-content\/uploads\/2022\/04\/liepaja.jpg","contentUrl":"https:\/\/stayliepaja.lv\/wp-content\/uploads\/2022\/04\/liepaja.jpg","width":290,"height":174,"caption":"galvena StayLiepaja"},{"@type":"BreadcrumbList","@id":"https:\/\/stayliepaja.lv\/#breadcrumb","itemListElement":[{"@type":"ListItem","position":1,"name":"Home","item":"https:\/\/stayliepaja.lv\/"},{"@type":"ListItem","position":2,"name":"Atputa Liep\u0101j\u0101"}]},{"@type":"WebSite","@id":"https:\/\/stayliepaja.lv\/#website","url":"https:\/\/stayliepaja.lv\/","name":"Stayliepaja.lv","description":"Just another WordPress site","potentialAction":[{"@type":"SearchAction","target":{"@type":"EntryPoint","urlTemplate":"https:\/\/stayliepaja.lv\/?s={search_term_string}"},"query-input":{"@type":"PropertyValueSpecification","valueRequired":true,"valueName":"search_term_string"}}],"inLanguage":"de"}]}},"_links":{"self":[{"href":"https:\/\/stayliepaja.lv\/de\/wp-json\/wp\/v2\/pages\/12","targetHints":{"allow":["GET"]}}],"collection":[{"href":"https:\/\/stayliepaja.lv\/de\/wp-json\/wp\/v2\/pages"}],"about":[{"href":"https:\/\/stayliepaja.lv\/de\/wp-json\/wp\/v2\/types\/page"}],"author":[{"embeddable":true,"href":"https:\/\/stayliepaja.lv\/de\/wp-json\/wp\/v2\/users\/1"}],"replies":[{"embeddable":true,"href":"https:\/\/stayliepaja.lv\/de\/wp-json\/wp\/v2\/comments?post=12"}],"version-history":[{"count":38,"href":"https:\/\/stayliepaja.lv\/de\/wp-json\/wp\/v2\/pages\/12\/revisions"}],"predecessor-version":[{"id":737,"href":"https:\/\/stayliepaja.lv\/de\/wp-json\/wp\/v2\/pages\/12\/revisions\/737"}],"wp:featuredmedia":[{"embeddable":true,"href":"https:\/\/stayliepaja.lv\/de\/wp-json\/wp\/v2\/media\/504"}],"wp:attachment":[{"href":"https:\/\/stayliepaja.lv\/de\/wp-json\/wp\/v2\/media?parent=12"}],"curies":[{"name":"wp","href":"https:\/\/api.w.org\/{rel}","templated":true}]}}