{"id":221,"date":"2022-04-01T19:30:10","date_gmt":"2022-04-01T19:30:10","guid":{"rendered":"https:\/\/stayliepaja.lv\/?p=221"},"modified":"2026-04-19T20:35:26","modified_gmt":"2026-04-19T20:35:26","slug":"viesu-maja-palangas-iela-23","status":"publish","type":"page","link":"https:\/\/stayliepaja.lv\/de\/viesu-maja-palangas-iela-23\/","title":{"rendered":"G\u00e4stehaus in der Palangas-Stra\u00dfe 23"},"content":{"rendered":"<p>[et_pb_section fb_built=&#8221;1&#8243; specialty=&#8221;on&#8221; _builder_version=&#8221;4.16&#8243; _module_preset=&#8221;default&#8221; custom_padding=&#8221;4px||4px|||&#8221; global_colors_info=&#8221;{}&#8221;][et_pb_column type=&#8221;1_4&#8243; _builder_version=&#8221;4.16&#8243; custom_padding=&#8221;|||&#8221; global_colors_info=&#8221;{}&#8221; custom_padding__hover=&#8221;|||&#8221;][et_pb_code _builder_version=&#8221;4.16&#8243; _module_preset=&#8221;default&#8221; global_colors_info=&#8221;{}&#8221;]<\/p>\n<div id=\"smoobuApartment1032445de\" class=\"calendarWidget\">\n<div class=\"calendarContent\" data-load-calendar-url=\"https:\/\/login.smoobu.com\/de\/cockpit\/widget\/single-calendar\/1032445\" data-verification=\"cad8f6553e73a841e8893768955177af27a4783a3711218fb89ee1b5a606708e\" data-baseurl=\"https:\/\/login.smoobu.com\" data-disable-css=\"false\" ><\/div>\n<p> <script type=\"text\/javascript\" src=\"https:\/\/login.smoobu.com\/js\/Apartment\/CalendarWidget.js\"><\/script><\/div>\n<p>[\/et_pb_code][et_pb_button button_url=&#8221;#reserve&#8221; button_text=&#8221;Rezerv\u0113t&#8230;&#8221; button_alignment=&#8221;center&#8221; _builder_version=&#8221;4.16&#8243; _module_preset=&#8221;default&#8221; global_colors_info=&#8221;{}&#8221;][\/et_pb_button][\/et_pb_column][et_pb_column type=&#8221;1_2&#8243; specialty_columns=&#8221;2&#8243; _builder_version=&#8221;4.16&#8243; custom_padding=&#8221;|||&#8221; global_colors_info=&#8221;{}&#8221; custom_padding__hover=&#8221;|||&#8221;][et_pb_row_inner admin_label=&#8221;row&#8221; _builder_version=&#8221;4.16&#8243; background_size=&#8221;initial&#8221; background_position=&#8221;top_left&#8221; background_repeat=&#8221;repeat&#8221; width=&#8221;100%&#8221; global_colors_info=&#8221;{}&#8221;][et_pb_column_inner saved_specialty_column_type=&#8221;1_2&#8243; _builder_version=&#8221;4.16&#8243; custom_padding=&#8221;|||&#8221; global_colors_info=&#8221;{}&#8221; custom_padding__hover=&#8221;|||&#8221;][et_pb_text _builder_version=&#8221;4.17.4&#8243; _module_preset=&#8221;default&#8221; global_colors_info=&#8221;{}&#8221;]<\/p>\n<h3>D\u0101rgie viesi!<\/h3>\n<p>Laipni l\u016bgti Viesu M\u0101j\u0101 Palangas iel\u0101 23!<\/p>\n<p>[\/et_pb_text][et_pb_gallery gallery_ids=&#8221;280,281,284,255,258,259,257,267,268,625,624,649,645,646,647,595,608,607,245,253,596,597,598,244,606,247,588,587,266,279,265,278,269,272,271,273,274,275,277,599,600,601,602,603,604,629,605,618,619,620,623,621,622,254,251,611,610,609,612,613,614,615,616,617,637,628,631,633,635,636,641,642,643,644,638,639,640,755,754&#8243; fullwidth=&#8221;on&#8221; _builder_version=&#8221;4.27.6&#8243; _module_preset=&#8221;default&#8221; max_width=&#8221;100%&#8221; height=&#8221;370px&#8221; max_height=&#8221;370px&#8221; custom_padding=&#8221;|0px||||&#8221; hover_enabled=&#8221;0&#8243; global_colors_info=&#8221;{}&#8221; sticky_enabled=&#8221;0&#8243;][\/et_pb_gallery][et_pb_text _builder_version=&#8221;4.20.0&#8243; _module_preset=&#8221;default&#8221; global_colors_info=&#8221;{}&#8221;]<\/p>\n<p style=\"text-align: justify;\">Viesu M\u0101ja ir izvietota klus\u0101 viet\u0101 Liep\u0101j\u0101, 400 m no gleznain\u0101s piekrastes ar baltaj\u0101m smilt\u012bm, tuvu tirdzniec\u012bbas centram. L\u012bdz pils\u0113tas centram 15 min\u016btes, ejot ar k\u0101j\u0101m. M\u0101j\u0101 pieejamas l\u012bdz 6 gu\u013cviet\u0101m un v\u0113l 4 vietas maza m\u0101j\u0101 t\u0101 ir ide\u0101li piem\u0113rota lielai \u0123imenei ar b\u0113rniem, k\u0101 ar\u012b draugu komp\u0101nijai.<\/p>\n<p style=\"text-align: justify;\">Objekts sasatav no m\u0101jas ar 6 gu\u013cviet\u0101m un vasaras m\u0101ju ar 4 gu\u013cviet\u0101m . Ir ar\u012b liela autost\u0101vvieta 2 automa\u0161\u012bn\u0101m, apr\u012bkota terase, grila zona. Kebe\u013ctelev\u012bzija un internets, trauku komplekts un gultas ve\u013ca.<\/p>\n<p>[\/et_pb_text][et_pb_image src=&#8221;https:\/\/stayliepaja.lv\/wp-content\/uploads\/2026\/04\/om-1.png&#8221; alt=&#8221;booking guests review 9.5&#8243; title_text=&#8221;booking guests review 9.5&#8243; url=&#8221;https:\/\/www.booking.com\/hotel\/lv\/holiday-house-palangas-23.lv.html&#8221; url_new_window=&#8221;on&#8221; _builder_version=&#8221;4.27.5&#8243; _module_preset=&#8221;default&#8221; global_colors_info=&#8221;{}&#8221;][\/et_pb_image][\/et_pb_column_inner][\/et_pb_row_inner][\/et_pb_column][et_pb_column type=&#8221;1_4&#8243; _builder_version=&#8221;4.16&#8243; custom_padding=&#8221;|||&#8221; global_colors_info=&#8221;{}&#8221; custom_padding__hover=&#8221;|||&#8221;][et_pb_sidebar show_border=&#8221;off&#8221; _builder_version=&#8221;4.16&#8243; _module_preset=&#8221;default&#8221; global_colors_info=&#8221;{}&#8221;][\/et_pb_sidebar][\/et_pb_column][\/et_pb_section][et_pb_section fb_built=&#8221;1&#8243; _builder_version=&#8221;4.16&#8243; _module_preset=&#8221;default&#8221; custom_padding=&#8221;1px|||||&#8221; global_colors_info=&#8221;{}&#8221;][et_pb_row _builder_version=&#8221;4.16&#8243; _module_preset=&#8221;default&#8221; width=&#8221;100%&#8221; global_colors_info=&#8221;{}&#8221;][et_pb_column type=&#8221;4_4&#8243; _builder_version=&#8221;4.16&#8243; _module_preset=&#8221;default&#8221; global_colors_info=&#8221;{}&#8221;][et_pb_tabs _builder_version=&#8221;4.20.0&#8243; _module_preset=&#8221;default&#8221; global_colors_info=&#8221;{}&#8221;][et_pb_tab title=&#8221;M\u0101jas apraksts&#8221; _builder_version=&#8221;4.20.0&#8243; _module_preset=&#8221;default&#8221; global_colors_info=&#8221;{}&#8221;]<\/p>\n<h3 style=\"text-align: justify;\"><strong>M\u0101ja<\/strong><\/h3>\n<p style=\"text-align: justify;\">Galvenaj\u0101 m\u0101j\u0101 ir viss nepiecie\u0161amais \u0113rtai atp\u016btai &#8211; divas gu\u013camistabas, viesistaba, du\u0161as telpa un piln\u012b apr\u012bkota virtuve.<\/p>\n<p style=\"text-align: justify;\"><u>Gu\u013camistaba 1<\/u> &#8211; divgu\u013cam\u0101 gulta 160 cm\u00a0 un skapis.<\/p>\n<p style=\"text-align: justify;\"><u>Gu\u013camistaba 2<\/u> &#8211; viena vienviet\u012bgas gulta 90 cm, viena divstavu gulta 90 cm\u00a0 (divam b\u0113rnam vai pieaugu\u0161am), rakst\u0101mgalds, kumode un dr\u0113bju skapis un b\u0113rnu gulti\u0146a.<\/p>\n<p style=\"text-align: justify;\"><u>Dz\u012bvojam\u0101 istaba<\/u> &#8211; divviet\u012bgs d\u012bv\u0101ns, skapis, TV<\/p>\n<p style=\"text-align: justify;\">Kabe\u013ctelev\u012bzija un internets, trauku un gultas ve\u013cas komplekts.<\/p>\n<p style=\"text-align: justify;\">M\u0101j\u012bga \u0101ra terase un grila iek\u0101rtas. Autost\u0101vvieta 2 automa\u0161\u012bn\u0101m.<\/p>\n<p style=\"text-align: justify;\"><strong>Vasara ir pieiejama ar\u012b maz\u0101 m\u0101ja ar 4 gu\u013cvietam:<\/strong><\/p>\n<p style=\"text-align: justify;\"><u>Gu\u013camistaba 1<\/u> &#8211; divgu\u013cam\u0101 gulta 180 cm\u00a0 un edam galds.<\/p>\n<p style=\"text-align: justify;\"><u>Gu\u013camistaba 2<\/u> &#8211; viena vienviet\u012bgas gulta 90 cm<\/p>\n<p style=\"text-align: justify;\"><u>Gu\u013camistaba 3<\/u> &#8211; viena viet\u012bgas gulta 140 cm<\/p>\n<p style=\"text-align: justify;\"><u>Virtuve ar aprikojumu<br \/><\/u><\/p>\n<p style=\"text-align: justify;\"><u>Tualete un du\u0161a<\/u><\/p>\n<h3 style=\"text-align: justify;\"><strong>Apkure<\/strong><\/h3>\n<p style=\"text-align: justify;\">Apkure ir pieejama tikai galvenaj\u0101 m\u0101j\u0101. Ziem\u0101 apkuri autom\u0101tiski kontrol\u0113 dators. Nepiecie\u0161am\u012bbas gad\u012bjum\u0101 temperat\u016bru var main\u012bt pats ar virtuv\u0113 izvietoto t\u0101lvad\u012bbas pulti.<\/p>\n<p style=\"text-align: justify;\">Ja nepiecie\u0161ams, vasaras m\u0101j\u0101 var iesl\u0113gt elektrisko sild\u012bt\u0101ju.<\/p>\n<h3 style=\"text-align: justify;\"><strong>\u016adensapg\u0101de \/ kanaliz\u0101cija<\/strong><\/h3>\n<p style=\"text-align: justify;\">\u016adensapg\u0101de ir centraliz\u0113ta. \u0100rpus m\u0101jas no st\u0101vvietas puses ir kr\u0101ns ar \u016bdens padevi.<\/p>\n<h3 style=\"text-align: justify;\"><strong>Elektr\u012bba<\/strong><\/h3>\n<p style=\"text-align: justify;\">Elektr\u012bba un rozetes atbilst Eiropas standartam, spriegums t\u012bkl\u0101 ir 220-250 V.<\/p>\n<p style=\"text-align: justify;\">Aizliegts izmantot ne\u0161tata elektroier\u012bces (\u016bdens v\u0101r\u0101mais apar\u0101ts, sild\u012bt\u0101ji u.t.t.).<\/p>\n<h3 style=\"text-align: justify;\"><strong>Internets<\/strong><\/h3>\n<p style=\"text-align: justify;\">Augsta \u0101truma optiskais internets (100 Mb\/sek). Vis\u0101s telp\u0101s Wi-Fi t\u012bkls.<\/p>\n<h3 style=\"text-align: justify;\"><strong>Telev\u012bzija<\/strong><\/h3>\n<p style=\"text-align: justify;\">M\u0101j\u0101 ir viesistaba ar kabe\u013ctelev\u012bziju. Televizoram ir interneta piesl\u0113gums. M\u0101j\u0101 J\u016bs atrad\u012bsiet gludin\u0101mo d\u0113li un gludekli.<\/p>\n<h3 style=\"text-align: justify;\"><strong>Vannas istaba<\/strong><\/h3>\n<p style=\"text-align: justify;\">M\u0101j\u0101 ir apvienota du\u0161a un tualete.<\/p>\n<h3 style=\"text-align: justify;\"><strong>Virtuve un apr\u012bkojums<\/strong><\/h3>\n<p style=\"text-align: justify;\">Virtuv\u0113 ir ve\u013cas mazg\u0101jam\u0101 ma\u0161\u012bna, kas ir pievienota elektrot\u012bklam un ir gatava lieto\u0161anai. ar\u012b m\u0101j\u0101 atrad\u012bsiet gludin\u0101mo d\u0113li, gludekli un putek\u013cu s\u016bc\u0113ju. Pieejams matu \u017e\u0101v\u0113t\u0101js.<\/p>\n<p style=\"text-align: justify;\">Apkures katls, ledusskapis, mikrovi\u013c\u0146u kr\u0101sns, elektrisk\u0101 t\u0113jkanna, elektrisk\u0101 pl\u012bts, trauku komplekts.<\/p>\n<p>[\/et_pb_tab][et_pb_tab title=&#8221;Zemesgabala apraksts&#8221; _builder_version=&#8221;4.20.0&#8243; _module_preset=&#8221;default&#8221; global_colors_info=&#8221;{}&#8221;]<\/p>\n<h3><strong>Mangals<\/strong><\/h3>\n<p>Gril\u0113\u0161anai ir grils ar galdu.<\/p>\n<h3><strong>Autost\u0101vvieta, v\u0101rti<\/strong><\/h3>\n<p>Autost\u0101vvieta ir apr\u012bkota div\u0101m automa\u0161\u012bn\u0101m un ir 4 x 11 m liela, t\u0101 ir izgaismota ar pro\u017eektoru.<\/p>\n<h3><strong>Atkritumi<\/strong><\/h3>\n<p>Atkritumi tiek izvesti katru ned\u0113\u013cu otrdien\u0101s no 7:00 l\u012bdz 10:00.<\/p>\n<h3><strong>Sm\u0113\u0137\u0113\u0161ana<\/strong><\/h3>\n<p>Sm\u0113\u0137\u0113\u0161ana iek\u0161telp\u0101s ir stingri aizliegta.<\/p>\n<p>[\/et_pb_tab][\/et_pb_tabs][et_pb_code module_id=&#8221;reserve&#8221; _builder_version=&#8221;4.16&#8243; _module_preset=&#8221;default&#8221; global_colors_info=&#8221;{}&#8221;]<\/p>\n<div id=\"apartmentIframe1032445\"><!-- [et_pb_line_break_holder] --><script type=\"text\/javascript\" src=\"https:\/\/login.smoobu.com\/js\/Settings\/BookingToolIframe.js\"><\/script><!-- [et_pb_line_break_holder] --><script>BookingToolIframe.initialize({\"url\": \"https:\/\/login.smoobu.com\/en\/booking-tool\/iframe\/334819\/1032445\", \"baseUrl\": \"https:\/\/login.smoobu.com\", \"target\": \"#apartmentIframe1032445\"})<\/script><!-- [et_pb_line_break_holder] --><\/div>\n<p>[\/et_pb_code][\/et_pb_column][\/et_pb_row][\/et_pb_section]<\/p>","protected":false},"excerpt":{"rendered":"<p>D\u0101rgie viesi! Laipni l\u016bgti Viesu M\u0101j\u0101 Palangas iel\u0101 23!Viesu M\u0101ja ir izvietota klus\u0101 viet\u0101 Liep\u0101j\u0101, 400 m no gleznain\u0101s piekrastes ar baltaj\u0101m smilt\u012bm, tuvu tirdzniec\u012bbas centram. L\u012bdz pils\u0113tas centram 15 min\u016btes, ejot ar k\u0101j\u0101m. M\u0101j\u0101 pieejamas l\u012bdz 6 gu\u013cviet\u0101m un v\u0113l 4 vietas maza m\u0101j\u0101 t\u0101 ir ide\u0101li piem\u0113rota lielai \u0123imenei ar b\u0113rniem, k\u0101 ar\u012b [&hellip;]<\/p>","protected":false},"author":1,"featured_media":285,"parent":0,"menu_order":0,"comment_status":"closed","ping_status":"closed","template":"","meta":{"_et_pb_use_builder":"on","_et_pb_old_content":"","_et_gb_content_width":"1080","footnotes":""},"class_list":["post-221","page","type-page","status-publish","has-post-thumbnail","hentry"],"yoast_head":"<!-- This site is optimized with the Yoast SEO plugin v27.3 - https:\/\/yoast.com\/product\/yoast-seo-wordpress\/ -->\n<title>Viesu M\u0101ja Palangas iel\u0101 23 - Stayliepaja.lv<\/title>\n<meta name=\"description\" content=\"Viesu M\u0101ja ir izvietota klus\u0101 viet\u0101 Liep\u0101j\u0101, 400 m no gleznain\u0101s piekrastes ar baltaj\u0101m smilt\u012bm, tuvu tirdzniec\u012bbas centram.\" \/>\n<meta name=\"robots\" content=\"index, follow, max-snippet:-1, max-image-preview:large, max-video-preview:-1\" \/>\n<link rel=\"canonical\" href=\"https:\/\/stayliepaja.lv\/de\/viesu-maja-palangas-iela-23\/\" \/>\n<meta property=\"og:locale\" content=\"de_DE\" \/>\n<meta property=\"og:type\" content=\"article\" \/>\n<meta property=\"og:title\" content=\"Viesu M\u0101ja Palangas iel\u0101 23 - Stayliepaja.lv\" \/>\n<meta property=\"og:description\" content=\"Viesu M\u0101ja ir izvietota klus\u0101 viet\u0101 Liep\u0101j\u0101, 400 m no gleznain\u0101s piekrastes ar baltaj\u0101m smilt\u012bm, tuvu tirdzniec\u012bbas centram.\" \/>\n<meta property=\"og:url\" content=\"https:\/\/stayliepaja.lv\/de\/viesu-maja-palangas-iela-23\/\" \/>\n<meta property=\"og:site_name\" content=\"Stayliepaja.lv\" \/>\n<meta property=\"article:modified_time\" content=\"2026-04-19T20:35:26+00:00\" \/>\n<meta property=\"og:image\" content=\"https:\/\/stayliepaja.lv\/wp-content\/uploads\/2022\/04\/WhatsApp-Image-2020-06-12-at-22.07.31.jpeg\" \/>\n\t<meta property=\"og:image:width\" content=\"1600\" \/>\n\t<meta property=\"og:image:height\" content=\"1200\" \/>\n\t<meta property=\"og:image:type\" content=\"image\/jpeg\" \/>\n<meta name=\"twitter:card\" content=\"summary_large_image\" \/>\n<meta name=\"twitter:label1\" content=\"Gesch\u00e4tzte Lesezeit\" \/>\n\t<meta name=\"twitter:data1\" content=\"3\u00a0Minuten\" \/>\n<script type=\"application\/ld+json\" class=\"yoast-schema-graph\">{\"@context\":\"https:\\\/\\\/schema.org\",\"@graph\":[{\"@type\":\"WebPage\",\"@id\":\"https:\\\/\\\/stayliepaja.lv\\\/viesu-maja-palangas-iela-23\\\/\",\"url\":\"https:\\\/\\\/stayliepaja.lv\\\/viesu-maja-palangas-iela-23\\\/\",\"name\":\"Viesu M\u0101ja Palangas iel\u0101 23 - Stayliepaja.lv\",\"isPartOf\":{\"@id\":\"https:\\\/\\\/stayliepaja.lv\\\/#website\"},\"primaryImageOfPage\":{\"@id\":\"https:\\\/\\\/stayliepaja.lv\\\/viesu-maja-palangas-iela-23\\\/#primaryimage\"},\"image\":{\"@id\":\"https:\\\/\\\/stayliepaja.lv\\\/viesu-maja-palangas-iela-23\\\/#primaryimage\"},\"thumbnailUrl\":\"https:\\\/\\\/stayliepaja.lv\\\/wp-content\\\/uploads\\\/2022\\\/04\\\/WhatsApp-Image-2020-06-12-at-22.07.31.jpeg\",\"datePublished\":\"2022-04-01T19:30:10+00:00\",\"dateModified\":\"2026-04-19T20:35:26+00:00\",\"description\":\"Viesu M\u0101ja ir izvietota klus\u0101 viet\u0101 Liep\u0101j\u0101, 400 m no gleznain\u0101s piekrastes ar baltaj\u0101m smilt\u012bm, tuvu tirdzniec\u012bbas centram.\",\"breadcrumb\":{\"@id\":\"https:\\\/\\\/stayliepaja.lv\\\/viesu-maja-palangas-iela-23\\\/#breadcrumb\"},\"inLanguage\":\"de\",\"potentialAction\":[{\"@type\":\"ReadAction\",\"target\":[\"https:\\\/\\\/stayliepaja.lv\\\/viesu-maja-palangas-iela-23\\\/\"]}]},{\"@type\":\"ImageObject\",\"inLanguage\":\"de\",\"@id\":\"https:\\\/\\\/stayliepaja.lv\\\/viesu-maja-palangas-iela-23\\\/#primaryimage\",\"url\":\"https:\\\/\\\/stayliepaja.lv\\\/wp-content\\\/uploads\\\/2022\\\/04\\\/WhatsApp-Image-2020-06-12-at-22.07.31.jpeg\",\"contentUrl\":\"https:\\\/\\\/stayliepaja.lv\\\/wp-content\\\/uploads\\\/2022\\\/04\\\/WhatsApp-Image-2020-06-12-at-22.07.31.jpeg\",\"width\":1600,\"height\":1200,\"caption\":\"palangas 23 front view\"},{\"@type\":\"BreadcrumbList\",\"@id\":\"https:\\\/\\\/stayliepaja.lv\\\/viesu-maja-palangas-iela-23\\\/#breadcrumb\",\"itemListElement\":[{\"@type\":\"ListItem\",\"position\":1,\"name\":\"Home\",\"item\":\"https:\\\/\\\/stayliepaja.lv\\\/\"},{\"@type\":\"ListItem\",\"position\":2,\"name\":\"Viesu M\u0101ja Palangas iel\u0101 23\"}]},{\"@type\":\"WebSite\",\"@id\":\"https:\\\/\\\/stayliepaja.lv\\\/#website\",\"url\":\"https:\\\/\\\/stayliepaja.lv\\\/\",\"name\":\"Stayliepaja.lv\",\"description\":\"Just another WordPress site\",\"potentialAction\":[{\"@type\":\"SearchAction\",\"target\":{\"@type\":\"EntryPoint\",\"urlTemplate\":\"https:\\\/\\\/stayliepaja.lv\\\/?s={search_term_string}\"},\"query-input\":{\"@type\":\"PropertyValueSpecification\",\"valueRequired\":true,\"valueName\":\"search_term_string\"}}],\"inLanguage\":\"de\"}]}<\/script>\n<!-- \/ Yoast SEO plugin. -->","yoast_head_json":{"title":"Viesu M\u0101ja Palangas iel\u0101 23 - Stayliepaja.lv","description":"Viesu M\u0101ja ir izvietota klus\u0101 viet\u0101 Liep\u0101j\u0101, 400 m no gleznain\u0101s piekrastes ar baltaj\u0101m smilt\u012bm, tuvu tirdzniec\u012bbas centram.","robots":{"index":"index","follow":"follow","max-snippet":"max-snippet:-1","max-image-preview":"max-image-preview:large","max-video-preview":"max-video-preview:-1"},"canonical":"https:\/\/stayliepaja.lv\/de\/viesu-maja-palangas-iela-23\/","og_locale":"de_DE","og_type":"article","og_title":"Viesu M\u0101ja Palangas iel\u0101 23 - Stayliepaja.lv","og_description":"Viesu M\u0101ja ir izvietota klus\u0101 viet\u0101 Liep\u0101j\u0101, 400 m no gleznain\u0101s piekrastes ar baltaj\u0101m smilt\u012bm, tuvu tirdzniec\u012bbas centram.","og_url":"https:\/\/stayliepaja.lv\/de\/viesu-maja-palangas-iela-23\/","og_site_name":"Stayliepaja.lv","article_modified_time":"2026-04-19T20:35:26+00:00","og_image":[{"width":1600,"height":1200,"url":"https:\/\/stayliepaja.lv\/wp-content\/uploads\/2022\/04\/WhatsApp-Image-2020-06-12-at-22.07.31.jpeg","type":"image\/jpeg"}],"twitter_card":"summary_large_image","twitter_misc":{"Gesch\u00e4tzte Lesezeit":"3\u00a0Minuten"},"schema":{"@context":"https:\/\/schema.org","@graph":[{"@type":"WebPage","@id":"https:\/\/stayliepaja.lv\/viesu-maja-palangas-iela-23\/","url":"https:\/\/stayliepaja.lv\/viesu-maja-palangas-iela-23\/","name":"Viesu M\u0101ja Palangas iel\u0101 23 - Stayliepaja.lv","isPartOf":{"@id":"https:\/\/stayliepaja.lv\/#website"},"primaryImageOfPage":{"@id":"https:\/\/stayliepaja.lv\/viesu-maja-palangas-iela-23\/#primaryimage"},"image":{"@id":"https:\/\/stayliepaja.lv\/viesu-maja-palangas-iela-23\/#primaryimage"},"thumbnailUrl":"https:\/\/stayliepaja.lv\/wp-content\/uploads\/2022\/04\/WhatsApp-Image-2020-06-12-at-22.07.31.jpeg","datePublished":"2022-04-01T19:30:10+00:00","dateModified":"2026-04-19T20:35:26+00:00","description":"Viesu M\u0101ja ir izvietota klus\u0101 viet\u0101 Liep\u0101j\u0101, 400 m no gleznain\u0101s piekrastes ar baltaj\u0101m smilt\u012bm, tuvu tirdzniec\u012bbas centram.","breadcrumb":{"@id":"https:\/\/stayliepaja.lv\/viesu-maja-palangas-iela-23\/#breadcrumb"},"inLanguage":"de","potentialAction":[{"@type":"ReadAction","target":["https:\/\/stayliepaja.lv\/viesu-maja-palangas-iela-23\/"]}]},{"@type":"ImageObject","inLanguage":"de","@id":"https:\/\/stayliepaja.lv\/viesu-maja-palangas-iela-23\/#primaryimage","url":"https:\/\/stayliepaja.lv\/wp-content\/uploads\/2022\/04\/WhatsApp-Image-2020-06-12-at-22.07.31.jpeg","contentUrl":"https:\/\/stayliepaja.lv\/wp-content\/uploads\/2022\/04\/WhatsApp-Image-2020-06-12-at-22.07.31.jpeg","width":1600,"height":1200,"caption":"palangas 23 front view"},{"@type":"BreadcrumbList","@id":"https:\/\/stayliepaja.lv\/viesu-maja-palangas-iela-23\/#breadcrumb","itemListElement":[{"@type":"ListItem","position":1,"name":"Home","item":"https:\/\/stayliepaja.lv\/"},{"@type":"ListItem","position":2,"name":"Viesu M\u0101ja Palangas iel\u0101 23"}]},{"@type":"WebSite","@id":"https:\/\/stayliepaja.lv\/#website","url":"https:\/\/stayliepaja.lv\/","name":"Stayliepaja.lv","description":"Just another WordPress site","potentialAction":[{"@type":"SearchAction","target":{"@type":"EntryPoint","urlTemplate":"https:\/\/stayliepaja.lv\/?s={search_term_string}"},"query-input":{"@type":"PropertyValueSpecification","valueRequired":true,"valueName":"search_term_string"}}],"inLanguage":"de"}]}},"_links":{"self":[{"href":"https:\/\/stayliepaja.lv\/de\/wp-json\/wp\/v2\/pages\/221","targetHints":{"allow":["GET"]}}],"collection":[{"href":"https:\/\/stayliepaja.lv\/de\/wp-json\/wp\/v2\/pages"}],"about":[{"href":"https:\/\/stayliepaja.lv\/de\/wp-json\/wp\/v2\/types\/page"}],"author":[{"embeddable":true,"href":"https:\/\/stayliepaja.lv\/de\/wp-json\/wp\/v2\/users\/1"}],"replies":[{"embeddable":true,"href":"https:\/\/stayliepaja.lv\/de\/wp-json\/wp\/v2\/comments?post=221"}],"version-history":[{"count":33,"href":"https:\/\/stayliepaja.lv\/de\/wp-json\/wp\/v2\/pages\/221\/revisions"}],"predecessor-version":[{"id":756,"href":"https:\/\/stayliepaja.lv\/de\/wp-json\/wp\/v2\/pages\/221\/revisions\/756"}],"wp:featuredmedia":[{"embeddable":true,"href":"https:\/\/stayliepaja.lv\/de\/wp-json\/wp\/v2\/media\/285"}],"wp:attachment":[{"href":"https:\/\/stayliepaja.lv\/de\/wp-json\/wp\/v2\/media?parent=221"}],"curies":[{"name":"wp","href":"https:\/\/api.w.org\/{rel}","templated":true}]}}