{"id":432,"date":"2022-04-09T06:35:00","date_gmt":"2022-04-09T06:35:00","guid":{"rendered":"https:\/\/stayliepaja.lv\/?page_id=432"},"modified":"2022-04-19T08:30:01","modified_gmt":"2022-04-19T08:30:01","slug":"buj","status":"publish","type":"page","link":"https:\/\/stayliepaja.lv\/de\/buj\/","title":{"rendered":"FAQ"},"content":{"rendered":"[et_pb_section fb_built=&#8221;1&#8243; theme_builder_area=&#8221;post_content&#8221; specialty=&#8221;on&#8221; _builder_version=&#8221;4.17.0&#8243; _module_preset=&#8221;default&#8221; custom_padding=&#8221;0px|||||&#8221;][et_pb_column type=&#8221;3_4&#8243; specialty_columns=&#8221;3&#8243; theme_builder_area=&#8221;post_content&#8221;][et_pb_row_inner _builder_version=&#8221;4.17.0&#8243; _module_preset=&#8221;default&#8221; theme_builder_area=&#8221;post_content&#8221;][et_pb_column_inner saved_specialty_column_type=&#8221;3_4&#8243; _builder_version=&#8221;4.17.0&#8243; _module_preset=&#8221;default&#8221; theme_builder_area=&#8221;post_content&#8221;][et_pb_text _builder_version=&#8221;4.17.0&#8243; _module_preset=&#8221;default&#8221; theme_builder_area=&#8221;post_content&#8221; hover_enabled=&#8221;0&#8243; sticky_enabled=&#8221;0&#8243;]<h3 class=\"LC20lb MBeuO DKV0Md\" style=\"text-align: left;\">H\u00e4ufig gestellte Fragen<\/h3>[\/et_pb_text][et_pb_accordion _builder_version=&#8221;4.17.0&#8243; _module_preset=&#8221;default&#8221; global_colors_info=&#8221;{}&#8221; theme_builder_area=&#8221;post_content&#8221;][et_pb_accordion_item title=&#8221;K\u0101 es varu samaks\u0101t?&#8221; open=&#8221;on&#8221; _builder_version=&#8221;4.17.0&#8243; _module_preset=&#8221;default&#8221; global_colors_info=&#8221;{}&#8221; theme_builder_area=&#8221;post_content&#8221;]<p><span>1. Mit \u00dcberpr\u00fcfung<\/span><\/p>\n<p><span>2. Mit Kreditkarte.<\/span><\/p>\n<p><span>3. Barzahlung.<\/span><\/p>[\/et_pb_accordion_item][et_pb_accordion_item title=&#8221;Vai es var\u0113\u0161u uzl\u0101d\u0113t savu elektroiek\u0101rtu, kam\u0113r palieku \u0161aj\u0101 \u012bpa\u0161um\u0101?&#8221; _builder_version=&#8221;4.17.0&#8243; _module_preset=&#8221;default&#8221; global_colors_info=&#8221;{}&#8221; theme_builder_area=&#8221;post_content&#8221; open=&#8221;off&#8221;]<p><span>Ja j\u016bs pl\u0101nojiet uzl\u0101d\u0113t savu elektronisko iek\u0101rtu visa laik\u0101 period\u0101, kam\u0113r paliekat \u012bpa\u0161um\u0101, l\u016bdzu g\u0101d\u0101jiet par atsevi\u0161\u0137o at\u013cauju tam un \u0146emiet v\u0113r\u0101, k\u0101 \u0161\u012bs pakalpojumu ar\u012b var\u0113tu b\u016bt par maksu &#8211; parasti 20-30 EUR ned\u0113\u013c\u0101, kam\u0113r j\u016bs to izmantojiet.<\/span><\/p>[\/et_pb_accordion_item][et_pb_accordion_item title=&#8221; Ar kuru man j\u0101kontakt\u0113jas, pirms iera\u0161anas?&#8221; _builder_version=&#8221;4.17.0&#8243; _module_preset=&#8221;default&#8221; global_colors_info=&#8221;{}&#8221; theme_builder_area=&#8221;post_content&#8221; open=&#8221;off&#8221;]<p><span>P\u0113c pilnas rezerv\u0101cijas apmaksas, J\u016bs sa\u0146emsiet fin\u0101lu apstiprin\u0101jumu, kas iek\u013cauj sev\u012b ce\u013ca nor\u0101des, k\u0101 nok\u013c\u016bt l\u012bdz j\u016bsu izv\u0113l\u0113tam \u012bpa\u0161umam un personas deta\u013cas, ar kuru Jums b\u016bs j\u0101sazin\u0101s pirms iera\u0161anas. K\u0101 ar\u012b, m\u0113s l\u016bdzam p\u0101ris dienas pirms iera\u0161anas uzzvan\u012bt \u0161im cilv\u0113kam u sarun\u0101t j\u016bsu aptuvenus iera\u0161anas laikus. J\u016bsu kontaktpersona pazi\u0146os jums, kur mekl\u0113t atsl\u0113gas vai atn\u0101ks uz tik\u0161anos, lai jums atdotu tos.<\/span><\/p>[\/et_pb_accordion_item][et_pb_accordion_item title=&#8221;K\u0101 veikt rezerv\u0101ciju?&#8221; _builder_version=&#8221;4.17.0&#8243; _module_preset=&#8221;default&#8221; global_colors_info=&#8221;{}&#8221; theme_builder_area=&#8221;post_content&#8221; open=&#8221;off&#8221;]<p><span>To var izdar\u012bt caur m\u016bsu m\u0101jaslapu vai partneriem.\u00a0<\/span><\/p>[\/et_pb_accordion_item][et_pb_accordion_item title=&#8221;Vai es varu atst\u0101t atsauksmi par manu izmitin\u0101\u0161anu?&#8221; _builder_version=&#8221;4.17.0&#8243; _module_preset=&#8221;default&#8221; global_colors_info=&#8221;{}&#8221; theme_builder_area=&#8221;post_content&#8221; open=&#8221;off&#8221;]<p><span>J\u0101, gad\u012bjum\u0101 ja J\u016bs atst\u0101siet sava e-pasta adresi, jums autom\u0101tiski tiks nos\u016bt\u012bta v\u0113stule ar anketu, kur\u0101 j\u016bs varat izteikt savu viedokli par to, k\u0101 j\u016bs pavad\u012bj\u0101t laiku m\u016bsu \u012bpa\u0161um\u0101. M\u0113s \u012bpa\u0161i nov\u0113rt\u0113jam j\u016bsu viedokli, jo uzskatam k\u0101 katrs klients sniedz mums v\u0113rt\u012bgo inform\u0101ciju par m\u016bsu servisa kvalit\u0101ti. Sa\u0146emtas atsauksmes m\u0113s izmantojam, lai veikt pa\u0161monitoringu un lai p\u0101rliecin\u0101tos, k\u0101 visi m\u016bsu klientu nov\u0113l\u0113jumi ir \u0146emti v\u0113r\u0101 un tiek atbild\u0113ti, k\u0101 ar\u012b, lai past\u0101v\u012bgi uzlaboties un pilnveidoties k\u0101 pakalpojuma sniedz\u0113ji. M\u0113s atspogu\u013cojam atsauksmes no iepriek\u0161\u0113jiem viesiem savos interneta resursos. M\u0113s l\u016bdzam, lai nos\u016bt\u012btas atsauksmes b\u016btu taisn\u012bgas, attiecin\u0101mas, juridiski pie\u0146emamas un aktu\u0101las, lai tos var\u0113tu t\u0101l\u0101k izmantot. StayLiepaja.lv atst\u0101j sev ties\u012bbas izlemt, kas no tiem tiks public\u0113ts.<\/span><\/p>[\/et_pb_accordion_item][et_pb_accordion_item title=&#8221;Vai m\u0113s varam sm\u0113\u0137iet \u012bpa\u0161umos?&#8221; _builder_version=&#8221;4.17.0&#8243; _module_preset=&#8221;default&#8221; global_colors_info=&#8221;{}&#8221; theme_builder_area=&#8221;post_content&#8221; open=&#8221;off&#8221;]<p><span>Visas m\u016bsu naktsm\u012btn\u0113s ir aizliegts sm\u0113\u0137\u0113t, j\u0101 nav min\u0113ts cit\u0101di. J\u0101 tas ir svar\u012bga opcija j\u016bsu palik\u0161anai, l\u016bdzu sazin\u0101ties ar mums, pirms veikt rezerv\u0101ciju.<\/span><\/p>[\/et_pb_accordion_item][et_pb_accordion_item title=&#8221;Vai past\u0101v iesp\u0113ja izmantot naktsm\u012btni ball\u012b\u0161u organiz\u0113\u0161anai?&#8221; _builder_version=&#8221;4.17.0&#8243; _module_preset=&#8221;default&#8221; global_colors_info=&#8221;{}&#8221; theme_builder_area=&#8221;post_content&#8221; open=&#8221;off&#8221;]<p><span>M\u016bsu komp\u0101nijas visp\u0101r\u012bg\u0101 politika ir t\u0101da, k\u0101 m\u0113s nelabpr\u0101t apstiprin\u0101m piepras\u012bjumus par ball\u012b\u0161u organiz\u0113\u0161anu, tom\u0113r grupas pas\u0101kumi atsevi\u0161\u0137os gad\u012bjumos var\u0113tu notikt. L\u016bdzam, paskaidrojiet savas v\u0113lmes, un, m\u0113s labpr\u0101t tos apspried\u012bsim ar Jums. Jauno cilv\u0113ku ball\u012btes ar\u012b ir \u012bpa\u0161uma saimnieka p\u0101rbaudes priek\u0161mets, kuru veiks pirms jebkuras rezerv\u0101cijas akcept\u0113\u0161anas. Piekri\u0161anas gad\u012bjum\u0101, \u012bpa\u0161nieks l\u016bgs atst\u0101t dro\u0161\u012bbas naudu rezerv\u0101cijas nodro\u0161in\u0101\u0161anai. Parasti to pie\u0146em skaidr\u0101 naud\u0101 iemitin\u0101\u0161anas laik\u0101 un t\u0101 tiek atgriezta piln\u0101 apm\u0113r\u0101 pirms izrakst\u012b\u0161anas no \u012bpa\u0161uma, ja netiks konstat\u0113ti k\u0101di boj\u0101jumi.<\/span><\/p>[\/et_pb_accordion_item][et_pb_accordion_item title=&#8221;Kas b\u016bs, ja es atcel\u0161u?&#8221; _builder_version=&#8221;4.17.0&#8243; _module_preset=&#8221;default&#8221; global_colors_info=&#8221;{}&#8221; theme_builder_area=&#8221;post_content&#8221; open=&#8221;off&#8221;]<p><span>Ja jums j\u0101atce\u013c j\u016bsu pl\u0101noto palik\u0161anu, m\u0113s l\u016bdzam j\u016bsu vado\u0161am grupas dal\u012bbniekam nos\u016bt\u012bt mums par to rakstisko apstiprin\u0101jumu, izmantojot epastu. Atcel\u0161anas gad\u012bjum\u0101 j\u016bs varat pretend\u0113t uz da\u013c\u0113jo palik\u0161anas maksas atgrie\u0161anu, bet rezerv\u0101cijas maksa un citi a\u0123entu izdevumi ir neatmaks\u0101jami. L\u016bdzu, skat\u0101ties noteikumus par rezerv\u0101cijam, lai noskaidrotu atmaksas apm\u0113rus.<\/span><\/p>[\/et_pb_accordion_item][et_pb_accordion_item title=&#8221;Kur\u0101 laik\u0101 es iem\u012btinos un izm\u012btinos no \u012bpa\u0161uma?&#8221; _builder_version=&#8221;4.17.0&#8243; _module_preset=&#8221;default&#8221; global_colors_info=&#8221;{}&#8221; theme_builder_area=&#8221;post_content&#8221; open=&#8221;off&#8221;]<p><span>Um die Unterkunft speziell f\u00fcr Ihre Ankunft ordentlich vorzubereiten, ist es wichtig, dass Sie p\u00fcnktlich und nicht fr\u00fcher ankommen. Die Anreise erfolgt in der Regel nach 17:00 Uhr, kann aber in einzelnen F\u00e4llen variieren. Die genaue Zeit wird in Ihrer finalen Buchungsbest\u00e4tigung angegeben. Die Abreisezeit ist vor 12:00 Uhr.<\/span><\/p>[\/et_pb_accordion_item][et_pb_accordion_item title=&#8221;Vai \u012bpa\u0161um\u0101 ir pieejama st\u0101vvieta?&#8221; _builder_version=&#8221;4.17.0&#8243; _module_preset=&#8221;default&#8221; global_colors_info=&#8221;{}&#8221; theme_builder_area=&#8221;post_content&#8221; open=&#8221;off&#8221;]<p><span>Atkar\u012bba no \u012bpa\u0161uma tipa, mums ir da\u017e\u0101das iesp\u0113jas automobi\u013cu izvieto\u0161anai. L\u016bdzu, kontakt\u0113ties ar mums, ja jums ir jaut\u0101jumi par \u0161o t\u0113mu.<\/span><\/p>[\/et_pb_accordion_item][et_pb_accordion_item title=&#8221;Kas notiks, ja kaut kas tiks saboj\u0101ts, kam\u0113r J\u016bs palik\u0101t \u012bpa\u0161um\u0101?&#8221; _builder_version=&#8221;4.17.0&#8243; _module_preset=&#8221;default&#8221; global_colors_info=&#8221;{}&#8221; theme_builder_area=&#8221;post_content&#8221; open=&#8221;off&#8221;]<p><span>\u012apa\u0161nieki patur pr\u0101t\u0101, k\u0101 var\u0113tu b\u016bt noteikta nodiluma kvantit\u0101te un parasti t\u0101 ir attiecin\u0101ma pret traukiem un stiklu. Gad\u012bjum\u0101 ja tom\u0113r kaut kas tika saboj\u0101ts, l\u016bdzu pazi\u0146ojiet par to \u012bpa\u0161niekam p\u0113c pirm\u0101s iesp\u0113jas, lai vi\u0146\u0161 var\u0113tu to salabot vai samain\u012bt laikus priek\u0161 citiem klientiem. Par nopietn\u0101kajiem incidentiem, kas saist\u012bti ar pakl\u0101jiem, sasistiem logiem un p\u0101r\u0113jo, no jums tiks piepras\u012bta naudas kompens\u0101cija.<\/span><\/p>[\/et_pb_accordion_item][et_pb_accordion_item title=&#8221;Vai mums vajadz\u0113tu izt\u012br\u012bt \u012bpa\u0161umu pirms izrakst\u012b\u0161anas no t\u0101?&#8221; _builder_version=&#8221;4.17.0&#8243; _module_preset=&#8221;default&#8221; global_colors_info=&#8221;{}&#8221; theme_builder_area=&#8221;post_content&#8221; open=&#8221;off&#8221;]<p><span>M\u0113s l\u016bdzam atst\u0101t \u012bpa\u0161umu t\u0101da pati st\u0101vokl\u012b un t\u012br\u012bb\u0101, k\u0101da t\u0101 bijusi j\u016bsu iemitin\u0101\u0161anas laik\u0101.<\/span><\/p>[\/et_pb_accordion_item][et_pb_accordion_item title=&#8221;Es varu izmitin\u0101t ar\u012b dz\u012bvniekus?&#8221; _builder_version=&#8221;4.17.0&#8243; _module_preset=&#8221;default&#8221; global_colors_info=&#8221;{}&#8221; theme_builder_area=&#8221;post_content&#8221; open=&#8221;off&#8221;]<p><span>Diem\u017e\u0113l, n\u0113. Dz\u012bvniekiem atrasties \u012bpa\u0161umom nav at\u013cauts.<\/span><\/p>[\/et_pb_accordion_item][et_pb_accordion_item title=&#8221;Piek\u013cuve internetam&#8221; _builder_version=&#8221;4.17.0&#8243; _module_preset=&#8221;default&#8221; global_colors_info=&#8221;{}&#8221; theme_builder_area=&#8221;post_content&#8221; open=&#8221;off&#8221;]<p><span>Da\u017e\u0101die \u012bpa\u0161umi pied\u0101v\u0101 da\u017e\u0101das interneta opcijas -starp tiem ir ar\u012b kabe\u013cu savienojums un wifi, kuriem katr\u0101 gad\u012bjum\u0101 ir savi ierobe\u017eojumi un lieto\u0161anas ties\u012bbas atkar\u012bba no konkr\u0113ta \u012bpa\u0161uma.<\/span><\/p>[\/et_pb_accordion_item][et_pb_accordion_item title=&#8221;Vai m\u0113s var\u0101m pieaicin\u0101t draugus, lai tie pie mums paliktu?&#8221; _builder_version=&#8221;4.17.0&#8243; _module_preset=&#8221;default&#8221; global_colors_info=&#8221;{}&#8221; theme_builder_area=&#8221;post_content&#8221; open=&#8221;off&#8221;]<p><span>J\u0101, tas ir iesp\u0113jams, vienk\u0101r\u0161i pabr\u012bdiniet m\u016bs iepriek\u0161 un m\u0113s iek\u013causim papildus cilv\u0113kus j\u016bsu rezerv\u0101cij\u0101, j\u0101 kop\u0113jais viesu skaits nep\u0101rsniedz maksim\u0101lo. J\u0101 kop\u0113jais viesu skaits p\u0101rsniedz maksim\u0101lo, l\u016bdzu apspriediet to ar \u012bpa\u0161nieku pirms veikt rezerv\u0101ciju un \u0146emiet v\u0113r\u0101, k\u0101 tas var\u0113tu notikt par papildus samaksu.<\/span><\/p>[\/et_pb_accordion_item][\/et_pb_accordion][\/et_pb_column_inner][\/et_pb_row_inner][\/et_pb_column][et_pb_column type=&#8221;1_4&#8243; theme_builder_area=&#8221;post_content&#8221;][et_pb_sidebar _builder_version=&#8221;4.17.0&#8243; _module_preset=&#8221;default&#8221; theme_builder_area=&#8221;post_content&#8221; show_border=&#8221;off&#8221; hover_enabled=&#8221;0&#8243; sticky_enabled=&#8221;0&#8243;][\/et_pb_sidebar][\/et_pb_column][\/et_pb_section]","protected":false},"excerpt":{"rendered":"<p>Bie\u017e\u0101k uzdotie jaut\u0101jumi1. Ar p\u0101rskat\u012bjumu 2. Ar kred\u012btkarti. 3. Skaidr\u0101 naud\u0101.Ja j\u016bs pl\u0101nojiet uzl\u0101d\u0113t savu elektronisko iek\u0101rtu visa laik\u0101 period\u0101, kam\u0113r paliekat \u012bpa\u0161um\u0101, l\u016bdzu g\u0101d\u0101jiet par atsevi\u0161\u0137o at\u013cauju tam un \u0146emiet v\u0113r\u0101, k\u0101 \u0161\u012bs pakalpojumu ar\u012b var\u0113tu b\u016bt par maksu &#8211; parasti 20-30 EUR ned\u0113\u013c\u0101, kam\u0113r j\u016bs to izmantojiet.P\u0113c pilnas rezerv\u0101cijas apmaksas, J\u016bs sa\u0146emsiet fin\u0101lu [&hellip;]<\/p>","protected":false},"author":1,"featured_media":502,"parent":0,"menu_order":0,"comment_status":"closed","ping_status":"closed","template":"","meta":{"_et_pb_use_builder":"on","_et_pb_old_content":"","_et_gb_content_width":"","footnotes":""},"class_list":["post-432","page","type-page","status-publish","has-post-thumbnail","hentry"],"yoast_head":"<!-- This site is optimized with the Yoast SEO plugin v27.3 - https:\/\/yoast.com\/product\/yoast-seo-wordpress\/ -->\n<title>BUJ - Stayliepaja.lv<\/title>\n<meta name=\"description\" content=\"BUJ. \u0160aj\u0101 sada\u013c\u0101 ir pieejamas atbildes uz bie\u017e\u0101k uzdotajiem jaut\u0101jumiem par StayLiepaja.lv iestp\u0113jam un t\u0101s pakalpojumiem.\" \/>\n<meta name=\"robots\" content=\"index, follow, max-snippet:-1, max-image-preview:large, max-video-preview:-1\" \/>\n<link rel=\"canonical\" href=\"https:\/\/stayliepaja.lv\/de\/buj\/\" \/>\n<meta property=\"og:locale\" content=\"de_DE\" \/>\n<meta property=\"og:type\" content=\"article\" \/>\n<meta property=\"og:title\" content=\"BUJ - Stayliepaja.lv\" \/>\n<meta property=\"og:description\" content=\"BUJ. \u0160aj\u0101 sada\u013c\u0101 ir pieejamas atbildes uz bie\u017e\u0101k uzdotajiem jaut\u0101jumiem par StayLiepaja.lv iestp\u0113jam un t\u0101s pakalpojumiem.\" \/>\n<meta property=\"og:url\" content=\"https:\/\/stayliepaja.lv\/de\/buj\/\" \/>\n<meta property=\"og:site_name\" content=\"Stayliepaja.lv\" \/>\n<meta property=\"article:modified_time\" content=\"2022-04-19T08:30:01+00:00\" \/>\n<meta property=\"og:image\" content=\"https:\/\/stayliepaja.lv\/wp-content\/uploads\/2022\/04\/BUJ.jpg\" \/>\n\t<meta property=\"og:image:width\" content=\"1024\" \/>\n\t<meta property=\"og:image:height\" content=\"979\" \/>\n\t<meta property=\"og:image:type\" content=\"image\/jpeg\" \/>\n<meta name=\"twitter:card\" content=\"summary_large_image\" \/>\n<meta name=\"twitter:label1\" content=\"Gesch\u00e4tzte Lesezeit\" \/>\n\t<meta name=\"twitter:data1\" content=\"4\u00a0Minuten\" \/>\n<script type=\"application\/ld+json\" class=\"yoast-schema-graph\">{\"@context\":\"https:\\\/\\\/schema.org\",\"@graph\":[{\"@type\":\"WebPage\",\"@id\":\"https:\\\/\\\/stayliepaja.lv\\\/buj\\\/\",\"url\":\"https:\\\/\\\/stayliepaja.lv\\\/buj\\\/\",\"name\":\"BUJ - Stayliepaja.lv\",\"isPartOf\":{\"@id\":\"https:\\\/\\\/stayliepaja.lv\\\/#website\"},\"primaryImageOfPage\":{\"@id\":\"https:\\\/\\\/stayliepaja.lv\\\/buj\\\/#primaryimage\"},\"image\":{\"@id\":\"https:\\\/\\\/stayliepaja.lv\\\/buj\\\/#primaryimage\"},\"thumbnailUrl\":\"https:\\\/\\\/stayliepaja.lv\\\/wp-content\\\/uploads\\\/2022\\\/04\\\/BUJ.jpg\",\"datePublished\":\"2022-04-09T06:35:00+00:00\",\"dateModified\":\"2022-04-19T08:30:01+00:00\",\"description\":\"BUJ. \u0160aj\u0101 sada\u013c\u0101 ir pieejamas atbildes uz bie\u017e\u0101k uzdotajiem jaut\u0101jumiem par StayLiepaja.lv iestp\u0113jam un t\u0101s pakalpojumiem.\",\"breadcrumb\":{\"@id\":\"https:\\\/\\\/stayliepaja.lv\\\/buj\\\/#breadcrumb\"},\"inLanguage\":\"de\",\"potentialAction\":[{\"@type\":\"ReadAction\",\"target\":[\"https:\\\/\\\/stayliepaja.lv\\\/buj\\\/\"]}]},{\"@type\":\"ImageObject\",\"inLanguage\":\"de\",\"@id\":\"https:\\\/\\\/stayliepaja.lv\\\/buj\\\/#primaryimage\",\"url\":\"https:\\\/\\\/stayliepaja.lv\\\/wp-content\\\/uploads\\\/2022\\\/04\\\/BUJ.jpg\",\"contentUrl\":\"https:\\\/\\\/stayliepaja.lv\\\/wp-content\\\/uploads\\\/2022\\\/04\\\/BUJ.jpg\",\"width\":1024,\"height\":979,\"caption\":\"BUJ\"},{\"@type\":\"BreadcrumbList\",\"@id\":\"https:\\\/\\\/stayliepaja.lv\\\/buj\\\/#breadcrumb\",\"itemListElement\":[{\"@type\":\"ListItem\",\"position\":1,\"name\":\"Home\",\"item\":\"https:\\\/\\\/stayliepaja.lv\\\/\"},{\"@type\":\"ListItem\",\"position\":2,\"name\":\"BUJ\"}]},{\"@type\":\"WebSite\",\"@id\":\"https:\\\/\\\/stayliepaja.lv\\\/#website\",\"url\":\"https:\\\/\\\/stayliepaja.lv\\\/\",\"name\":\"Stayliepaja.lv\",\"description\":\"Just another WordPress site\",\"potentialAction\":[{\"@type\":\"SearchAction\",\"target\":{\"@type\":\"EntryPoint\",\"urlTemplate\":\"https:\\\/\\\/stayliepaja.lv\\\/?s={search_term_string}\"},\"query-input\":{\"@type\":\"PropertyValueSpecification\",\"valueRequired\":true,\"valueName\":\"search_term_string\"}}],\"inLanguage\":\"de\"}]}<\/script>\n<!-- \/ Yoast SEO plugin. -->","yoast_head_json":{"title":"BUJ - Stayliepaja.lv","description":"BUJ. \u0160aj\u0101 sada\u013c\u0101 ir pieejamas atbildes uz bie\u017e\u0101k uzdotajiem jaut\u0101jumiem par StayLiepaja.lv iestp\u0113jam un t\u0101s pakalpojumiem.","robots":{"index":"index","follow":"follow","max-snippet":"max-snippet:-1","max-image-preview":"max-image-preview:large","max-video-preview":"max-video-preview:-1"},"canonical":"https:\/\/stayliepaja.lv\/de\/buj\/","og_locale":"de_DE","og_type":"article","og_title":"BUJ - Stayliepaja.lv","og_description":"BUJ. \u0160aj\u0101 sada\u013c\u0101 ir pieejamas atbildes uz bie\u017e\u0101k uzdotajiem jaut\u0101jumiem par StayLiepaja.lv iestp\u0113jam un t\u0101s pakalpojumiem.","og_url":"https:\/\/stayliepaja.lv\/de\/buj\/","og_site_name":"Stayliepaja.lv","article_modified_time":"2022-04-19T08:30:01+00:00","og_image":[{"width":1024,"height":979,"url":"https:\/\/stayliepaja.lv\/wp-content\/uploads\/2022\/04\/BUJ.jpg","type":"image\/jpeg"}],"twitter_card":"summary_large_image","twitter_misc":{"Gesch\u00e4tzte Lesezeit":"4\u00a0Minuten"},"schema":{"@context":"https:\/\/schema.org","@graph":[{"@type":"WebPage","@id":"https:\/\/stayliepaja.lv\/buj\/","url":"https:\/\/stayliepaja.lv\/buj\/","name":"BUJ - Stayliepaja.lv","isPartOf":{"@id":"https:\/\/stayliepaja.lv\/#website"},"primaryImageOfPage":{"@id":"https:\/\/stayliepaja.lv\/buj\/#primaryimage"},"image":{"@id":"https:\/\/stayliepaja.lv\/buj\/#primaryimage"},"thumbnailUrl":"https:\/\/stayliepaja.lv\/wp-content\/uploads\/2022\/04\/BUJ.jpg","datePublished":"2022-04-09T06:35:00+00:00","dateModified":"2022-04-19T08:30:01+00:00","description":"BUJ. \u0160aj\u0101 sada\u013c\u0101 ir pieejamas atbildes uz bie\u017e\u0101k uzdotajiem jaut\u0101jumiem par StayLiepaja.lv iestp\u0113jam un t\u0101s pakalpojumiem.","breadcrumb":{"@id":"https:\/\/stayliepaja.lv\/buj\/#breadcrumb"},"inLanguage":"de","potentialAction":[{"@type":"ReadAction","target":["https:\/\/stayliepaja.lv\/buj\/"]}]},{"@type":"ImageObject","inLanguage":"de","@id":"https:\/\/stayliepaja.lv\/buj\/#primaryimage","url":"https:\/\/stayliepaja.lv\/wp-content\/uploads\/2022\/04\/BUJ.jpg","contentUrl":"https:\/\/stayliepaja.lv\/wp-content\/uploads\/2022\/04\/BUJ.jpg","width":1024,"height":979,"caption":"BUJ"},{"@type":"BreadcrumbList","@id":"https:\/\/stayliepaja.lv\/buj\/#breadcrumb","itemListElement":[{"@type":"ListItem","position":1,"name":"Home","item":"https:\/\/stayliepaja.lv\/"},{"@type":"ListItem","position":2,"name":"BUJ"}]},{"@type":"WebSite","@id":"https:\/\/stayliepaja.lv\/#website","url":"https:\/\/stayliepaja.lv\/","name":"Stayliepaja.lv","description":"Just another WordPress site","potentialAction":[{"@type":"SearchAction","target":{"@type":"EntryPoint","urlTemplate":"https:\/\/stayliepaja.lv\/?s={search_term_string}"},"query-input":{"@type":"PropertyValueSpecification","valueRequired":true,"valueName":"search_term_string"}}],"inLanguage":"de"}]}},"_links":{"self":[{"href":"https:\/\/stayliepaja.lv\/de\/wp-json\/wp\/v2\/pages\/432","targetHints":{"allow":["GET"]}}],"collection":[{"href":"https:\/\/stayliepaja.lv\/de\/wp-json\/wp\/v2\/pages"}],"about":[{"href":"https:\/\/stayliepaja.lv\/de\/wp-json\/wp\/v2\/types\/page"}],"author":[{"embeddable":true,"href":"https:\/\/stayliepaja.lv\/de\/wp-json\/wp\/v2\/users\/1"}],"replies":[{"embeddable":true,"href":"https:\/\/stayliepaja.lv\/de\/wp-json\/wp\/v2\/comments?post=432"}],"version-history":[{"count":3,"href":"https:\/\/stayliepaja.lv\/de\/wp-json\/wp\/v2\/pages\/432\/revisions"}],"predecessor-version":[{"id":503,"href":"https:\/\/stayliepaja.lv\/de\/wp-json\/wp\/v2\/pages\/432\/revisions\/503"}],"wp:featuredmedia":[{"embeddable":true,"href":"https:\/\/stayliepaja.lv\/de\/wp-json\/wp\/v2\/media\/502"}],"wp:attachment":[{"href":"https:\/\/stayliepaja.lv\/de\/wp-json\/wp\/v2\/media?parent=432"}],"curies":[{"name":"wp","href":"https:\/\/api.w.org\/{rel}","templated":true}]}}