{"id":687,"date":"2026-04-06T10:36:05","date_gmt":"2026-04-06T10:36:05","guid":{"rendered":"https:\/\/stayliepaja.lv\/?page_id=687"},"modified":"2026-04-06T10:51:15","modified_gmt":"2026-04-06T10:51:15","slug":"dzivoklis-dzintaru-iela-88","status":"publish","type":"page","link":"https:\/\/stayliepaja.lv\/de\/viesu-majas\/dzivoklis-dzintaru-iela-88\/","title":{"rendered":"Dz\u012bvoklis Dzintaru iel\u0101 88"},"content":{"rendered":"<p>[et_pb_section fb_built=&#8221;1&#8243; specialty=&#8221;on&#8221; _builder_version=&#8221;4.16&#8243; _module_preset=&#8221;default&#8221; custom_padding=&#8221;5px||1px|||&#8221; global_colors_info=&#8221;{}&#8221;][et_pb_column type=&#8221;1_4&#8243; _builder_version=&#8221;4.16&#8243; custom_padding=&#8221;|||&#8221; global_colors_info=&#8221;{}&#8221; custom_padding__hover=&#8221;|||&#8221;][et_pb_code _builder_version=&#8221;4.27.5&#8243; _module_preset=&#8221;default&#8221; global_colors_info=&#8221;{}&#8221;]<\/p>\n<div id=\"smoobuApartment3254042de\" class=\"calendarWidget\">\n<div class=\"calendarContent\" data-load-calendar-url=\"https:\/\/login.smoobu.com\/de\/cockpit\/widget\/single-calendar\/3254042\" data-verification=\"a70c8c42bffc83954f38f6da0eef6c42c88f43a29301669bbe1aa5afdbf7bd1b\" data-baseurl=\"https:\/\/login.smoobu.com\" data-disable-css=\"false\" ><\/div>\n<p> <script type=\"text\/javascript\" src=\"https:\/\/login.smoobu.com\/js\/Apartment\/CalendarWidget.js\"><\/script><\/div>\n<p>[\/et_pb_code][et_pb_button button_url=&#8221;#reserve&#8221; button_text=&#8221;Rezerv\u0113t&#8230;&#8221; button_alignment=&#8221;center&#8221; _builder_version=&#8221;4.16&#8243; _module_preset=&#8221;default&#8221; global_colors_info=&#8221;{}&#8221;][\/et_pb_button][\/et_pb_column][et_pb_column type=&#8221;1_2&#8243; specialty_columns=&#8221;2&#8243; _builder_version=&#8221;4.16&#8243; custom_padding=&#8221;|||&#8221; global_colors_info=&#8221;{}&#8221; custom_padding__hover=&#8221;|||&#8221;][et_pb_row_inner use_custom_gutter=&#8221;on&#8221; gutter_width=&#8221;2&#8243; _builder_version=&#8221;4.16&#8243; _module_preset=&#8221;default&#8221; width=&#8221;100%&#8221; global_colors_info=&#8221;{}&#8221;][et_pb_column_inner saved_specialty_column_type=&#8221;1_2&#8243; _builder_version=&#8221;4.16&#8243; _module_preset=&#8221;default&#8221; global_colors_info=&#8221;{}&#8221;][et_pb_text _builder_version=&#8221;4.27.5&#8243; _module_preset=&#8221;default&#8221; custom_margin=&#8221;||10px||false|false&#8221; global_colors_info=&#8221;{}&#8221;]<\/p>\n<h3>D\u0101rgie viesi!<\/h3>\n<p>Laipni l\u016bgti dz\u012bvokl\u012b Dzinatu iel\u0101 88!<\/p>\n<p>[\/et_pb_text][et_pb_gallery gallery_ids=&#8221;729,732,731,730,728,727,726,725,724,723,722,721,720,719,718,717,716,715,714,713,712,711,710,733,709,708,707,706,705,704,703,702,701,700,699,698,697,696,695,694,693,692,691,690,688&#8243; fullwidth=&#8221;on&#8221; _builder_version=&#8221;4.27.5&#8243; _module_preset=&#8221;default&#8221; background_color=&#8221;#efefef&#8221; height=&#8221;370px&#8221; max_height=&#8221;370px&#8221; global_colors_info=&#8221;{}&#8221;][\/et_pb_gallery][et_pb_text _builder_version=&#8221;4.27.5&#8243; _module_preset=&#8221;default&#8221; global_colors_info=&#8221;{}&#8221;]<\/p>\n<p style=\"text-align: justify;\"><span>Dzintaru 88 apartamenti pied\u0101v\u0101 priv\u0101tu pludmales zonu un bezmaksas WiFi, un atrodas ide\u0101l\u0101 viet\u0101 Liep\u0101j\u0101, net\u0101lu no Liep\u0101jas pludmales, Sv\u0113t\u0101s Annas bazn\u012bcas un Spoku koka. \u012apa\u0161ums atrodas aptuveni 1,6 km no Sv\u0113t\u0101 J\u0101zepa katedr\u0101les, 1,8 km no br\u012bvdabas koncertz\u0101les &#8220;Put, v\u0113ji\u0146i!&#8221; un 2,2 km no Liep\u0101jas muzeja. \u012apa\u0161um\u0101 sm\u0113\u0137\u0113\u0161ana ir aizliegta, un tas atrodas 1,9 km att\u0101lum\u0101 no Latvijas m\u016bzi\u0137u Slavas alejas. Apartamentos ir 1 gu\u013camistaba, 1 vannas istaba, gultas ve\u013ca, dvie\u013ci, plakan\u0101 ekr\u0101na televizors ar kabe\u013ctelev\u012bzijas kan\u0101liem, \u0113damzona, piln\u012bb\u0101 apr\u012bkota virtuve un balkons ar skatu uz pils\u0113tu. Papildu priv\u0101tumam \u012bpa\u0161umam ir atsevi\u0161\u0137a ieeja. Ro\u017eu laukums atrodas 2,3 km no apartamentiem, bet Liep\u0101jas Sv\u0113t\u0101s Tr\u012bsvien\u012bbas katedr\u0101le \u2014 2,5 km att\u0101lum\u0101.<\/span><\/p>\n<p>[\/et_pb_text][\/et_pb_column_inner][\/et_pb_row_inner][\/et_pb_column][et_pb_column type=&#8221;1_4&#8243; _builder_version=&#8221;4.16&#8243; custom_padding=&#8221;|||&#8221; global_colors_info=&#8221;{}&#8221; custom_padding__hover=&#8221;|||&#8221;][et_pb_sidebar show_border=&#8221;off&#8221; _builder_version=&#8221;4.16&#8243; _module_preset=&#8221;default&#8221; global_colors_info=&#8221;{}&#8221;][\/et_pb_sidebar][\/et_pb_column][\/et_pb_section][et_pb_section fb_built=&#8221;1&#8243; _builder_version=&#8221;4.16&#8243; _module_preset=&#8221;default&#8221; global_colors_info=&#8221;{}&#8221;][et_pb_row use_custom_gutter=&#8221;on&#8221; gutter_width=&#8221;2&#8243; _builder_version=&#8221;4.16&#8243; _module_preset=&#8221;default&#8221; width=&#8221;100%&#8221; custom_padding=&#8221;2px|||||&#8221; global_colors_info=&#8221;{}&#8221;][et_pb_column type=&#8221;4_4&#8243; _builder_version=&#8221;4.16&#8243; _module_preset=&#8221;default&#8221; global_colors_info=&#8221;{}&#8221;][et_pb_tabs _builder_version=&#8221;4.27.5&#8243; _module_preset=&#8221;default&#8221; global_colors_info=&#8221;{}&#8221;][et_pb_tab title=&#8221;Dz\u012bvok\u013ca apraksts&#8221; _builder_version=&#8221;4.27.5&#8243; _module_preset=&#8221;default&#8221; global_colors_info=&#8221;{}&#8221;]<\/p>\n<h2 class=\"font-claude-response-body break-words whitespace-normal leading-[1.7]\"><strong>Dzintaru 88 apartamenta apr\u012bkojums un \u0113rt\u012bbas<\/strong><\/h2>\n<h3 class=\"font-claude-response-body break-words whitespace-normal leading-[1.7]\"><strong>Autost\u0101vvieta<\/strong><\/h3>\n<p class=\"font-claude-response-body break-words whitespace-normal leading-[1.7]\">Pie m\u0101jas ir pieejama bezmaksas ielu autost\u0101vvieta. L\u016bdzu, \u0146emiet v\u0113r\u0101, ka vietu rezerv\u0113\u0161ana nav iesp\u0113jama \u2014 st\u0101vvietas pieejamas p\u0113c principa &#8220;kas pirmais brauc&#8221;.<\/p>\n<h3 class=\"font-claude-response-body break-words whitespace-normal leading-[1.7]\"><strong>Internets<\/strong><\/h3>\n<p class=\"font-claude-response-body break-words whitespace-normal leading-[1.7]\">Vis\u0101s apartamenta telp\u0101s ir pieejams bezmaksas Wi-Fi t\u012bkls.<\/p>\n<h3 class=\"font-claude-response-body break-words whitespace-normal leading-[1.7]\"><strong>Virtuve<\/strong><\/h3>\n<p class=\"font-claude-response-body break-words whitespace-normal leading-[1.7]\">Apartament\u0101 ir piln\u012bb\u0101 apr\u012bkota virtuve ar visu nepiecie\u0161amo \u0113diena pagatavo\u0161anai. Apr\u012bkojum\u0101 ietilpst:<\/p>\n<ul class=\"[li_&amp;]:mb-0 [li_&amp;]:mt-1 [li_&amp;]:gap-1 [&amp;:not(:last-child)_ul]:pb-1 [&amp;:not(:last-child)_ol]:pb-1 list-disc flex flex-col gap-1 pl-8 mb-3\">\n<li class=\"whitespace-normal break-words pl-2\">ledusskapis<\/li>\n<li class=\"whitespace-normal break-words pl-2\">mikrovi\u013c\u0146u kr\u0101sns<\/li>\n<li class=\"whitespace-normal break-words pl-2\">elektrisk\u0101 pl\u012bts ar cepe\u0161kr\u0101sni<\/li>\n<li class=\"whitespace-normal break-words pl-2\">elektrisk\u0101 t\u0113jkanna<\/li>\n<li class=\"whitespace-normal break-words pl-2\">tosters<\/li>\n<li class=\"whitespace-normal break-words pl-2\">virtuves piederumi un trauki<\/li>\n<li class=\"whitespace-normal break-words pl-2\">\u0113damgalds<\/li>\n<li class=\"whitespace-normal break-words pl-2\">t\u012br\u012b\u0161anas l\u012bdzek\u013ci<\/li>\n<\/ul>\n<p class=\"font-claude-response-body break-words whitespace-normal leading-[1.7]\">Virtuv\u0113 ir ar\u012b ve\u013cas ma\u0161\u012bna, kas ir piesl\u0113gta un gatava lieto\u0161anai.<\/p>\n<h3 class=\"font-claude-response-body break-words whitespace-normal leading-[1.7]\"><strong>Viesistaba\/Gu\u013camistaba<\/strong><\/h3>\n<p class=\"font-claude-response-body break-words whitespace-normal leading-[1.7]\">Viesistab\u0101 atrodas d\u012bv\u0101ns, ir nodro\u0161in\u0101ta t\u012bra gultas ve\u013ca. Pieejams ar\u012b dr\u0113bju skapis. Papildus \u0113rt\u012bb\u0101m \u2014 kontaktligzda pie gultas, d\u012bv\u0101ngulta, saliekam\u0101 gulta un dr\u0113bju pakaramais stat\u012bvs.<\/p>\n<h3 class=\"font-claude-response-body break-words whitespace-normal leading-[1.7]\"><strong>Vannas istaba<\/strong><\/h3>\n<p class=\"font-claude-response-body break-words whitespace-normal leading-[1.7]\">Apartament\u0101 ir priv\u0101ta vannas istaba ar du\u0161u. Nodro\u0161in\u0101ti dvie\u013ci, tualetes pap\u012brs un f\u0113ns.<\/p>\n<h3 class=\"font-claude-response-body break-words whitespace-normal leading-[1.7]\"><strong>Telev\u012bzija un tehnolo\u0123ijas<\/strong><\/h3>\n<p class=\"font-claude-response-body break-words whitespace-normal leading-[1.7]\">Apartament\u0101 ir plakan\u0101 ekr\u0101na televizors ar kabe\u013ctelev\u012bzijas kan\u0101liem.<\/p>\n<h3 class=\"font-claude-response-body break-words whitespace-normal leading-[1.7]\"><strong>Balkons<\/strong><\/h3>\n<p class=\"font-claude-response-body break-words whitespace-normal leading-[1.7]\">Apartamentam ir balkons ar skatu uz pils\u0113tu \u2014 lieliska vieta r\u012bta kafijai vai vakara atp\u016btai.<\/p>\n<h3 class=\"font-claude-response-body break-words whitespace-normal leading-[1.7]\"><strong>Gludin\u0101\u0161ana un ve\u013cas \u017e\u0101v\u0113\u0161ana<\/strong><\/h3>\n<p class=\"font-claude-response-body break-words whitespace-normal leading-[1.7]\">Apartament\u0101 ir gludeklis un gludin\u0101mais d\u0113lis, k\u0101 ar\u012b ve\u013cas \u017e\u0101v\u0113t\u0101js.<\/p>\n<h3 class=\"font-claude-response-body break-words whitespace-normal leading-[1.7]\"><strong>Apkure<\/strong><\/h3>\n<p class=\"font-claude-response-body break-words whitespace-normal leading-[1.7]\">Apartaments ir apr\u012bkots ar apkures sist\u0113mu, nodro\u0161inot komfortu ar\u012b v\u0113s\u0101kaj\u0101 gadalaik\u0101.<\/p>\n<h3 class=\"font-claude-response-body break-words whitespace-normal leading-[1.7]\"><strong>Dro\u0161\u012bba<\/strong><\/h3>\n<p class=\"font-claude-response-body break-words whitespace-normal leading-[1.7]\">Apartament\u0101 ir uzst\u0101d\u012bti d\u016bmu detektori. Ieeja tiek nodro\u0161in\u0101ta ar atsl\u0113gu.<\/p>\n<h3 class=\"font-claude-response-body break-words whitespace-normal leading-[1.7]\"><strong>\u0122imen\u0113m draudz\u012bgs<\/strong><\/h3>\n<p class=\"font-claude-response-body break-words whitespace-normal leading-[1.7]\">Apartaments ir piem\u0113rots \u0123imen\u0113m \u2014 pieejamas \u0123imenes istabas un plakan\u0101 ekr\u0101na televizors.<\/p>\n<h3 class=\"font-claude-response-body break-words whitespace-normal leading-[1.7]\"><strong>Nesm\u0113\u0137\u0113\u0161anas politika<\/strong><\/h3>\n<p class=\"font-claude-response-body break-words whitespace-normal leading-[1.7]\">Sm\u0113\u0137\u0113\u0161ana vis\u0101 apartamenta teritorij\u0101 ir stingri aizliegta.<\/p>\n<h3 class=\"font-claude-response-body break-words whitespace-normal leading-[1.7]\"><strong>Valodas<\/strong><\/h3>\n<p class=\"font-claude-response-body break-words whitespace-normal leading-[1.7]\">Saimnieki sazin\u0101s latvie\u0161u, ang\u013cu un krievu valod\u0101.<\/p>\n<p>[\/et_pb_tab][\/et_pb_tabs][et_pb_code module_id=&#8221;reserve&#8221; _builder_version=&#8221;4.27.5&#8243; _module_preset=&#8221;default&#8221; custom_margin=&#8221;0px|0px|0px|0px|false|false&#8221; custom_padding=&#8221;0px|0px|0px|0px|false|false&#8221; hover_enabled=&#8221;0&#8243; global_colors_info=&#8221;{}&#8221; sticky_enabled=&#8221;0&#8243;]<\/p>\n<div id=\"apartmentIframe3254042\"><!-- [et_pb_line_break_holder] --><script type=\"text\/javascript\" src=\"https:\/\/login.smoobu.com\/js\/Settings\/BookingToolIframe.js\"><\/script><!-- [et_pb_line_break_holder] --><script>BookingToolIframe.initialize({\"url\": \"https:\/\/login.smoobu.com\/en\/booking-tool\/iframe\/334819\/3254042\", \"baseUrl\": \"https:\/\/login.smoobu.com\", \"target\": \"#apartmentIframe3254042\"})<\/script><!-- [et_pb_line_break_holder] --><\/div>\n<p>[\/et_pb_code][\/et_pb_column][\/et_pb_row][\/et_pb_section]<\/p>","protected":false},"excerpt":{"rendered":"<p>D\u0101rgie viesi! Laipni l\u016bgti dz\u012bvokl\u012b Dzinatu iel\u0101 88!Dzintaru 88 apartamenti pied\u0101v\u0101 priv\u0101tu pludmales zonu un bezmaksas WiFi, un atrodas ide\u0101l\u0101 viet\u0101 Liep\u0101j\u0101, net\u0101lu no Liep\u0101jas pludmales, Sv\u0113t\u0101s Annas bazn\u012bcas un Spoku koka. \u012apa\u0161ums atrodas aptuveni 1,6 km no Sv\u0113t\u0101 J\u0101zepa katedr\u0101les, 1,8 km no br\u012bvdabas koncertz\u0101les &#8220;Put, v\u0113ji\u0146i!&#8221; un 2,2 km no Liep\u0101jas muzeja. \u012apa\u0161um\u0101 [&hellip;]<\/p>","protected":false},"author":2,"featured_media":729,"parent":15,"menu_order":0,"comment_status":"closed","ping_status":"closed","template":"","meta":{"_et_pb_use_builder":"on","_et_pb_old_content":"<!-- wp:divi\/placeholder \/-->","_et_gb_content_width":"","footnotes":""},"class_list":["post-687","page","type-page","status-publish","has-post-thumbnail","hentry"],"yoast_head":"<!-- This site is optimized with the Yoast SEO plugin v27.3 - https:\/\/yoast.com\/product\/yoast-seo-wordpress\/ -->\n<title>Dz\u012bvoklis Dzintaru iel\u0101 88 - Stayliepaja.lv<\/title>\n<meta name=\"description\" content=\"Viesu M\u0101ja ir izvietota klus\u0101 viet\u0101 Liep\u0101j\u0101, 600 m no gleznain\u0101s piekrastes ar baltaj\u0101m smilt\u012bm, tuvu tirdzniec\u012bbas centram.\" \/>\n<meta name=\"robots\" content=\"index, follow, max-snippet:-1, max-image-preview:large, max-video-preview:-1\" \/>\n<link rel=\"canonical\" href=\"https:\/\/stayliepaja.lv\/de\/viesu-majas\/dzivoklis-dzintaru-iela-88\/\" \/>\n<meta property=\"og:locale\" content=\"de_DE\" \/>\n<meta property=\"og:type\" content=\"article\" \/>\n<meta property=\"og:title\" content=\"Dz\u012bvoklis Dzintaru iel\u0101 88 - Stayliepaja.lv\" \/>\n<meta property=\"og:description\" content=\"Viesu M\u0101ja ir izvietota klus\u0101 viet\u0101 Liep\u0101j\u0101, 600 m no gleznain\u0101s piekrastes ar baltaj\u0101m smilt\u012bm, tuvu tirdzniec\u012bbas centram.\" \/>\n<meta property=\"og:url\" content=\"https:\/\/stayliepaja.lv\/de\/viesu-majas\/dzivoklis-dzintaru-iela-88\/\" \/>\n<meta property=\"og:site_name\" content=\"Stayliepaja.lv\" \/>\n<meta property=\"article:modified_time\" content=\"2026-04-06T10:51:15+00:00\" \/>\n<meta property=\"og:image\" content=\"https:\/\/stayliepaja.lv\/wp-content\/uploads\/2026\/04\/Dzintaru-88-living-room2.jpeg\" \/>\n\t<meta property=\"og:image:width\" content=\"2000\" \/>\n\t<meta property=\"og:image:height\" content=\"1500\" \/>\n\t<meta property=\"og:image:type\" content=\"image\/jpeg\" \/>\n<meta name=\"twitter:card\" content=\"summary_large_image\" \/>\n<meta name=\"twitter:label1\" content=\"Gesch\u00e4tzte Lesezeit\" \/>\n\t<meta name=\"twitter:data1\" content=\"9\u00a0Minuten\" \/>\n<script type=\"application\/ld+json\" class=\"yoast-schema-graph\">{\"@context\":\"https:\\\/\\\/schema.org\",\"@graph\":[{\"@type\":\"WebPage\",\"@id\":\"https:\\\/\\\/stayliepaja.lv\\\/viesu-majas\\\/dzivoklis-dzintaru-iela-88\\\/\",\"url\":\"https:\\\/\\\/stayliepaja.lv\\\/viesu-majas\\\/dzivoklis-dzintaru-iela-88\\\/\",\"name\":\"Dz\u012bvoklis Dzintaru iel\u0101 88 - Stayliepaja.lv\",\"isPartOf\":{\"@id\":\"https:\\\/\\\/stayliepaja.lv\\\/#website\"},\"primaryImageOfPage\":{\"@id\":\"https:\\\/\\\/stayliepaja.lv\\\/viesu-majas\\\/dzivoklis-dzintaru-iela-88\\\/#primaryimage\"},\"image\":{\"@id\":\"https:\\\/\\\/stayliepaja.lv\\\/viesu-majas\\\/dzivoklis-dzintaru-iela-88\\\/#primaryimage\"},\"thumbnailUrl\":\"https:\\\/\\\/stayliepaja.lv\\\/wp-content\\\/uploads\\\/2026\\\/04\\\/Dzintaru-88-living-room2.jpeg\",\"datePublished\":\"2026-04-06T10:36:05+00:00\",\"dateModified\":\"2026-04-06T10:51:15+00:00\",\"description\":\"Viesu M\u0101ja ir izvietota klus\u0101 viet\u0101 Liep\u0101j\u0101, 600 m no gleznain\u0101s piekrastes ar baltaj\u0101m smilt\u012bm, tuvu tirdzniec\u012bbas centram.\",\"breadcrumb\":{\"@id\":\"https:\\\/\\\/stayliepaja.lv\\\/viesu-majas\\\/dzivoklis-dzintaru-iela-88\\\/#breadcrumb\"},\"inLanguage\":\"de\",\"potentialAction\":[{\"@type\":\"ReadAction\",\"target\":[\"https:\\\/\\\/stayliepaja.lv\\\/viesu-majas\\\/dzivoklis-dzintaru-iela-88\\\/\"]}]},{\"@type\":\"ImageObject\",\"inLanguage\":\"de\",\"@id\":\"https:\\\/\\\/stayliepaja.lv\\\/viesu-majas\\\/dzivoklis-dzintaru-iela-88\\\/#primaryimage\",\"url\":\"https:\\\/\\\/stayliepaja.lv\\\/wp-content\\\/uploads\\\/2026\\\/04\\\/Dzintaru-88-living-room2.jpeg\",\"contentUrl\":\"https:\\\/\\\/stayliepaja.lv\\\/wp-content\\\/uploads\\\/2026\\\/04\\\/Dzintaru-88-living-room2.jpeg\",\"width\":2000,\"height\":1500},{\"@type\":\"BreadcrumbList\",\"@id\":\"https:\\\/\\\/stayliepaja.lv\\\/viesu-majas\\\/dzivoklis-dzintaru-iela-88\\\/#breadcrumb\",\"itemListElement\":[{\"@type\":\"ListItem\",\"position\":1,\"name\":\"Home\",\"item\":\"https:\\\/\\\/stayliepaja.lv\\\/\"},{\"@type\":\"ListItem\",\"position\":2,\"name\":\"Apartamenti\",\"item\":\"https:\\\/\\\/stayliepaja.lv\\\/viesu-majas\\\/\"},{\"@type\":\"ListItem\",\"position\":3,\"name\":\"Dz\u012bvoklis Dzintaru iel\u0101 88\"}]},{\"@type\":\"WebSite\",\"@id\":\"https:\\\/\\\/stayliepaja.lv\\\/#website\",\"url\":\"https:\\\/\\\/stayliepaja.lv\\\/\",\"name\":\"Stayliepaja.lv\",\"description\":\"Just another WordPress site\",\"potentialAction\":[{\"@type\":\"SearchAction\",\"target\":{\"@type\":\"EntryPoint\",\"urlTemplate\":\"https:\\\/\\\/stayliepaja.lv\\\/?s={search_term_string}\"},\"query-input\":{\"@type\":\"PropertyValueSpecification\",\"valueRequired\":true,\"valueName\":\"search_term_string\"}}],\"inLanguage\":\"de\"}]}<\/script>\n<!-- \/ Yoast SEO plugin. -->","yoast_head_json":{"title":"Dz\u012bvoklis Dzintaru iel\u0101 88 - Stayliepaja.lv","description":"Viesu M\u0101ja ir izvietota klus\u0101 viet\u0101 Liep\u0101j\u0101, 600 m no gleznain\u0101s piekrastes ar baltaj\u0101m smilt\u012bm, tuvu tirdzniec\u012bbas centram.","robots":{"index":"index","follow":"follow","max-snippet":"max-snippet:-1","max-image-preview":"max-image-preview:large","max-video-preview":"max-video-preview:-1"},"canonical":"https:\/\/stayliepaja.lv\/de\/viesu-majas\/dzivoklis-dzintaru-iela-88\/","og_locale":"de_DE","og_type":"article","og_title":"Dz\u012bvoklis Dzintaru iel\u0101 88 - Stayliepaja.lv","og_description":"Viesu M\u0101ja ir izvietota klus\u0101 viet\u0101 Liep\u0101j\u0101, 600 m no gleznain\u0101s piekrastes ar baltaj\u0101m smilt\u012bm, tuvu tirdzniec\u012bbas centram.","og_url":"https:\/\/stayliepaja.lv\/de\/viesu-majas\/dzivoklis-dzintaru-iela-88\/","og_site_name":"Stayliepaja.lv","article_modified_time":"2026-04-06T10:51:15+00:00","og_image":[{"width":2000,"height":1500,"url":"https:\/\/stayliepaja.lv\/wp-content\/uploads\/2026\/04\/Dzintaru-88-living-room2.jpeg","type":"image\/jpeg"}],"twitter_card":"summary_large_image","twitter_misc":{"Gesch\u00e4tzte Lesezeit":"9\u00a0Minuten"},"schema":{"@context":"https:\/\/schema.org","@graph":[{"@type":"WebPage","@id":"https:\/\/stayliepaja.lv\/viesu-majas\/dzivoklis-dzintaru-iela-88\/","url":"https:\/\/stayliepaja.lv\/viesu-majas\/dzivoklis-dzintaru-iela-88\/","name":"Dz\u012bvoklis Dzintaru iel\u0101 88 - Stayliepaja.lv","isPartOf":{"@id":"https:\/\/stayliepaja.lv\/#website"},"primaryImageOfPage":{"@id":"https:\/\/stayliepaja.lv\/viesu-majas\/dzivoklis-dzintaru-iela-88\/#primaryimage"},"image":{"@id":"https:\/\/stayliepaja.lv\/viesu-majas\/dzivoklis-dzintaru-iela-88\/#primaryimage"},"thumbnailUrl":"https:\/\/stayliepaja.lv\/wp-content\/uploads\/2026\/04\/Dzintaru-88-living-room2.jpeg","datePublished":"2026-04-06T10:36:05+00:00","dateModified":"2026-04-06T10:51:15+00:00","description":"Viesu M\u0101ja ir izvietota klus\u0101 viet\u0101 Liep\u0101j\u0101, 600 m no gleznain\u0101s piekrastes ar baltaj\u0101m smilt\u012bm, tuvu tirdzniec\u012bbas centram.","breadcrumb":{"@id":"https:\/\/stayliepaja.lv\/viesu-majas\/dzivoklis-dzintaru-iela-88\/#breadcrumb"},"inLanguage":"de","potentialAction":[{"@type":"ReadAction","target":["https:\/\/stayliepaja.lv\/viesu-majas\/dzivoklis-dzintaru-iela-88\/"]}]},{"@type":"ImageObject","inLanguage":"de","@id":"https:\/\/stayliepaja.lv\/viesu-majas\/dzivoklis-dzintaru-iela-88\/#primaryimage","url":"https:\/\/stayliepaja.lv\/wp-content\/uploads\/2026\/04\/Dzintaru-88-living-room2.jpeg","contentUrl":"https:\/\/stayliepaja.lv\/wp-content\/uploads\/2026\/04\/Dzintaru-88-living-room2.jpeg","width":2000,"height":1500},{"@type":"BreadcrumbList","@id":"https:\/\/stayliepaja.lv\/viesu-majas\/dzivoklis-dzintaru-iela-88\/#breadcrumb","itemListElement":[{"@type":"ListItem","position":1,"name":"Home","item":"https:\/\/stayliepaja.lv\/"},{"@type":"ListItem","position":2,"name":"Apartamenti","item":"https:\/\/stayliepaja.lv\/viesu-majas\/"},{"@type":"ListItem","position":3,"name":"Dz\u012bvoklis Dzintaru iel\u0101 88"}]},{"@type":"WebSite","@id":"https:\/\/stayliepaja.lv\/#website","url":"https:\/\/stayliepaja.lv\/","name":"Stayliepaja.lv","description":"Just another WordPress site","potentialAction":[{"@type":"SearchAction","target":{"@type":"EntryPoint","urlTemplate":"https:\/\/stayliepaja.lv\/?s={search_term_string}"},"query-input":{"@type":"PropertyValueSpecification","valueRequired":true,"valueName":"search_term_string"}}],"inLanguage":"de"}]}},"_links":{"self":[{"href":"https:\/\/stayliepaja.lv\/de\/wp-json\/wp\/v2\/pages\/687","targetHints":{"allow":["GET"]}}],"collection":[{"href":"https:\/\/stayliepaja.lv\/de\/wp-json\/wp\/v2\/pages"}],"about":[{"href":"https:\/\/stayliepaja.lv\/de\/wp-json\/wp\/v2\/types\/page"}],"author":[{"embeddable":true,"href":"https:\/\/stayliepaja.lv\/de\/wp-json\/wp\/v2\/users\/2"}],"replies":[{"embeddable":true,"href":"https:\/\/stayliepaja.lv\/de\/wp-json\/wp\/v2\/comments?post=687"}],"version-history":[{"count":4,"href":"https:\/\/stayliepaja.lv\/de\/wp-json\/wp\/v2\/pages\/687\/revisions"}],"predecessor-version":[{"id":743,"href":"https:\/\/stayliepaja.lv\/de\/wp-json\/wp\/v2\/pages\/687\/revisions\/743"}],"up":[{"embeddable":true,"href":"https:\/\/stayliepaja.lv\/de\/wp-json\/wp\/v2\/pages\/15"}],"wp:featuredmedia":[{"embeddable":true,"href":"https:\/\/stayliepaja.lv\/de\/wp-json\/wp\/v2\/media\/729"}],"wp:attachment":[{"href":"https:\/\/stayliepaja.lv\/de\/wp-json\/wp\/v2\/media?parent=687"}],"curies":[{"name":"wp","href":"https:\/\/api.w.org\/{rel}","templated":true}]}}