{"id":432,"date":"2022-04-09T06:35:00","date_gmt":"2022-04-09T06:35:00","guid":{"rendered":"https:\/\/stayliepaja.lv\/?page_id=432"},"modified":"2022-04-19T08:30:01","modified_gmt":"2022-04-19T08:30:01","slug":"buj","status":"publish","type":"page","link":"https:\/\/stayliepaja.lv\/en\/buj\/","title":{"rendered":"FAQ"},"content":{"rendered":"[et_pb_section fb_built=&#8221;1&#8243; theme_builder_area=&#8221;post_content&#8221; specialty=&#8221;on&#8221; _builder_version=&#8221;4.17.0&#8243; _module_preset=&#8221;default&#8221; custom_padding=&#8221;0px|||||&#8221;][et_pb_column type=&#8221;3_4&#8243; specialty_columns=&#8221;3&#8243; theme_builder_area=&#8221;post_content&#8221;][et_pb_row_inner _builder_version=&#8221;4.17.0&#8243; _module_preset=&#8221;default&#8221; theme_builder_area=&#8221;post_content&#8221;][et_pb_column_inner saved_specialty_column_type=&#8221;3_4&#8243; _builder_version=&#8221;4.17.0&#8243; _module_preset=&#8221;default&#8221; theme_builder_area=&#8221;post_content&#8221;][et_pb_text _builder_version=&#8221;4.17.0&#8243; _module_preset=&#8221;default&#8221; theme_builder_area=&#8221;post_content&#8221; hover_enabled=&#8221;0&#8243; sticky_enabled=&#8221;0&#8243;]<h3 class=\"LC20lb MBeuO DKV0Md\" style=\"text-align: left;\">Frequently asked questions<\/h3>[\/et_pb_text][et_pb_accordion _builder_version=&#8221;4.17.0&#8243; _module_preset=&#8221;default&#8221; global_colors_info=&#8221;{}&#8221; theme_builder_area=&#8221;post_content&#8221;][et_pb_accordion_item title=&#8221;K\u0101 es varu samaks\u0101t?&#8221; open=&#8221;on&#8221; _builder_version=&#8221;4.17.0&#8243; _module_preset=&#8221;default&#8221; global_colors_info=&#8221;{}&#8221; theme_builder_area=&#8221;post_content&#8221;]<p><span>1. Wire transfer<\/span><\/p>\n<p><span>2. By caredit card.<\/span><\/p>\n<p><span>3. Cash<\/span><\/p>[\/et_pb_accordion_item][et_pb_accordion_item title=&#8221;Vai es var\u0113\u0161u uzl\u0101d\u0113t savu elektroiek\u0101rtu, kam\u0113r palieku \u0161aj\u0101 \u012bpa\u0161um\u0101?&#8221; _builder_version=&#8221;4.17.0&#8243; _module_preset=&#8221;default&#8221; global_colors_info=&#8221;{}&#8221; theme_builder_area=&#8221;post_content&#8221; open=&#8221;off&#8221;]<p><span>If you plan to charge your electronic equipment at all times while you remain in possession, please take care of a separate permit and note that this service may also be subject to a charge - usually \u20ac 20-30 per week while you use it.<\/span><\/p>[\/et_pb_accordion_item][et_pb_accordion_item title=&#8221; Ar kuru man j\u0101kontakt\u0113jas, pirms iera\u0161anas?&#8221; _builder_version=&#8221;4.17.0&#8243; _module_preset=&#8221;default&#8221; global_colors_info=&#8221;{}&#8221; theme_builder_area=&#8221;post_content&#8221; open=&#8221;off&#8221;]<p><span>After paying for the reservation in full, you will receive a final confirmation, which includes directions to your chosen property and personal details you will need to contact before arrival. Also, please call this person a few days before arrival to discuss your estimated time of arrival. Your contact will tell you where to look for the keys or come to an appointment to return them to you.<\/span><\/p>[\/et_pb_accordion_item][et_pb_accordion_item title=&#8221;K\u0101 veikt rezerv\u0101ciju?&#8221; _builder_version=&#8221;4.17.0&#8243; _module_preset=&#8221;default&#8221; global_colors_info=&#8221;{}&#8221; theme_builder_area=&#8221;post_content&#8221; open=&#8221;off&#8221;]<p><span>You can make it via our home page or via partners\u00a0<\/span><\/p>[\/et_pb_accordion_item][et_pb_accordion_item title=&#8221;Vai es varu atst\u0101t atsauksmi par manu izmitin\u0101\u0161anu?&#8221; _builder_version=&#8221;4.17.0&#8243; _module_preset=&#8221;default&#8221; global_colors_info=&#8221;{}&#8221; theme_builder_area=&#8221;post_content&#8221; open=&#8221;off&#8221;]<p><span>Yes, if you leave your e-mail address, you will automatically be sent a letter with a questionnaire in which you can express your opinion about how you spent our time. We especially appreciate your opinion, because we believe that each customer provides us with valuable information about the quality of our service. We use the feedback we receive to self-monitor and ensure that all of our customers' wishes are taken into account and responded to, and to continually improve and refine as service providers. We reflect feedback from previous guests on our online resources. We ask that the feedback you submit is fair, relevant, legally acceptable and current so that it can be used further. StayLiepaja.lv reserves the right to decide which of them will be published.<\/span><\/p>[\/et_pb_accordion_item][et_pb_accordion_item title=&#8221;Vai m\u0113s varam sm\u0113\u0137iet \u012bpa\u0161umos?&#8221; _builder_version=&#8221;4.17.0&#8243; _module_preset=&#8221;default&#8221; global_colors_info=&#8221;{}&#8221; theme_builder_area=&#8221;post_content&#8221; open=&#8221;off&#8221;]<p><span>All of our accommodations are non-smoking, unless otherwise noted. If this is an important option for your stay, please contact us before booking.<\/span><\/p>[\/et_pb_accordion_item][et_pb_accordion_item title=&#8221;Vai past\u0101v iesp\u0113ja izmantot naktsm\u012btni ball\u012b\u0161u organiz\u0113\u0161anai?&#8221; _builder_version=&#8221;4.17.0&#8243; _module_preset=&#8221;default&#8221; global_colors_info=&#8221;{}&#8221; theme_builder_area=&#8221;post_content&#8221; open=&#8221;off&#8221;]<p><span>The general policy of our company is that we are reluctant to approve requests for parties, however, group events may take place in some cases. Please explain your wishes and we will be happy to discuss them with you. Young people's parties are also subject to a landlord check before accepting any booking. If agreed, the owner will ask for a security deposit to secure the reservation. It is usually accepted in cash at the time of accommodation and is returned in full before leaving the property if no damage is found.<\/span><\/p>[\/et_pb_accordion_item][et_pb_accordion_item title=&#8221;Kas b\u016bs, ja es atcel\u0161u?&#8221; _builder_version=&#8221;4.17.0&#8243; _module_preset=&#8221;default&#8221; global_colors_info=&#8221;{}&#8221; theme_builder_area=&#8221;post_content&#8221; open=&#8221;off&#8221;]<p><span>If you need to cancel your intended stay, we ask that your senior team member send us a written confirmation via email. In case of cancellation, you can claim a partial refund of the stay fee, but the booking fee and other agent expenses are non-refundable. Please refer to the booking policy for refunds.<\/span><\/p>[\/et_pb_accordion_item][et_pb_accordion_item title=&#8221;Kur\u0101 laik\u0101 es iem\u012btinos un izm\u012btinos no \u012bpa\u0161uma?&#8221; _builder_version=&#8221;4.17.0&#8243; _module_preset=&#8221;default&#8221; global_colors_info=&#8221;{}&#8221; theme_builder_area=&#8221;post_content&#8221; open=&#8221;off&#8221;]<p><span>In order to properly prepare the accommodation for your arrival, it is important that you arrive on time and not sooner. This is usually after 17:00, but in some cases it may change and the specific time will be reflected in your final booking confirmation. Check-out time is before noon.<\/span><\/p>[\/et_pb_accordion_item][et_pb_accordion_item title=&#8221;Vai \u012bpa\u0161um\u0101 ir pieejama st\u0101vvieta?&#8221; _builder_version=&#8221;4.17.0&#8243; _module_preset=&#8221;default&#8221; global_colors_info=&#8221;{}&#8221; theme_builder_area=&#8221;post_content&#8221; open=&#8221;off&#8221;]<p><span>Depending on the type of property, we have different options for parking. Please contact us if you have any questions on this topic.<\/span><\/p>[\/et_pb_accordion_item][et_pb_accordion_item title=&#8221;Kas notiks, ja kaut kas tiks saboj\u0101ts, kam\u0113r J\u016bs palik\u0101t \u012bpa\u0161um\u0101?&#8221; _builder_version=&#8221;4.17.0&#8243; _module_preset=&#8221;default&#8221; global_colors_info=&#8221;{}&#8221; theme_builder_area=&#8221;post_content&#8221; open=&#8221;off&#8221;]<p><span>Owners keep in mind how the amount of wear could be, and this is usually the case for dishes and glass. In the event that something is damaged, please notify the owner as soon as possible so that he can repair or replace it in time for other customers. You will be required to pay cash for the most serious incidents involving carpets, broken windows and more.<\/span><\/p>[\/et_pb_accordion_item][et_pb_accordion_item title=&#8221;Vai mums vajadz\u0113tu izt\u012br\u012bt \u012bpa\u0161umu pirms izrakst\u012b\u0161anas no t\u0101?&#8221; _builder_version=&#8221;4.17.0&#8243; _module_preset=&#8221;default&#8221; global_colors_info=&#8221;{}&#8221; theme_builder_area=&#8221;post_content&#8221; open=&#8221;off&#8221;]<p><span>Please leave the property in the same condition and cleanliness as it was at the time of your stay.<\/span><\/p>[\/et_pb_accordion_item][et_pb_accordion_item title=&#8221;Es varu izmitin\u0101t ar\u012b dz\u012bvniekus?&#8221; _builder_version=&#8221;4.17.0&#8243; _module_preset=&#8221;default&#8221; global_colors_info=&#8221;{}&#8221; theme_builder_area=&#8221;post_content&#8221; open=&#8221;off&#8221;]<p><span>Unfortunately, no. Pets are not allowed on the property.<\/span><\/p>[\/et_pb_accordion_item][et_pb_accordion_item title=&#8221;Piek\u013cuve internetam&#8221; _builder_version=&#8221;4.17.0&#8243; _module_preset=&#8221;default&#8221; global_colors_info=&#8221;{}&#8221; theme_builder_area=&#8221;post_content&#8221; open=&#8221;off&#8221;]<p><span>Different properties offer different internet options - among them there is also a cable connection and wifi, which in each case have their own restrictions and usage rights depend on a particular property.<\/span><\/p>[\/et_pb_accordion_item][et_pb_accordion_item title=&#8221;Vai m\u0113s var\u0101m pieaicin\u0101t draugus, lai tie pie mums paliktu?&#8221; _builder_version=&#8221;4.17.0&#8243; _module_preset=&#8221;default&#8221; global_colors_info=&#8221;{}&#8221; theme_builder_area=&#8221;post_content&#8221; open=&#8221;off&#8221;]<p><span>Yes, it is possible to simply notify us in advance and we will include additional people in your booking, provided that the total number of guests does not exceed the maximum. If the total number of guests exceeds the maximum, please discuss this with the owner before booking and note that this may incur additional charges.<\/span><\/p>[\/et_pb_accordion_item][\/et_pb_accordion][\/et_pb_column_inner][\/et_pb_row_inner][\/et_pb_column][et_pb_column type=&#8221;1_4&#8243; theme_builder_area=&#8221;post_content&#8221;][et_pb_sidebar _builder_version=&#8221;4.17.0&#8243; _module_preset=&#8221;default&#8221; theme_builder_area=&#8221;post_content&#8221; show_border=&#8221;off&#8221; hover_enabled=&#8221;0&#8243; sticky_enabled=&#8221;0&#8243;][\/et_pb_sidebar][\/et_pb_column][\/et_pb_section]","protected":false},"excerpt":{"rendered":"<p>Bie\u017e\u0101k uzdotie jaut\u0101jumi1. Ar p\u0101rskat\u012bjumu 2. Ar kred\u012btkarti. 3. Skaidr\u0101 naud\u0101.Ja j\u016bs pl\u0101nojiet uzl\u0101d\u0113t savu elektronisko iek\u0101rtu visa laik\u0101 period\u0101, kam\u0113r paliekat \u012bpa\u0161um\u0101, l\u016bdzu g\u0101d\u0101jiet par atsevi\u0161\u0137o at\u013cauju tam un \u0146emiet v\u0113r\u0101, k\u0101 \u0161\u012bs pakalpojumu ar\u012b var\u0113tu b\u016bt par maksu &#8211; parasti 20-30 EUR ned\u0113\u013c\u0101, kam\u0113r j\u016bs to izmantojiet.P\u0113c pilnas rezerv\u0101cijas apmaksas, J\u016bs sa\u0146emsiet fin\u0101lu [&hellip;]<\/p>","protected":false},"author":1,"featured_media":502,"parent":0,"menu_order":0,"comment_status":"closed","ping_status":"closed","template":"","meta":{"_et_pb_use_builder":"on","_et_pb_old_content":"","_et_gb_content_width":"","footnotes":""},"class_list":["post-432","page","type-page","status-publish","has-post-thumbnail","hentry"],"yoast_head":"<!-- This site is optimized with the Yoast SEO plugin v27.3 - https:\/\/yoast.com\/product\/yoast-seo-wordpress\/ -->\n<title>BUJ - Stayliepaja.lv<\/title>\n<meta name=\"description\" content=\"BUJ. \u0160aj\u0101 sada\u013c\u0101 ir pieejamas atbildes uz bie\u017e\u0101k uzdotajiem jaut\u0101jumiem par StayLiepaja.lv iestp\u0113jam un t\u0101s pakalpojumiem.\" \/>\n<meta name=\"robots\" content=\"index, follow, max-snippet:-1, max-image-preview:large, max-video-preview:-1\" \/>\n<link rel=\"canonical\" href=\"https:\/\/stayliepaja.lv\/en\/buj\/\" \/>\n<meta property=\"og:locale\" content=\"en_US\" \/>\n<meta property=\"og:type\" content=\"article\" \/>\n<meta property=\"og:title\" content=\"BUJ - Stayliepaja.lv\" \/>\n<meta property=\"og:description\" content=\"BUJ. \u0160aj\u0101 sada\u013c\u0101 ir pieejamas atbildes uz bie\u017e\u0101k uzdotajiem jaut\u0101jumiem par StayLiepaja.lv iestp\u0113jam un t\u0101s pakalpojumiem.\" \/>\n<meta property=\"og:url\" content=\"https:\/\/stayliepaja.lv\/en\/buj\/\" \/>\n<meta property=\"og:site_name\" content=\"Stayliepaja.lv\" \/>\n<meta property=\"article:modified_time\" content=\"2022-04-19T08:30:01+00:00\" \/>\n<meta property=\"og:image\" content=\"https:\/\/stayliepaja.lv\/wp-content\/uploads\/2022\/04\/BUJ.jpg\" \/>\n\t<meta property=\"og:image:width\" content=\"1024\" \/>\n\t<meta property=\"og:image:height\" content=\"979\" \/>\n\t<meta property=\"og:image:type\" content=\"image\/jpeg\" \/>\n<meta name=\"twitter:card\" content=\"summary_large_image\" \/>\n<meta name=\"twitter:label1\" content=\"Est. reading time\" \/>\n\t<meta name=\"twitter:data1\" content=\"4 minutes\" \/>\n<script type=\"application\/ld+json\" class=\"yoast-schema-graph\">{\"@context\":\"https:\\\/\\\/schema.org\",\"@graph\":[{\"@type\":\"WebPage\",\"@id\":\"https:\\\/\\\/stayliepaja.lv\\\/buj\\\/\",\"url\":\"https:\\\/\\\/stayliepaja.lv\\\/buj\\\/\",\"name\":\"BUJ - Stayliepaja.lv\",\"isPartOf\":{\"@id\":\"https:\\\/\\\/stayliepaja.lv\\\/#website\"},\"primaryImageOfPage\":{\"@id\":\"https:\\\/\\\/stayliepaja.lv\\\/buj\\\/#primaryimage\"},\"image\":{\"@id\":\"https:\\\/\\\/stayliepaja.lv\\\/buj\\\/#primaryimage\"},\"thumbnailUrl\":\"https:\\\/\\\/stayliepaja.lv\\\/wp-content\\\/uploads\\\/2022\\\/04\\\/BUJ.jpg\",\"datePublished\":\"2022-04-09T06:35:00+00:00\",\"dateModified\":\"2022-04-19T08:30:01+00:00\",\"description\":\"BUJ. \u0160aj\u0101 sada\u013c\u0101 ir pieejamas atbildes uz bie\u017e\u0101k uzdotajiem jaut\u0101jumiem par StayLiepaja.lv iestp\u0113jam un t\u0101s pakalpojumiem.\",\"breadcrumb\":{\"@id\":\"https:\\\/\\\/stayliepaja.lv\\\/buj\\\/#breadcrumb\"},\"inLanguage\":\"en-US\",\"potentialAction\":[{\"@type\":\"ReadAction\",\"target\":[\"https:\\\/\\\/stayliepaja.lv\\\/buj\\\/\"]}]},{\"@type\":\"ImageObject\",\"inLanguage\":\"en-US\",\"@id\":\"https:\\\/\\\/stayliepaja.lv\\\/buj\\\/#primaryimage\",\"url\":\"https:\\\/\\\/stayliepaja.lv\\\/wp-content\\\/uploads\\\/2022\\\/04\\\/BUJ.jpg\",\"contentUrl\":\"https:\\\/\\\/stayliepaja.lv\\\/wp-content\\\/uploads\\\/2022\\\/04\\\/BUJ.jpg\",\"width\":1024,\"height\":979,\"caption\":\"BUJ\"},{\"@type\":\"BreadcrumbList\",\"@id\":\"https:\\\/\\\/stayliepaja.lv\\\/buj\\\/#breadcrumb\",\"itemListElement\":[{\"@type\":\"ListItem\",\"position\":1,\"name\":\"Home\",\"item\":\"https:\\\/\\\/stayliepaja.lv\\\/\"},{\"@type\":\"ListItem\",\"position\":2,\"name\":\"BUJ\"}]},{\"@type\":\"WebSite\",\"@id\":\"https:\\\/\\\/stayliepaja.lv\\\/#website\",\"url\":\"https:\\\/\\\/stayliepaja.lv\\\/\",\"name\":\"Stayliepaja.lv\",\"description\":\"Just another WordPress site\",\"potentialAction\":[{\"@type\":\"SearchAction\",\"target\":{\"@type\":\"EntryPoint\",\"urlTemplate\":\"https:\\\/\\\/stayliepaja.lv\\\/?s={search_term_string}\"},\"query-input\":{\"@type\":\"PropertyValueSpecification\",\"valueRequired\":true,\"valueName\":\"search_term_string\"}}],\"inLanguage\":\"en-US\"}]}<\/script>\n<!-- \/ Yoast SEO plugin. -->","yoast_head_json":{"title":"BUJ - Stayliepaja.lv","description":"BUJ. \u0160aj\u0101 sada\u013c\u0101 ir pieejamas atbildes uz bie\u017e\u0101k uzdotajiem jaut\u0101jumiem par StayLiepaja.lv iestp\u0113jam un t\u0101s pakalpojumiem.","robots":{"index":"index","follow":"follow","max-snippet":"max-snippet:-1","max-image-preview":"max-image-preview:large","max-video-preview":"max-video-preview:-1"},"canonical":"https:\/\/stayliepaja.lv\/en\/buj\/","og_locale":"en_US","og_type":"article","og_title":"BUJ - Stayliepaja.lv","og_description":"BUJ. \u0160aj\u0101 sada\u013c\u0101 ir pieejamas atbildes uz bie\u017e\u0101k uzdotajiem jaut\u0101jumiem par StayLiepaja.lv iestp\u0113jam un t\u0101s pakalpojumiem.","og_url":"https:\/\/stayliepaja.lv\/en\/buj\/","og_site_name":"Stayliepaja.lv","article_modified_time":"2022-04-19T08:30:01+00:00","og_image":[{"width":1024,"height":979,"url":"https:\/\/stayliepaja.lv\/wp-content\/uploads\/2022\/04\/BUJ.jpg","type":"image\/jpeg"}],"twitter_card":"summary_large_image","twitter_misc":{"Est. reading time":"4 minutes"},"schema":{"@context":"https:\/\/schema.org","@graph":[{"@type":"WebPage","@id":"https:\/\/stayliepaja.lv\/buj\/","url":"https:\/\/stayliepaja.lv\/buj\/","name":"BUJ - Stayliepaja.lv","isPartOf":{"@id":"https:\/\/stayliepaja.lv\/#website"},"primaryImageOfPage":{"@id":"https:\/\/stayliepaja.lv\/buj\/#primaryimage"},"image":{"@id":"https:\/\/stayliepaja.lv\/buj\/#primaryimage"},"thumbnailUrl":"https:\/\/stayliepaja.lv\/wp-content\/uploads\/2022\/04\/BUJ.jpg","datePublished":"2022-04-09T06:35:00+00:00","dateModified":"2022-04-19T08:30:01+00:00","description":"BUJ. \u0160aj\u0101 sada\u013c\u0101 ir pieejamas atbildes uz bie\u017e\u0101k uzdotajiem jaut\u0101jumiem par StayLiepaja.lv iestp\u0113jam un t\u0101s pakalpojumiem.","breadcrumb":{"@id":"https:\/\/stayliepaja.lv\/buj\/#breadcrumb"},"inLanguage":"en-US","potentialAction":[{"@type":"ReadAction","target":["https:\/\/stayliepaja.lv\/buj\/"]}]},{"@type":"ImageObject","inLanguage":"en-US","@id":"https:\/\/stayliepaja.lv\/buj\/#primaryimage","url":"https:\/\/stayliepaja.lv\/wp-content\/uploads\/2022\/04\/BUJ.jpg","contentUrl":"https:\/\/stayliepaja.lv\/wp-content\/uploads\/2022\/04\/BUJ.jpg","width":1024,"height":979,"caption":"BUJ"},{"@type":"BreadcrumbList","@id":"https:\/\/stayliepaja.lv\/buj\/#breadcrumb","itemListElement":[{"@type":"ListItem","position":1,"name":"Home","item":"https:\/\/stayliepaja.lv\/"},{"@type":"ListItem","position":2,"name":"BUJ"}]},{"@type":"WebSite","@id":"https:\/\/stayliepaja.lv\/#website","url":"https:\/\/stayliepaja.lv\/","name":"Stayliepaja.lv","description":"Just another WordPress site","potentialAction":[{"@type":"SearchAction","target":{"@type":"EntryPoint","urlTemplate":"https:\/\/stayliepaja.lv\/?s={search_term_string}"},"query-input":{"@type":"PropertyValueSpecification","valueRequired":true,"valueName":"search_term_string"}}],"inLanguage":"en-US"}]}},"_links":{"self":[{"href":"https:\/\/stayliepaja.lv\/en\/wp-json\/wp\/v2\/pages\/432","targetHints":{"allow":["GET"]}}],"collection":[{"href":"https:\/\/stayliepaja.lv\/en\/wp-json\/wp\/v2\/pages"}],"about":[{"href":"https:\/\/stayliepaja.lv\/en\/wp-json\/wp\/v2\/types\/page"}],"author":[{"embeddable":true,"href":"https:\/\/stayliepaja.lv\/en\/wp-json\/wp\/v2\/users\/1"}],"replies":[{"embeddable":true,"href":"https:\/\/stayliepaja.lv\/en\/wp-json\/wp\/v2\/comments?post=432"}],"version-history":[{"count":3,"href":"https:\/\/stayliepaja.lv\/en\/wp-json\/wp\/v2\/pages\/432\/revisions"}],"predecessor-version":[{"id":503,"href":"https:\/\/stayliepaja.lv\/en\/wp-json\/wp\/v2\/pages\/432\/revisions\/503"}],"wp:featuredmedia":[{"embeddable":true,"href":"https:\/\/stayliepaja.lv\/en\/wp-json\/wp\/v2\/media\/502"}],"wp:attachment":[{"href":"https:\/\/stayliepaja.lv\/en\/wp-json\/wp\/v2\/media?parent=432"}],"curies":[{"name":"wp","href":"https:\/\/api.w.org\/{rel}","templated":true}]}}