{"id":56,"date":"2021-12-26T12:02:36","date_gmt":"2021-12-26T12:02:36","guid":{"rendered":"https:\/\/stayliepaja.lv\/?page_id=56"},"modified":"2026-04-04T10:49:29","modified_gmt":"2026-04-04T10:49:29","slug":"viesu-maja-palangas-iela-9","status":"publish","type":"page","link":"https:\/\/stayliepaja.lv\/en\/viesu-maja-palangas-iela-9\/","title":{"rendered":"Guest House on Palangas street 9"},"content":{"rendered":"<p>[et_pb_section fb_built=&#8221;1&#8243; specialty=&#8221;on&#8221; _builder_version=&#8221;4.16&#8243; _module_preset=&#8221;default&#8221; custom_padding=&#8221;5px||1px|||&#8221; global_colors_info=&#8221;{}&#8221;][et_pb_column type=&#8221;1_4&#8243; _builder_version=&#8221;4.16&#8243; custom_padding=&#8221;|||&#8221; global_colors_info=&#8221;{}&#8221; custom_padding__hover=&#8221;|||&#8221;][et_pb_code _builder_version=&#8221;4.16&#8243; _module_preset=&#8221;default&#8221; global_colors_info=&#8221;{}&#8221;]<\/p>\n<div id=\"smoobuApartment1032451en\" class=\"calendarWidget\">\n<div class=\"calendarContent\" data-load-calendar-url=\"https:\/\/login.smoobu.com\/en\/cockpit\/widget\/single-calendar\/1032451\" data-verification=\"bc42ce9bc42f9d2c77db9655348758ec8acf8e8b686342370b7311c8f91c17b8\" data-baseurl=\"https:\/\/login.smoobu.com\" data-disable-css=\"false\" ><\/div>\n<p> <script type=\"text\/javascript\" src=\"https:\/\/login.smoobu.com\/js\/Apartment\/CalendarWidget.js\"><\/script><\/div>\n<p>[\/et_pb_code][et_pb_button button_url=&#8221;#reserve&#8221; button_text=&#8221;Rezerv\u0113t&#8230;&#8221; button_alignment=&#8221;center&#8221; _builder_version=&#8221;4.16&#8243; _module_preset=&#8221;default&#8221; global_colors_info=&#8221;{}&#8221;][\/et_pb_button][\/et_pb_column][et_pb_column type=&#8221;1_2&#8243; specialty_columns=&#8221;2&#8243; _builder_version=&#8221;4.16&#8243; custom_padding=&#8221;|||&#8221; global_colors_info=&#8221;{}&#8221; custom_padding__hover=&#8221;|||&#8221;][et_pb_row_inner use_custom_gutter=&#8221;on&#8221; gutter_width=&#8221;2&#8243; _builder_version=&#8221;4.16&#8243; _module_preset=&#8221;default&#8221; width=&#8221;100%&#8221; global_colors_info=&#8221;{}&#8221;][et_pb_column_inner saved_specialty_column_type=&#8221;1_2&#8243; _builder_version=&#8221;4.16&#8243; _module_preset=&#8221;default&#8221; global_colors_info=&#8221;{}&#8221;][et_pb_text _builder_version=&#8221;4.17.4&#8243; _module_preset=&#8221;default&#8221; custom_margin=&#8221;||10px||false|false&#8221; global_colors_info=&#8221;{}&#8221;]<\/p>\n<h3>Dear guests!<\/h3>\n<p>Welcome to the Guest House on Palangas street 9!<\/p>\n<p>[\/et_pb_text][et_pb_gallery gallery_ids=&#8221;85,79,63,82,74,67,68,90,96,86,75,73,89,91,76,83,70,93,92,69,84,71,77,80,81,94,78,87,66,671,64,88,95,65&#8243; fullwidth=&#8221;on&#8221; _builder_version=&#8221;4.20.0&#8243; _module_preset=&#8221;default&#8221; background_color=&#8221;#efefef&#8221; height=&#8221;370px&#8221; max_height=&#8221;370px&#8221; global_colors_info=&#8221;{}&#8221;][\/et_pb_gallery][et_pb_text _builder_version=&#8221;4.17.4&#8243; _module_preset=&#8221;default&#8221; global_colors_info=&#8221;{}&#8221;]<\/p>\n<p style=\"text-align: justify;\">The Guest house is located in a quiet place in Liepaja, 600 m from the picturesque coast with white sand, close to the shopping center. 15 minutes walk to the city center. The house has up to 8 beds and is ideal for a large family with children or two families, as well as a group of friends.<\/p>\n<p style=\"text-align: justify;\">[\/et_pb_text][et_pb_video src=&#8221;https:\/\/youtu.be\/eLh-Vn2gnic&#8221; _builder_version=&#8221;4.17.0&#8243; _module_preset=&#8221;default&#8221; global_colors_info=&#8221;{}&#8221;][\/et_pb_video][et_pb_text _builder_version=&#8221;4.17.4&#8243; _module_preset=&#8221;default&#8221; global_colors_info=&#8221;{}&#8221;]<\/p>\n<p style=\"text-align: justify;\">The Guest House has everything you need for a comfortable stay - three bedrooms and a bathroom on the second floor, a spacious living room, a shower room and a fully equipped kitchen on the first floor.<\/p>\n<p style=\"text-align: justify;\">Satellite TV and internet, crockery and bed linen.<\/p>\n<p style=\"text-align: justify;\">A cozy canopy on the outdoor terrace and everything needed for grilling. Also, a sauna.<\/p>\n<p style=\"text-align: justify;\">Parking for 2 cars.<\/p>\n<p>[\/et_pb_text][et_pb_image src=&#8221;https:\/\/stayliepaja.lv\/wp-content\/uploads\/2026\/04\/om.png&#8221; alt=&#8221;booking guests review 10&#8243; title_text=&#8221;booking guests review 10&#8243; url=&#8221;https:\/\/www.booking.com\/hotel\/lv\/house-on-palangas-street.lv.html&#8221; url_new_window=&#8221;on&#8221; _builder_version=&#8221;4.27.5&#8243; _module_preset=&#8221;default&#8221; hover_enabled=&#8221;0&#8243; global_colors_info=&#8221;{}&#8221; sticky_enabled=&#8221;0&#8243;][\/et_pb_image][\/et_pb_column_inner][\/et_pb_row_inner][\/et_pb_column][et_pb_column type=&#8221;1_4&#8243; _builder_version=&#8221;4.16&#8243; custom_padding=&#8221;|||&#8221; global_colors_info=&#8221;{}&#8221; custom_padding__hover=&#8221;|||&#8221;][et_pb_sidebar show_border=&#8221;off&#8221; _builder_version=&#8221;4.16&#8243; _module_preset=&#8221;default&#8221; global_colors_info=&#8221;{}&#8221;][\/et_pb_sidebar][\/et_pb_column][\/et_pb_section][et_pb_section fb_built=&#8221;1&#8243; _builder_version=&#8221;4.16&#8243; _module_preset=&#8221;default&#8221; global_colors_info=&#8221;{}&#8221;][et_pb_row use_custom_gutter=&#8221;on&#8221; gutter_width=&#8221;2&#8243; _builder_version=&#8221;4.16&#8243; _module_preset=&#8221;default&#8221; width=&#8221;100%&#8221; custom_padding=&#8221;2px|||||&#8221; global_colors_info=&#8221;{}&#8221;][et_pb_column type=&#8221;4_4&#8243; _builder_version=&#8221;4.16&#8243; _module_preset=&#8221;default&#8221; global_colors_info=&#8221;{}&#8221;][et_pb_tabs _builder_version=&#8221;4.16&#8243; _module_preset=&#8221;default&#8221; global_colors_info=&#8221;{}&#8221;][et_pb_tab title=&#8221;M\u0101jas apraksts&#8221; _builder_version=&#8221;4.16&#8243; _module_preset=&#8221;default&#8221; global_colors_info=&#8221;{}&#8221;]<\/p>\n<h3 style=\"text-align: justify;\">Conditioner<\/h3>\n<p style=\"text-align: justify;\">Remotecontroles are located in the wall at the entrance to each room. The air flow rate can be adjusted with the buttons.<\/p>\n<h3 style=\"text-align: justify;\">Heating<\/h3>\n<p style=\"text-align: justify;\">In winter, the heating is regulated automatically via a computer. If necessary, the temperature can be changed individually with the \"warm floor\" indicators on the first floor and independently with thermostats on the radiators on the second floor.<\/p>\n<h3 style=\"text-align: justify;\">Water supply \/ sewerage<\/h3>\n<p style=\"text-align: justify;\">Water supply is centralized. Outside the house there is a tap with water supply from the parking side.<\/p>\n<h3 style=\"text-align: justify;\">Electricity<\/h3>\n<p style=\"text-align: justify;\">Electricity and sockets comply with the European standard, the mains voltage is 220-250 V.<br \/>It is forbidden to use non-standard electrical appliances (kettle, heaters, etc.).<\/p>\n<h3 style=\"text-align: justify;\">Internet<\/h3>\n<p style=\"text-align: justify;\">High speed optical internet (100 Mb \/ sec). All rooms have Ethernet sockets and a Wi-Fi network.<\/p>\n<h3 style=\"text-align: justify;\">TV<\/h3>\n<p style=\"text-align: justify;\">The living room has satellite TV. If necessary, a flash memory can be connected (entrance portal under the TV). The TV has an internet connection.<\/p>\n<p>Digital cable TV is connected in the bedroom. If necessary, you can connect the PC to the TV with an HDMI cable or connect the flash memory with a USB cable. The TV has an internet connection.<\/p>\n<p>There is no cable or satellite TV in the twin bedroom. Therefore, you can connect the TV to a PC with an HDMI cable or to a flash drive with a USB cable.<\/p>\n<h3 style=\"text-align: justify;\">Bathroom<\/h3>\n<p style=\"text-align: justify;\">The washing machine is connected and ready for use. The washing machine has a dryer function (you will also find an ironing board and iron in the house).<\/p>\n<h3 style=\"text-align: justify;\">Kitchen \/ equipment<\/h3>\n<ul>\n<li style=\"text-align: justify;\">heating boiler<\/li>\n<li style=\"text-align: justify;\">refrigerator<\/li>\n<li style=\"text-align: justify;\">dishwasher<\/li>\n<li style=\"text-align: justify;\">microwave oven<\/li>\n<li style=\"text-align: justify;\">electric kettle<\/li>\n<li style=\"text-align: justify;\">toasters<\/li>\n<li style=\"text-align: justify;\">Coffee machine<\/li>\n<li style=\"text-align: justify;\">extractor<\/li>\n<li style=\"text-align: justify;\">electric stove<\/li>\n<li style=\"text-align: justify;\">electric oven<\/li>\n<\/ul>\n<p>[\/et_pb_tab][et_pb_tab title=&#8221;Zemesgabala apraksts&#8221; _builder_version=&#8221;4.16&#8243; _module_preset=&#8221;default&#8221; global_colors_info=&#8221;{}&#8221;]<\/p>\n<h3 style=\"text-align: justify;\">Sauna<\/h3>\n<p style=\"text-align: justify;\">There is an additional charge for each use and cleaning. The sauna must be heated independently for 1-1.5 hours to reach the required temperature. Firewood is located behind the sauna. The price of using a sauna 75 EUR.<\/p>\n<h3 style=\"text-align: justify;\">Outdoor bath with hot tube<\/h3>\n<p style=\"text-align: justify;\">The outdoor bath must be filled in through a hose from the outdoor water tap. The oven should be heated for 1.5-2 hours. Bath use price - 75 EUR.<\/p>\n<p><em>*If you need sauna or bath to be heated, the service fee is EUR 100<\/em>.<\/p>\n<h3 style=\"text-align: justify;\">Grill<\/h3>\n<p style=\"text-align: justify;\">You can use the barbecue behind the sauna for outdoor cooking.<\/p>\n<h3 style=\"text-align: justify;\">Parking, gates<\/h3>\n<p style=\"text-align: justify;\">The parking lot is equipped for two cars, its size is 3 \u00d7 11 m. Illuminated by spotlight.<\/p>\n<h3 style=\"text-align: justify;\">Trash<\/h3>\n<p style=\"text-align: justify;\">Trash is removed every Tuesday from 7:00 to 8:00<\/p>\n<p>[\/et_pb_tab][\/et_pb_tabs][et_pb_code module_id=&#8221;reserve&#8221; _builder_version=&#8221;4.20.0&#8243; _module_preset=&#8221;default&#8221; custom_margin=&#8221;0px|0px|0px|0px|false|false&#8221; custom_padding=&#8221;0px|0px|0px|0px|false|false&#8221; global_colors_info=&#8221;{}&#8221;]<\/p>\n<div id=\"apartmentIframe1032451\"><!-- [et_pb_line_break_holder] --><script type=\"text\/javascript\" src=\"https:\/\/login.smoobu.com\/js\/Settings\/BookingToolIframe.js\"><\/script><!-- [et_pb_line_break_holder] --><script>BookingToolIframe.initialize({\"url\": \"https:\/\/login.smoobu.com\/en\/booking-tool\/iframe\/334819\/1032451\", \"baseUrl\": \"https:\/\/login.smoobu.com\", \"target\": \"#apartmentIframe1032451\"})<\/script><!-- [et_pb_line_break_holder] --><\/div>\n<p>[\/et_pb_code][\/et_pb_column][\/et_pb_row][\/et_pb_section]<\/p>","protected":false},"excerpt":{"rendered":"<p>D\u0101rgie viesi! Laipni l\u016bgti Viesu M\u0101j\u0101 Palangas iel\u0101 9!Viesu M\u0101ja ir izvietota klus\u0101 viet\u0101 Liep\u0101j\u0101, 600 m no gleznain\u0101s piekrastes ar baltaj\u0101m smilt\u012bm, tuvu tirdzniec\u012bbas centram. L\u012bdz pils\u0113tas centram 15 min\u016btes, ejot ar k\u0101j\u0101m. M\u0101j\u0101 pieejamas l\u012bdz 8 gu\u013cviet\u0101m un t\u0101 ir ide\u0101li piem\u0113rota lielai \u0123imenei ar b\u0113rniem vai div\u0101m \u0123imen\u0113m, k\u0101 ar\u012b draugu komp\u0101nijai. [&hellip;]<\/p>","protected":false},"author":1,"featured_media":85,"parent":0,"menu_order":0,"comment_status":"closed","ping_status":"closed","template":"","meta":{"_et_pb_use_builder":"on","_et_pb_old_content":"<!-- wp:divi\/placeholder \/-->","_et_gb_content_width":"","footnotes":""},"class_list":["post-56","page","type-page","status-publish","has-post-thumbnail","hentry"],"yoast_head":"<!-- This site is optimized with the Yoast SEO plugin v27.3 - https:\/\/yoast.com\/product\/yoast-seo-wordpress\/ -->\n<title>Viesu M\u0101ja Palangas iel\u0101 9 - Stayliepaja.lv<\/title>\n<meta name=\"description\" content=\"Viesu M\u0101ja ir izvietota klus\u0101 viet\u0101 Liep\u0101j\u0101, 600 m no gleznain\u0101s piekrastes ar baltaj\u0101m smilt\u012bm, tuvu tirdzniec\u012bbas centram.\" \/>\n<meta name=\"robots\" content=\"index, follow, max-snippet:-1, max-image-preview:large, max-video-preview:-1\" \/>\n<link rel=\"canonical\" href=\"https:\/\/stayliepaja.lv\/en\/viesu-maja-palangas-iela-9\/\" \/>\n<meta property=\"og:locale\" content=\"en_US\" \/>\n<meta property=\"og:type\" content=\"article\" \/>\n<meta property=\"og:title\" content=\"Viesu M\u0101ja Palangas iel\u0101 9 - Stayliepaja.lv\" \/>\n<meta property=\"og:description\" content=\"Viesu M\u0101ja ir izvietota klus\u0101 viet\u0101 Liep\u0101j\u0101, 600 m no gleznain\u0101s piekrastes ar baltaj\u0101m smilt\u012bm, tuvu tirdzniec\u012bbas centram.\" \/>\n<meta property=\"og:url\" content=\"https:\/\/stayliepaja.lv\/en\/viesu-maja-palangas-iela-9\/\" \/>\n<meta property=\"og:site_name\" content=\"Stayliepaja.lv\" \/>\n<meta property=\"article:modified_time\" content=\"2026-04-04T10:49:29+00:00\" \/>\n<meta property=\"og:image\" content=\"https:\/\/stayliepaja.lv\/wp-content\/uploads\/2021\/12\/01_dom.jpg\" \/>\n\t<meta property=\"og:image:width\" content=\"1280\" \/>\n\t<meta property=\"og:image:height\" content=\"853\" \/>\n\t<meta property=\"og:image:type\" content=\"image\/jpeg\" \/>\n<meta name=\"twitter:card\" content=\"summary_large_image\" \/>\n<meta name=\"twitter:label1\" content=\"Est. reading time\" \/>\n\t<meta name=\"twitter:data1\" content=\"3 minutes\" \/>\n<script type=\"application\/ld+json\" class=\"yoast-schema-graph\">{\"@context\":\"https:\\\/\\\/schema.org\",\"@graph\":[{\"@type\":\"WebPage\",\"@id\":\"https:\\\/\\\/stayliepaja.lv\\\/viesu-maja-palangas-iela-9\\\/\",\"url\":\"https:\\\/\\\/stayliepaja.lv\\\/viesu-maja-palangas-iela-9\\\/\",\"name\":\"Viesu M\u0101ja Palangas iel\u0101 9 - Stayliepaja.lv\",\"isPartOf\":{\"@id\":\"https:\\\/\\\/stayliepaja.lv\\\/#website\"},\"primaryImageOfPage\":{\"@id\":\"https:\\\/\\\/stayliepaja.lv\\\/viesu-maja-palangas-iela-9\\\/#primaryimage\"},\"image\":{\"@id\":\"https:\\\/\\\/stayliepaja.lv\\\/viesu-maja-palangas-iela-9\\\/#primaryimage\"},\"thumbnailUrl\":\"https:\\\/\\\/stayliepaja.lv\\\/wp-content\\\/uploads\\\/2021\\\/12\\\/01_dom.jpg\",\"datePublished\":\"2021-12-26T12:02:36+00:00\",\"dateModified\":\"2026-04-04T10:49:29+00:00\",\"description\":\"Viesu M\u0101ja ir izvietota klus\u0101 viet\u0101 Liep\u0101j\u0101, 600 m no gleznain\u0101s piekrastes ar baltaj\u0101m smilt\u012bm, tuvu tirdzniec\u012bbas centram.\",\"breadcrumb\":{\"@id\":\"https:\\\/\\\/stayliepaja.lv\\\/viesu-maja-palangas-iela-9\\\/#breadcrumb\"},\"inLanguage\":\"en-US\",\"potentialAction\":[{\"@type\":\"ReadAction\",\"target\":[\"https:\\\/\\\/stayliepaja.lv\\\/viesu-maja-palangas-iela-9\\\/\"]}]},{\"@type\":\"ImageObject\",\"inLanguage\":\"en-US\",\"@id\":\"https:\\\/\\\/stayliepaja.lv\\\/viesu-maja-palangas-iela-9\\\/#primaryimage\",\"url\":\"https:\\\/\\\/stayliepaja.lv\\\/wp-content\\\/uploads\\\/2021\\\/12\\\/01_dom.jpg\",\"contentUrl\":\"https:\\\/\\\/stayliepaja.lv\\\/wp-content\\\/uploads\\\/2021\\\/12\\\/01_dom.jpg\",\"width\":1280,\"height\":853},{\"@type\":\"BreadcrumbList\",\"@id\":\"https:\\\/\\\/stayliepaja.lv\\\/viesu-maja-palangas-iela-9\\\/#breadcrumb\",\"itemListElement\":[{\"@type\":\"ListItem\",\"position\":1,\"name\":\"Home\",\"item\":\"https:\\\/\\\/stayliepaja.lv\\\/\"},{\"@type\":\"ListItem\",\"position\":2,\"name\":\"Viesu M\u0101ja Palangas iel\u0101 9\"}]},{\"@type\":\"WebSite\",\"@id\":\"https:\\\/\\\/stayliepaja.lv\\\/#website\",\"url\":\"https:\\\/\\\/stayliepaja.lv\\\/\",\"name\":\"Stayliepaja.lv\",\"description\":\"Just another WordPress site\",\"potentialAction\":[{\"@type\":\"SearchAction\",\"target\":{\"@type\":\"EntryPoint\",\"urlTemplate\":\"https:\\\/\\\/stayliepaja.lv\\\/?s={search_term_string}\"},\"query-input\":{\"@type\":\"PropertyValueSpecification\",\"valueRequired\":true,\"valueName\":\"search_term_string\"}}],\"inLanguage\":\"en-US\"}]}<\/script>\n<!-- \/ Yoast SEO plugin. -->","yoast_head_json":{"title":"Viesu M\u0101ja Palangas iel\u0101 9 - Stayliepaja.lv","description":"Viesu M\u0101ja ir izvietota klus\u0101 viet\u0101 Liep\u0101j\u0101, 600 m no gleznain\u0101s piekrastes ar baltaj\u0101m smilt\u012bm, tuvu tirdzniec\u012bbas centram.","robots":{"index":"index","follow":"follow","max-snippet":"max-snippet:-1","max-image-preview":"max-image-preview:large","max-video-preview":"max-video-preview:-1"},"canonical":"https:\/\/stayliepaja.lv\/en\/viesu-maja-palangas-iela-9\/","og_locale":"en_US","og_type":"article","og_title":"Viesu M\u0101ja Palangas iel\u0101 9 - Stayliepaja.lv","og_description":"Viesu M\u0101ja ir izvietota klus\u0101 viet\u0101 Liep\u0101j\u0101, 600 m no gleznain\u0101s piekrastes ar baltaj\u0101m smilt\u012bm, tuvu tirdzniec\u012bbas centram.","og_url":"https:\/\/stayliepaja.lv\/en\/viesu-maja-palangas-iela-9\/","og_site_name":"Stayliepaja.lv","article_modified_time":"2026-04-04T10:49:29+00:00","og_image":[{"width":1280,"height":853,"url":"https:\/\/stayliepaja.lv\/wp-content\/uploads\/2021\/12\/01_dom.jpg","type":"image\/jpeg"}],"twitter_card":"summary_large_image","twitter_misc":{"Est. reading time":"3 minutes"},"schema":{"@context":"https:\/\/schema.org","@graph":[{"@type":"WebPage","@id":"https:\/\/stayliepaja.lv\/viesu-maja-palangas-iela-9\/","url":"https:\/\/stayliepaja.lv\/viesu-maja-palangas-iela-9\/","name":"Viesu M\u0101ja Palangas iel\u0101 9 - Stayliepaja.lv","isPartOf":{"@id":"https:\/\/stayliepaja.lv\/#website"},"primaryImageOfPage":{"@id":"https:\/\/stayliepaja.lv\/viesu-maja-palangas-iela-9\/#primaryimage"},"image":{"@id":"https:\/\/stayliepaja.lv\/viesu-maja-palangas-iela-9\/#primaryimage"},"thumbnailUrl":"https:\/\/stayliepaja.lv\/wp-content\/uploads\/2021\/12\/01_dom.jpg","datePublished":"2021-12-26T12:02:36+00:00","dateModified":"2026-04-04T10:49:29+00:00","description":"Viesu M\u0101ja ir izvietota klus\u0101 viet\u0101 Liep\u0101j\u0101, 600 m no gleznain\u0101s piekrastes ar baltaj\u0101m smilt\u012bm, tuvu tirdzniec\u012bbas centram.","breadcrumb":{"@id":"https:\/\/stayliepaja.lv\/viesu-maja-palangas-iela-9\/#breadcrumb"},"inLanguage":"en-US","potentialAction":[{"@type":"ReadAction","target":["https:\/\/stayliepaja.lv\/viesu-maja-palangas-iela-9\/"]}]},{"@type":"ImageObject","inLanguage":"en-US","@id":"https:\/\/stayliepaja.lv\/viesu-maja-palangas-iela-9\/#primaryimage","url":"https:\/\/stayliepaja.lv\/wp-content\/uploads\/2021\/12\/01_dom.jpg","contentUrl":"https:\/\/stayliepaja.lv\/wp-content\/uploads\/2021\/12\/01_dom.jpg","width":1280,"height":853},{"@type":"BreadcrumbList","@id":"https:\/\/stayliepaja.lv\/viesu-maja-palangas-iela-9\/#breadcrumb","itemListElement":[{"@type":"ListItem","position":1,"name":"Home","item":"https:\/\/stayliepaja.lv\/"},{"@type":"ListItem","position":2,"name":"Viesu M\u0101ja Palangas iel\u0101 9"}]},{"@type":"WebSite","@id":"https:\/\/stayliepaja.lv\/#website","url":"https:\/\/stayliepaja.lv\/","name":"Stayliepaja.lv","description":"Just another WordPress site","potentialAction":[{"@type":"SearchAction","target":{"@type":"EntryPoint","urlTemplate":"https:\/\/stayliepaja.lv\/?s={search_term_string}"},"query-input":{"@type":"PropertyValueSpecification","valueRequired":true,"valueName":"search_term_string"}}],"inLanguage":"en-US"}]}},"_links":{"self":[{"href":"https:\/\/stayliepaja.lv\/en\/wp-json\/wp\/v2\/pages\/56","targetHints":{"allow":["GET"]}}],"collection":[{"href":"https:\/\/stayliepaja.lv\/en\/wp-json\/wp\/v2\/pages"}],"about":[{"href":"https:\/\/stayliepaja.lv\/en\/wp-json\/wp\/v2\/types\/page"}],"author":[{"embeddable":true,"href":"https:\/\/stayliepaja.lv\/en\/wp-json\/wp\/v2\/users\/1"}],"replies":[{"embeddable":true,"href":"https:\/\/stayliepaja.lv\/en\/wp-json\/wp\/v2\/comments?post=56"}],"version-history":[{"count":42,"href":"https:\/\/stayliepaja.lv\/en\/wp-json\/wp\/v2\/pages\/56\/revisions"}],"predecessor-version":[{"id":683,"href":"https:\/\/stayliepaja.lv\/en\/wp-json\/wp\/v2\/pages\/56\/revisions\/683"}],"wp:featuredmedia":[{"embeddable":true,"href":"https:\/\/stayliepaja.lv\/en\/wp-json\/wp\/v2\/media\/85"}],"wp:attachment":[{"href":"https:\/\/stayliepaja.lv\/en\/wp-json\/wp\/v2\/media?parent=56"}],"curies":[{"name":"wp","href":"https:\/\/api.w.org\/{rel}","templated":true}]}}