{"id":15,"date":"2021-12-25T13:41:21","date_gmt":"2021-12-25T13:41:21","guid":{"rendered":"https:\/\/stayliepaja.lv\/?page_id=15"},"modified":"2026-04-06T10:58:14","modified_gmt":"2026-04-06T10:58:14","slug":"viesu-majas","status":"publish","type":"page","link":"https:\/\/stayliepaja.lv\/lt\/viesu-majas\/","title":{"rendered":"Apartamenti"},"content":{"rendered":"[et_pb_section fb_built=&#8221;1&#8243; _builder_version=&#8221;4.16&#8243; _module_preset=&#8221;default&#8221; global_colors_info=&#8221;{}&#8221;][et_pb_row column_structure=&#8221;1_2,1_2&#8243; _builder_version=&#8221;4.16&#8243; _module_preset=&#8221;default&#8221; global_colors_info=&#8221;{}&#8221;][et_pb_column type=&#8221;1_2&#8243; _builder_version=&#8221;4.16&#8243; _module_preset=&#8221;default&#8221; global_colors_info=&#8221;{}&#8221;][et_pb_text _builder_version=&#8221;4.17.4&#8243; _module_preset=&#8221;default&#8221; global_colors_info=&#8221;{}&#8221;]<h3>Sve\u010di\u0173 namai Palangos gatv\u0117je 9<\/h3>[\/et_pb_text][et_pb_text _builder_version=&#8221;4.17.0&#8243; _module_preset=&#8221;default&#8221; background_image=&#8221;https:\/\/stayliepaja.lv\/wp-content\/uploads\/2021\/12\/01_dom.jpg&#8221; min_height=&#8221;280px&#8221; max_height=&#8221;280px&#8221; global_colors_info=&#8221;{}&#8221;][\/et_pb_text][et_pb_text _builder_version=&#8221;4.17.4&#8243; _module_preset=&#8221;default&#8221; global_colors_info=&#8221;{}&#8221;]<p style=\"text-align: justify;\">Viesu M\u0101j\u0101 pieejamas l\u012bdz 8 gu\u013cviet\u0101m un t\u0101 ir ide\u0101li piem\u0113rota lielai \u0123imenei ar b\u0113rniem vai div\u0101m \u0123imen\u0113m, k\u0101 ar\u012b draugu komp\u0101nijai. M\u0101j\u0101 ir viss nepiecie\u0161amais komfortablai atp\u016btai \u2013 tr\u012bs gu\u013camistabas un vannas istaba otraj\u0101 st\u0101v\u0101, pla\u0161a viesistaba, du\u0161as telpa un piln\u012bb\u0101 apr\u012bkota virtuve pirmaj\u0101 st\u0101v\u0101.<\/p>[\/et_pb_text][et_pb_button button_url=&#8221;@ET-DC@eyJkeW5hbWljIjp0cnVlLCJjb250ZW50IjoicG9zdF9saW5rX3VybF9wYWdlIiwic2V0dGluZ3MiOnsicG9zdF9pZCI6IjU2In19@&#8221; button_text=&#8221;Apskat\u012bt un rezerv\u0113t&#8221; button_alignment=&#8221;center&#8221; _builder_version=&#8221;4.17.0&#8243; _dynamic_attributes=&#8221;button_url&#8221; _module_preset=&#8221;default&#8221; custom_button=&#8221;on&#8221; button_text_color=&#8221;#E09900&#8243; global_colors_info=&#8221;{}&#8221;][\/et_pb_button][\/et_pb_column][et_pb_column type=&#8221;1_2&#8243; _builder_version=&#8221;4.16&#8243; _module_preset=&#8221;default&#8221; global_colors_info=&#8221;{}&#8221;][et_pb_text _builder_version=&#8221;4.17.4&#8243; _module_preset=&#8221;default&#8221; global_colors_info=&#8221;{}&#8221;]<h3>Sve\u010di\u0173 namai Palangos gatv\u0117je 23<\/h3>[\/et_pb_text][et_pb_text _builder_version=&#8221;4.17.0&#8243; _module_preset=&#8221;default&#8221; background_image=&#8221;https:\/\/stayliepaja.lv\/wp-content\/uploads\/2022\/04\/WhatsApp-Image-2020-06-12-at-22.07.31-2.jpeg&#8221; background_position=&#8221;top_center&#8221; min_height=&#8221;280px&#8221; max_height=&#8221;280px&#8221; global_colors_info=&#8221;{}&#8221;][\/et_pb_text][et_pb_text _builder_version=&#8221;4.17.4&#8243; _module_preset=&#8221;default&#8221; global_colors_info=&#8221;{}&#8221;]<p style=\"text-align: justify;\">Viesu M\u0101ja ir izvietota klus\u0101 viet\u0101 Liep\u0101j\u0101, 400 m no gleznain\u0101s piekrastes ar baltaj\u0101m smilt\u012bm, tuvu tirdzniec\u012bbas centram. L\u012bdz pils\u0113tas centram 15 min\u016btes, ejot ar k\u0101j\u0101m. M\u0101j\u0101 pieejamas l\u012bdz 6 gu\u013cviet\u0101m vietas ziem\u0101 un l\u012bdz 10 gu\u013camviet\u0101m vasar\u0101. T\u0101 ir ide\u0101li piem\u0113rota lielai \u0123imenei ar b\u0113rniem vai div\u0101m \u0123imen\u0113m, k\u0101 ar\u012b draugu komp\u0101nijai.<\/p>[\/et_pb_text][et_pb_button button_url=&#8221;@ET-DC@eyJkeW5hbWljIjp0cnVlLCJjb250ZW50IjoicG9zdF9saW5rX3VybF9wYWdlIiwic2V0dGluZ3MiOnsicG9zdF9pZCI6IjIyMSJ9fQ==@&#8221; button_text=&#8221;Apskat\u012bt un rezerv\u0113t&#8221; button_alignment=&#8221;center&#8221; _builder_version=&#8221;4.17.0&#8243; _dynamic_attributes=&#8221;button_url&#8221; _module_preset=&#8221;default&#8221; custom_button=&#8221;on&#8221; button_text_color=&#8221;#E09900&#8243; global_colors_info=&#8221;{}&#8221;][\/et_pb_button][\/et_pb_column][\/et_pb_row][et_pb_row column_structure=&#8221;1_2,1_2&#8243; _builder_version=&#8221;4.16&#8243; _module_preset=&#8221;default&#8221; global_colors_info=&#8221;{}&#8221;][et_pb_column type=&#8221;1_2&#8243; _builder_version=&#8221;4.16&#8243; _module_preset=&#8221;default&#8221; global_colors_info=&#8221;{}&#8221;][et_pb_text _builder_version=&#8221;4.27.5&#8243; _module_preset=&#8221;default&#8221; hover_enabled=&#8221;0&#8243; global_colors_info=&#8221;{}&#8221; sticky_enabled=&#8221;0&#8243;]<h3>Dz\u012bvoklis Dzintaru iel\u0101 88<\/h3>[\/et_pb_text][et_pb_text _builder_version=&#8221;4.27.5&#8243; _module_preset=&#8221;default&#8221; background_image=&#8221;https:\/\/stayliepaja.lv\/wp-content\/uploads\/2026\/04\/Dzintaru-88-living-room2.jpeg&#8221; min_height=&#8221;280px&#8221; max_height=&#8221;280px&#8221; hover_enabled=&#8221;0&#8243; global_colors_info=&#8221;{}&#8221; title_text=&#8221;Dzintaru 88 living room2&#8243; sticky_enabled=&#8221;0&#8243;][\/et_pb_text][et_pb_text _builder_version=&#8221;4.27.5&#8243; _module_preset=&#8221;default&#8221; hover_enabled=&#8221;0&#8243; global_colors_info=&#8221;{}&#8221; sticky_enabled=&#8221;0&#8243;]<p style=\"text-align: justify;\"><span>Dzintaru 88 apartamenti atrodas ide\u0101l\u0101 viet\u0101 Liep\u0101j\u0101, net\u0101lu no pludmales, un pied\u0101v\u0101 bezmaksas WiFi, piln\u012bb\u0101 apr\u012bkotu virtuvi, balkonu, k\u0101 ar\u012b atsevi\u0161\u0137u ieeju \u2013 \u0113rti sasniedzami ir galvenie apskates objekti, tostarp Sv\u0113t\u0101s Annas bazn\u012bca, Liep\u0101jas muzejs un br\u012bvdabas koncertz\u0101le \u201cPut, v\u0113ji\u0146i!\u201d.<\/span><\/p>[\/et_pb_text][et_pb_button button_url=&#8221;@ET-DC@eyJkeW5hbWljIjp0cnVlLCJjb250ZW50IjoicG9zdF9saW5rX3VybF9wYWdlIiwic2V0dGluZ3MiOnsicG9zdF9pZCI6IjY4NyJ9fQ==@&#8221; button_text=&#8221;Apskat\u012bt un rezerv\u0113t&#8221; button_alignment=&#8221;center&#8221; _builder_version=&#8221;4.27.5&#8243; _dynamic_attributes=&#8221;button_url&#8221; _module_preset=&#8221;default&#8221; custom_button=&#8221;on&#8221; button_text_color=&#8221;#E09900&#8243; hover_enabled=&#8221;0&#8243; global_colors_info=&#8221;{}&#8221; sticky_enabled=&#8221;0&#8243;][\/et_pb_button][\/et_pb_column][et_pb_column type=&#8221;1_2&#8243; _builder_version=&#8221;4.16&#8243; _module_preset=&#8221;default&#8221; global_colors_info=&#8221;{}&#8221;][\/et_pb_column][\/et_pb_row][\/et_pb_section]","protected":false},"excerpt":{"rendered":"<p>Viesu M\u0101ja Palangas iel\u0101 9Viesu M\u0101j\u0101 pieejamas l\u012bdz 8 gu\u013cviet\u0101m un t\u0101 ir ide\u0101li piem\u0113rota lielai \u0123imenei ar b\u0113rniem vai div\u0101m \u0123imen\u0113m, k\u0101 ar\u012b draugu komp\u0101nijai. M\u0101j\u0101 ir viss nepiecie\u0161amais komfortablai atp\u016btai \u2013 tr\u012bs gu\u013camistabas un vannas istaba otraj\u0101 st\u0101v\u0101, pla\u0161a viesistaba, du\u0161as telpa un piln\u012bb\u0101 apr\u012bkota virtuve pirmaj\u0101 st\u0101v\u0101.Viesu M\u0101ja Palangas iel\u0101 23Viesu M\u0101ja [&hellip;]<\/p>","protected":false},"author":1,"featured_media":334,"parent":0,"menu_order":0,"comment_status":"closed","ping_status":"closed","template":"","meta":{"_et_pb_use_builder":"on","_et_pb_old_content":"","_et_gb_content_width":"","footnotes":""},"class_list":["post-15","page","type-page","status-publish","has-post-thumbnail","hentry"],"yoast_head":"<!-- This site is optimized with the Yoast SEO plugin v27.3 - https:\/\/yoast.com\/product\/yoast-seo-wordpress\/ -->\n<title>Apartamenti - Stayliepaja.lv<\/title>\n<meta name=\"description\" content=\"Viesu m\u0101jas atrodas klus\u0101 viet\u0101 net\u0101lu no tirdzniec\u012bbas centra un net\u0101lu no gleznain\u0101s balto smil\u0161u pludmales.\" \/>\n<meta name=\"robots\" content=\"index, follow, max-snippet:-1, max-image-preview:large, max-video-preview:-1\" \/>\n<link rel=\"canonical\" href=\"https:\/\/stayliepaja.lv\/lt\/viesu-majas\/\" \/>\n<meta property=\"og:locale\" content=\"lt_LT\" \/>\n<meta property=\"og:type\" content=\"article\" \/>\n<meta property=\"og:title\" content=\"Apartamenti - Stayliepaja.lv\" \/>\n<meta property=\"og:description\" content=\"Viesu m\u0101jas atrodas klus\u0101 viet\u0101 net\u0101lu no tirdzniec\u012bbas centra un net\u0101lu no gleznain\u0101s balto smil\u0161u pludmales.\" \/>\n<meta property=\"og:url\" content=\"https:\/\/stayliepaja.lv\/lt\/viesu-majas\/\" \/>\n<meta property=\"og:site_name\" content=\"Stayliepaja.lv\" \/>\n<meta property=\"article:modified_time\" content=\"2026-04-06T10:58:14+00:00\" \/>\n<meta property=\"og:image\" content=\"https:\/\/stayliepaja.lv\/wp-content\/uploads\/2022\/04\/liepaja_beach_sign-wallpaper-1920x1200-1.jpg\" \/>\n\t<meta property=\"og:image:width\" content=\"1920\" \/>\n\t<meta property=\"og:image:height\" content=\"1200\" \/>\n\t<meta property=\"og:image:type\" content=\"image\/jpeg\" \/>\n<meta name=\"twitter:card\" content=\"summary_large_image\" \/>\n<meta name=\"twitter:label1\" content=\"Est. reading time\" \/>\n\t<meta name=\"twitter:data1\" content=\"1 minut\u0117\" \/>\n<script type=\"application\/ld+json\" class=\"yoast-schema-graph\">{\"@context\":\"https:\\\/\\\/schema.org\",\"@graph\":[{\"@type\":\"WebPage\",\"@id\":\"https:\\\/\\\/stayliepaja.lv\\\/viesu-majas\\\/\",\"url\":\"https:\\\/\\\/stayliepaja.lv\\\/viesu-majas\\\/\",\"name\":\"Apartamenti - Stayliepaja.lv\",\"isPartOf\":{\"@id\":\"https:\\\/\\\/stayliepaja.lv\\\/#website\"},\"primaryImageOfPage\":{\"@id\":\"https:\\\/\\\/stayliepaja.lv\\\/viesu-majas\\\/#primaryimage\"},\"image\":{\"@id\":\"https:\\\/\\\/stayliepaja.lv\\\/viesu-majas\\\/#primaryimage\"},\"thumbnailUrl\":\"https:\\\/\\\/stayliepaja.lv\\\/wp-content\\\/uploads\\\/2022\\\/04\\\/liepaja_beach_sign-wallpaper-1920x1200-1.jpg\",\"datePublished\":\"2021-12-25T13:41:21+00:00\",\"dateModified\":\"2026-04-06T10:58:14+00:00\",\"description\":\"Viesu m\u0101jas atrodas klus\u0101 viet\u0101 net\u0101lu no tirdzniec\u012bbas centra un net\u0101lu no gleznain\u0101s balto smil\u0161u pludmales.\",\"breadcrumb\":{\"@id\":\"https:\\\/\\\/stayliepaja.lv\\\/viesu-majas\\\/#breadcrumb\"},\"inLanguage\":\"lt-LT\",\"potentialAction\":[{\"@type\":\"ReadAction\",\"target\":[\"https:\\\/\\\/stayliepaja.lv\\\/viesu-majas\\\/\"]}]},{\"@type\":\"ImageObject\",\"inLanguage\":\"lt-LT\",\"@id\":\"https:\\\/\\\/stayliepaja.lv\\\/viesu-majas\\\/#primaryimage\",\"url\":\"https:\\\/\\\/stayliepaja.lv\\\/wp-content\\\/uploads\\\/2022\\\/04\\\/liepaja_beach_sign-wallpaper-1920x1200-1.jpg\",\"contentUrl\":\"https:\\\/\\\/stayliepaja.lv\\\/wp-content\\\/uploads\\\/2022\\\/04\\\/liepaja_beach_sign-wallpaper-1920x1200-1.jpg\",\"width\":1920,\"height\":1200,\"caption\":\"liepaja bich\"},{\"@type\":\"BreadcrumbList\",\"@id\":\"https:\\\/\\\/stayliepaja.lv\\\/viesu-majas\\\/#breadcrumb\",\"itemListElement\":[{\"@type\":\"ListItem\",\"position\":1,\"name\":\"Home\",\"item\":\"https:\\\/\\\/stayliepaja.lv\\\/\"},{\"@type\":\"ListItem\",\"position\":2,\"name\":\"Apartamenti\"}]},{\"@type\":\"WebSite\",\"@id\":\"https:\\\/\\\/stayliepaja.lv\\\/#website\",\"url\":\"https:\\\/\\\/stayliepaja.lv\\\/\",\"name\":\"Stayliepaja.lv\",\"description\":\"Just another WordPress site\",\"potentialAction\":[{\"@type\":\"SearchAction\",\"target\":{\"@type\":\"EntryPoint\",\"urlTemplate\":\"https:\\\/\\\/stayliepaja.lv\\\/?s={search_term_string}\"},\"query-input\":{\"@type\":\"PropertyValueSpecification\",\"valueRequired\":true,\"valueName\":\"search_term_string\"}}],\"inLanguage\":\"lt-LT\"}]}<\/script>\n<!-- \/ Yoast SEO plugin. -->","yoast_head_json":{"title":"Apartamenti - Stayliepaja.lv","description":"Viesu m\u0101jas atrodas klus\u0101 viet\u0101 net\u0101lu no tirdzniec\u012bbas centra un net\u0101lu no gleznain\u0101s balto smil\u0161u pludmales.","robots":{"index":"index","follow":"follow","max-snippet":"max-snippet:-1","max-image-preview":"max-image-preview:large","max-video-preview":"max-video-preview:-1"},"canonical":"https:\/\/stayliepaja.lv\/lt\/viesu-majas\/","og_locale":"lt_LT","og_type":"article","og_title":"Apartamenti - Stayliepaja.lv","og_description":"Viesu m\u0101jas atrodas klus\u0101 viet\u0101 net\u0101lu no tirdzniec\u012bbas centra un net\u0101lu no gleznain\u0101s balto smil\u0161u pludmales.","og_url":"https:\/\/stayliepaja.lv\/lt\/viesu-majas\/","og_site_name":"Stayliepaja.lv","article_modified_time":"2026-04-06T10:58:14+00:00","og_image":[{"width":1920,"height":1200,"url":"https:\/\/stayliepaja.lv\/wp-content\/uploads\/2022\/04\/liepaja_beach_sign-wallpaper-1920x1200-1.jpg","type":"image\/jpeg"}],"twitter_card":"summary_large_image","twitter_misc":{"Est. reading time":"1 minut\u0117"},"schema":{"@context":"https:\/\/schema.org","@graph":[{"@type":"WebPage","@id":"https:\/\/stayliepaja.lv\/viesu-majas\/","url":"https:\/\/stayliepaja.lv\/viesu-majas\/","name":"Apartamenti - Stayliepaja.lv","isPartOf":{"@id":"https:\/\/stayliepaja.lv\/#website"},"primaryImageOfPage":{"@id":"https:\/\/stayliepaja.lv\/viesu-majas\/#primaryimage"},"image":{"@id":"https:\/\/stayliepaja.lv\/viesu-majas\/#primaryimage"},"thumbnailUrl":"https:\/\/stayliepaja.lv\/wp-content\/uploads\/2022\/04\/liepaja_beach_sign-wallpaper-1920x1200-1.jpg","datePublished":"2021-12-25T13:41:21+00:00","dateModified":"2026-04-06T10:58:14+00:00","description":"Viesu m\u0101jas atrodas klus\u0101 viet\u0101 net\u0101lu no tirdzniec\u012bbas centra un net\u0101lu no gleznain\u0101s balto smil\u0161u pludmales.","breadcrumb":{"@id":"https:\/\/stayliepaja.lv\/viesu-majas\/#breadcrumb"},"inLanguage":"lt-LT","potentialAction":[{"@type":"ReadAction","target":["https:\/\/stayliepaja.lv\/viesu-majas\/"]}]},{"@type":"ImageObject","inLanguage":"lt-LT","@id":"https:\/\/stayliepaja.lv\/viesu-majas\/#primaryimage","url":"https:\/\/stayliepaja.lv\/wp-content\/uploads\/2022\/04\/liepaja_beach_sign-wallpaper-1920x1200-1.jpg","contentUrl":"https:\/\/stayliepaja.lv\/wp-content\/uploads\/2022\/04\/liepaja_beach_sign-wallpaper-1920x1200-1.jpg","width":1920,"height":1200,"caption":"liepaja bich"},{"@type":"BreadcrumbList","@id":"https:\/\/stayliepaja.lv\/viesu-majas\/#breadcrumb","itemListElement":[{"@type":"ListItem","position":1,"name":"Home","item":"https:\/\/stayliepaja.lv\/"},{"@type":"ListItem","position":2,"name":"Apartamenti"}]},{"@type":"WebSite","@id":"https:\/\/stayliepaja.lv\/#website","url":"https:\/\/stayliepaja.lv\/","name":"Stayliepaja.lv","description":"Just another WordPress site","potentialAction":[{"@type":"SearchAction","target":{"@type":"EntryPoint","urlTemplate":"https:\/\/stayliepaja.lv\/?s={search_term_string}"},"query-input":{"@type":"PropertyValueSpecification","valueRequired":true,"valueName":"search_term_string"}}],"inLanguage":"lt-LT"}]}},"_links":{"self":[{"href":"https:\/\/stayliepaja.lv\/lt\/wp-json\/wp\/v2\/pages\/15","targetHints":{"allow":["GET"]}}],"collection":[{"href":"https:\/\/stayliepaja.lv\/lt\/wp-json\/wp\/v2\/pages"}],"about":[{"href":"https:\/\/stayliepaja.lv\/lt\/wp-json\/wp\/v2\/types\/page"}],"author":[{"embeddable":true,"href":"https:\/\/stayliepaja.lv\/lt\/wp-json\/wp\/v2\/users\/1"}],"replies":[{"embeddable":true,"href":"https:\/\/stayliepaja.lv\/lt\/wp-json\/wp\/v2\/comments?post=15"}],"version-history":[{"count":16,"href":"https:\/\/stayliepaja.lv\/lt\/wp-json\/wp\/v2\/pages\/15\/revisions"}],"predecessor-version":[{"id":748,"href":"https:\/\/stayliepaja.lv\/lt\/wp-json\/wp\/v2\/pages\/15\/revisions\/748"}],"wp:featuredmedia":[{"embeddable":true,"href":"https:\/\/stayliepaja.lv\/lt\/wp-json\/wp\/v2\/media\/334"}],"wp:attachment":[{"href":"https:\/\/stayliepaja.lv\/lt\/wp-json\/wp\/v2\/media?parent=15"}],"curies":[{"name":"wp","href":"https:\/\/api.w.org\/{rel}","templated":true}]}}