{"id":21,"date":"2021-12-25T13:42:32","date_gmt":"2021-12-25T13:42:32","guid":{"rendered":"https:\/\/stayliepaja.lv\/?page_id=21"},"modified":"2022-04-19T08:57:40","modified_gmt":"2022-04-19T08:57:40","slug":"par-liepaju","status":"publish","type":"page","link":"https:\/\/stayliepaja.lv\/lt\/par-liepaju\/","title":{"rendered":"Apie Liepoj\u0105"},"content":{"rendered":"[et_pb_section fb_built=&#8221;1&#8243; theme_builder_area=&#8221;post_content&#8221; specialty=&#8221;on&#8221; _builder_version=&#8221;4.14.8&#8243; _module_preset=&#8221;default&#8221;][et_pb_column type=&#8221;3_4&#8243; specialty_columns=&#8221;3&#8243; theme_builder_area=&#8221;post_content&#8221;][et_pb_row_inner _builder_version=&#8221;4.14.8&#8243; _module_preset=&#8221;default&#8221; custom_margin=&#8221;20px||||false|false&#8221; custom_padding=&#8221;0px||1px||false|false&#8221; global_colors_info=&#8221;{}&#8221; theme_builder_area=&#8221;post_content&#8221;][et_pb_column_inner _builder_version=&#8221;4.14.8&#8243; _module_preset=&#8221;default&#8221; global_colors_info=&#8221;{}&#8221; saved_specialty_column_type=&#8221;3_4&#8243; theme_builder_area=&#8221;post_content&#8221;][et_pb_text _builder_version=&#8221;4.14.8&#8243; _module_preset=&#8221;default&#8221; global_colors_info=&#8221;{}&#8221; theme_builder_area=&#8221;post_content&#8221;]<h4><strong>Visp\u0101r\u012bga inform\u0101cija<\/strong><\/h4>[\/et_pb_text][et_pb_image src=&#8221;https:\/\/stayliepaja.lv\/wp-content\/uploads\/2022\/04\/liepaja.png&#8221; title_text=&#8221;liepaja&#8221; force_fullwidth=&#8221;on&#8221; _builder_version=&#8221;4.14.8&#8243; _module_preset=&#8221;default&#8221; global_colors_info=&#8221;{}&#8221; theme_builder_area=&#8221;post_content&#8221;][\/et_pb_image][et_pb_text _builder_version=&#8221;4.14.8&#8243; _module_preset=&#8221;default&#8221; global_colors_info=&#8221;{}&#8221; theme_builder_area=&#8221;post_content&#8221;]<p style=\"text-align: justify;\">Liep\u0101ja ir tre\u0161\u0101 liel\u0101k\u0101 Latvijas un desmit\u0101 liel\u0101k\u0101 Baltijas valstu pils\u0113ta, kuru par sav\u0101m m\u0101j\u0101m ir izv\u0113l\u0113ju\u0161ies ap 72 000 cilv\u0113ku. J\u016bra ar valst\u012b pla\u0161\u0101ko smil\u0161u pludmali nesteidz\u012bg\u0101m pastaig\u0101m, \u013coti skaista daba un kr\u0101\u0161\u0146i saulrieti \u2013 t\u0101s ir tikai da\u017eas no neskait\u0101m\u0101m liet\u0101m, kuras \u0161urp vilina Liep\u0101jas viesus, dz\u012bvojo\u0161us k\u0101 Latvij\u0101, t\u0101 ar\u012b \u0101rpus t\u0101s.<\/p>[\/et_pb_text][et_pb_text _builder_version=&#8221;4.14.8&#8243; _module_preset=&#8221;default&#8221; global_colors_info=&#8221;{}&#8221; theme_builder_area=&#8221;post_content&#8221;]<p style=\"text-align: right;\"><a href=\"http:\/\/www.liepaja.lv\/page\/2\" target=\"_blank\" rel=\"noopener\">Detaliz\u0113t\u0101k&#8230;<\/a><span>\u00a0(www.liepaja.lv)<\/span><\/p>[\/et_pb_text][et_pb_divider _builder_version=&#8221;4.14.8&#8243; _module_preset=&#8221;default&#8221; global_colors_info=&#8221;{}&#8221; theme_builder_area=&#8221;post_content&#8221;][\/et_pb_divider][\/et_pb_column_inner][\/et_pb_row_inner][et_pb_row_inner column_structure=&#8221;1_3,1_3,1_3&#8243; use_custom_gutter=&#8221;on&#8221; gutter_width=&#8221;2&#8243; _builder_version=&#8221;4.14.8&#8243; _module_preset=&#8221;default&#8221; global_colors_info=&#8221;{}&#8221; theme_builder_area=&#8221;post_content&#8221;][et_pb_column_inner type=&#8221;1_3&#8243; _builder_version=&#8221;4.14.8&#8243; _module_preset=&#8221;default&#8221; global_colors_info=&#8221;{}&#8221; saved_specialty_column_type=&#8221;3_4&#8243; theme_builder_area=&#8221;post_content&#8221;][et_pb_video src=&#8221;https:\/\/youtu.be\/qXAZHWjBNFE&#8221; _builder_version=&#8221;4.14.8&#8243; _module_preset=&#8221;default&#8221; global_colors_info=&#8221;{}&#8221; theme_builder_area=&#8221;post_content&#8221;][\/et_pb_video][\/et_pb_column_inner][et_pb_column_inner type=&#8221;1_3&#8243; _builder_version=&#8221;4.14.8&#8243; _module_preset=&#8221;default&#8221; global_colors_info=&#8221;{}&#8221; saved_specialty_column_type=&#8221;3_4&#8243; theme_builder_area=&#8221;post_content&#8221;][et_pb_video src=&#8221;https:\/\/youtu.be\/9u30odplOUw&#8221; _builder_version=&#8221;4.14.8&#8243; _module_preset=&#8221;default&#8221; global_colors_info=&#8221;{}&#8221; theme_builder_area=&#8221;post_content&#8221;][\/et_pb_video][\/et_pb_column_inner][et_pb_column_inner type=&#8221;1_3&#8243; _builder_version=&#8221;4.14.8&#8243; _module_preset=&#8221;default&#8221; global_colors_info=&#8221;{}&#8221; saved_specialty_column_type=&#8221;3_4&#8243; theme_builder_area=&#8221;post_content&#8221;][et_pb_video src=&#8221;https:\/\/www.youtube.com\/watch?v=lYtUOP9APm8&#8243; _builder_version=&#8221;4.14.8&#8243; _module_preset=&#8221;default&#8221; global_colors_info=&#8221;{}&#8221; theme_builder_area=&#8221;post_content&#8221;][\/et_pb_video][\/et_pb_column_inner][\/et_pb_row_inner][et_pb_row_inner column_structure=&#8221;1_3,1_3,1_3&#8243; use_custom_gutter=&#8221;on&#8221; gutter_width=&#8221;2&#8243; _builder_version=&#8221;4.14.8&#8243; _module_preset=&#8221;default&#8221; global_colors_info=&#8221;{}&#8221; theme_builder_area=&#8221;post_content&#8221;][et_pb_column_inner type=&#8221;1_3&#8243; _builder_version=&#8221;4.14.8&#8243; _module_preset=&#8221;default&#8221; global_colors_info=&#8221;{}&#8221; saved_specialty_column_type=&#8221;3_4&#8243; theme_builder_area=&#8221;post_content&#8221;][et_pb_video src=&#8221;https:\/\/www.youtube.com\/watch?v=atgYry5_DRM&#8221; _builder_version=&#8221;4.14.8&#8243; _module_preset=&#8221;default&#8221; global_colors_info=&#8221;{}&#8221; theme_builder_area=&#8221;post_content&#8221;][\/et_pb_video][\/et_pb_column_inner][et_pb_column_inner type=&#8221;1_3&#8243; _builder_version=&#8221;4.14.8&#8243; _module_preset=&#8221;default&#8221; global_colors_info=&#8221;{}&#8221; saved_specialty_column_type=&#8221;3_4&#8243; theme_builder_area=&#8221;post_content&#8221;][et_pb_video src=&#8221;https:\/\/www.youtube.com\/watch?v=j-7R9BhGr6g&#8221; _builder_version=&#8221;4.14.8&#8243; _module_preset=&#8221;default&#8221; global_colors_info=&#8221;{}&#8221; theme_builder_area=&#8221;post_content&#8221;][\/et_pb_video][\/et_pb_column_inner][et_pb_column_inner type=&#8221;1_3&#8243; _builder_version=&#8221;4.14.8&#8243; _module_preset=&#8221;default&#8221; global_colors_info=&#8221;{}&#8221; saved_specialty_column_type=&#8221;3_4&#8243; theme_builder_area=&#8221;post_content&#8221;][et_pb_video src=&#8221;https:\/\/www.youtube.com\/watch?v=eBZrbK7Od7w&#8221; _builder_version=&#8221;4.14.8&#8243; _module_preset=&#8221;default&#8221; global_colors_info=&#8221;{}&#8221; theme_builder_area=&#8221;post_content&#8221;][\/et_pb_video][\/et_pb_column_inner][\/et_pb_row_inner][\/et_pb_column][et_pb_column type=&#8221;1_4&#8243; theme_builder_area=&#8221;post_content&#8221;][et_pb_sidebar _builder_version=&#8221;4.14.8&#8243; _module_preset=&#8221;default&#8221; theme_builder_area=&#8221;post_content&#8221; show_border=&#8221;off&#8221; hover_enabled=&#8221;0&#8243; sticky_enabled=&#8221;0&#8243;][\/et_pb_sidebar][\/et_pb_column][\/et_pb_section]","protected":false},"excerpt":{"rendered":"<p>Visp\u0101r\u012bga inform\u0101cijaLiep\u0101ja ir tre\u0161\u0101 liel\u0101k\u0101 Latvijas un desmit\u0101 liel\u0101k\u0101 Baltijas valstu pils\u0113ta, kuru par sav\u0101m m\u0101j\u0101m ir izv\u0113l\u0113ju\u0161ies ap 72 000 cilv\u0113ku. J\u016bra ar valst\u012b pla\u0161\u0101ko smil\u0161u pludmali nesteidz\u012bg\u0101m pastaig\u0101m, \u013coti skaista daba un kr\u0101\u0161\u0146i saulrieti \u2013 t\u0101s ir tikai da\u017eas no neskait\u0101m\u0101m liet\u0101m, kuras \u0161urp vilina Liep\u0101jas viesus, dz\u012bvojo\u0161us k\u0101 Latvij\u0101, t\u0101 ar\u012b \u0101rpus [&hellip;]<\/p>","protected":false},"author":1,"featured_media":515,"parent":0,"menu_order":0,"comment_status":"closed","ping_status":"closed","template":"","meta":{"_et_pb_use_builder":"on","_et_pb_old_content":"","_et_gb_content_width":"","footnotes":""},"class_list":["post-21","page","type-page","status-publish","has-post-thumbnail","hentry"],"yoast_head":"<!-- This site is optimized with the Yoast SEO plugin v27.3 - https:\/\/yoast.com\/product\/yoast-seo-wordpress\/ -->\n<title>Par Liep\u0101ju - Stayliepaja.lv<\/title>\n<meta name=\"description\" content=\"Par Liep\u0101ju. Liep\u0101ja ir tre\u0161\u0101 liel\u0101k\u0101 Latvijas. Liep\u0101ja ir bag\u0101ta ar kult\u016bras, m\u0101kslas un sporta trad\u012bcij\u0101m.\" \/>\n<meta name=\"robots\" content=\"index, follow, max-snippet:-1, max-image-preview:large, max-video-preview:-1\" \/>\n<link rel=\"canonical\" href=\"https:\/\/stayliepaja.lv\/lt\/par-liepaju\/\" \/>\n<meta property=\"og:locale\" content=\"lt_LT\" \/>\n<meta property=\"og:type\" content=\"article\" \/>\n<meta property=\"og:title\" content=\"Par Liep\u0101ju - Stayliepaja.lv\" \/>\n<meta property=\"og:description\" content=\"Par Liep\u0101ju. Liep\u0101ja ir tre\u0161\u0101 liel\u0101k\u0101 Latvijas. Liep\u0101ja ir bag\u0101ta ar kult\u016bras, m\u0101kslas un sporta trad\u012bcij\u0101m.\" \/>\n<meta property=\"og:url\" content=\"https:\/\/stayliepaja.lv\/lt\/par-liepaju\/\" \/>\n<meta property=\"og:site_name\" content=\"Stayliepaja.lv\" \/>\n<meta property=\"article:modified_time\" content=\"2022-04-19T08:57:40+00:00\" \/>\n<meta property=\"og:image\" content=\"https:\/\/stayliepaja.lv\/wp-content\/uploads\/2022\/04\/par-liepaju.jpg\" \/>\n\t<meta property=\"og:image:width\" content=\"1688\" \/>\n\t<meta property=\"og:image:height\" content=\"1125\" \/>\n\t<meta property=\"og:image:type\" content=\"image\/jpeg\" \/>\n<meta name=\"twitter:card\" content=\"summary_large_image\" \/>\n<meta name=\"twitter:label1\" content=\"Est. reading time\" \/>\n\t<meta name=\"twitter:data1\" content=\"1 minut\u0117\" \/>\n<script type=\"application\/ld+json\" class=\"yoast-schema-graph\">{\"@context\":\"https:\\\/\\\/schema.org\",\"@graph\":[{\"@type\":\"WebPage\",\"@id\":\"https:\\\/\\\/stayliepaja.lv\\\/par-liepaju\\\/\",\"url\":\"https:\\\/\\\/stayliepaja.lv\\\/par-liepaju\\\/\",\"name\":\"Par Liep\u0101ju - Stayliepaja.lv\",\"isPartOf\":{\"@id\":\"https:\\\/\\\/stayliepaja.lv\\\/#website\"},\"primaryImageOfPage\":{\"@id\":\"https:\\\/\\\/stayliepaja.lv\\\/par-liepaju\\\/#primaryimage\"},\"image\":{\"@id\":\"https:\\\/\\\/stayliepaja.lv\\\/par-liepaju\\\/#primaryimage\"},\"thumbnailUrl\":\"https:\\\/\\\/stayliepaja.lv\\\/wp-content\\\/uploads\\\/2022\\\/04\\\/par-liepaju.jpg\",\"datePublished\":\"2021-12-25T13:42:32+00:00\",\"dateModified\":\"2022-04-19T08:57:40+00:00\",\"description\":\"Par Liep\u0101ju. Liep\u0101ja ir tre\u0161\u0101 liel\u0101k\u0101 Latvijas. Liep\u0101ja ir bag\u0101ta ar kult\u016bras, m\u0101kslas un sporta trad\u012bcij\u0101m.\",\"breadcrumb\":{\"@id\":\"https:\\\/\\\/stayliepaja.lv\\\/par-liepaju\\\/#breadcrumb\"},\"inLanguage\":\"lt-LT\",\"potentialAction\":[{\"@type\":\"ReadAction\",\"target\":[\"https:\\\/\\\/stayliepaja.lv\\\/par-liepaju\\\/\"]}]},{\"@type\":\"ImageObject\",\"inLanguage\":\"lt-LT\",\"@id\":\"https:\\\/\\\/stayliepaja.lv\\\/par-liepaju\\\/#primaryimage\",\"url\":\"https:\\\/\\\/stayliepaja.lv\\\/wp-content\\\/uploads\\\/2022\\\/04\\\/par-liepaju.jpg\",\"contentUrl\":\"https:\\\/\\\/stayliepaja.lv\\\/wp-content\\\/uploads\\\/2022\\\/04\\\/par-liepaju.jpg\",\"width\":1688,\"height\":1125,\"caption\":\"par liepaju\"},{\"@type\":\"BreadcrumbList\",\"@id\":\"https:\\\/\\\/stayliepaja.lv\\\/par-liepaju\\\/#breadcrumb\",\"itemListElement\":[{\"@type\":\"ListItem\",\"position\":1,\"name\":\"Home\",\"item\":\"https:\\\/\\\/stayliepaja.lv\\\/\"},{\"@type\":\"ListItem\",\"position\":2,\"name\":\"Par Liep\u0101ju\"}]},{\"@type\":\"WebSite\",\"@id\":\"https:\\\/\\\/stayliepaja.lv\\\/#website\",\"url\":\"https:\\\/\\\/stayliepaja.lv\\\/\",\"name\":\"Stayliepaja.lv\",\"description\":\"Just another WordPress site\",\"potentialAction\":[{\"@type\":\"SearchAction\",\"target\":{\"@type\":\"EntryPoint\",\"urlTemplate\":\"https:\\\/\\\/stayliepaja.lv\\\/?s={search_term_string}\"},\"query-input\":{\"@type\":\"PropertyValueSpecification\",\"valueRequired\":true,\"valueName\":\"search_term_string\"}}],\"inLanguage\":\"lt-LT\"}]}<\/script>\n<!-- \/ Yoast SEO plugin. -->","yoast_head_json":{"title":"Par Liep\u0101ju - Stayliepaja.lv","description":"Par Liep\u0101ju. Liep\u0101ja ir tre\u0161\u0101 liel\u0101k\u0101 Latvijas. Liep\u0101ja ir bag\u0101ta ar kult\u016bras, m\u0101kslas un sporta trad\u012bcij\u0101m.","robots":{"index":"index","follow":"follow","max-snippet":"max-snippet:-1","max-image-preview":"max-image-preview:large","max-video-preview":"max-video-preview:-1"},"canonical":"https:\/\/stayliepaja.lv\/lt\/par-liepaju\/","og_locale":"lt_LT","og_type":"article","og_title":"Par Liep\u0101ju - Stayliepaja.lv","og_description":"Par Liep\u0101ju. Liep\u0101ja ir tre\u0161\u0101 liel\u0101k\u0101 Latvijas. Liep\u0101ja ir bag\u0101ta ar kult\u016bras, m\u0101kslas un sporta trad\u012bcij\u0101m.","og_url":"https:\/\/stayliepaja.lv\/lt\/par-liepaju\/","og_site_name":"Stayliepaja.lv","article_modified_time":"2022-04-19T08:57:40+00:00","og_image":[{"width":1688,"height":1125,"url":"https:\/\/stayliepaja.lv\/wp-content\/uploads\/2022\/04\/par-liepaju.jpg","type":"image\/jpeg"}],"twitter_card":"summary_large_image","twitter_misc":{"Est. reading time":"1 minut\u0117"},"schema":{"@context":"https:\/\/schema.org","@graph":[{"@type":"WebPage","@id":"https:\/\/stayliepaja.lv\/par-liepaju\/","url":"https:\/\/stayliepaja.lv\/par-liepaju\/","name":"Par Liep\u0101ju - Stayliepaja.lv","isPartOf":{"@id":"https:\/\/stayliepaja.lv\/#website"},"primaryImageOfPage":{"@id":"https:\/\/stayliepaja.lv\/par-liepaju\/#primaryimage"},"image":{"@id":"https:\/\/stayliepaja.lv\/par-liepaju\/#primaryimage"},"thumbnailUrl":"https:\/\/stayliepaja.lv\/wp-content\/uploads\/2022\/04\/par-liepaju.jpg","datePublished":"2021-12-25T13:42:32+00:00","dateModified":"2022-04-19T08:57:40+00:00","description":"Par Liep\u0101ju. Liep\u0101ja ir tre\u0161\u0101 liel\u0101k\u0101 Latvijas. Liep\u0101ja ir bag\u0101ta ar kult\u016bras, m\u0101kslas un sporta trad\u012bcij\u0101m.","breadcrumb":{"@id":"https:\/\/stayliepaja.lv\/par-liepaju\/#breadcrumb"},"inLanguage":"lt-LT","potentialAction":[{"@type":"ReadAction","target":["https:\/\/stayliepaja.lv\/par-liepaju\/"]}]},{"@type":"ImageObject","inLanguage":"lt-LT","@id":"https:\/\/stayliepaja.lv\/par-liepaju\/#primaryimage","url":"https:\/\/stayliepaja.lv\/wp-content\/uploads\/2022\/04\/par-liepaju.jpg","contentUrl":"https:\/\/stayliepaja.lv\/wp-content\/uploads\/2022\/04\/par-liepaju.jpg","width":1688,"height":1125,"caption":"par liepaju"},{"@type":"BreadcrumbList","@id":"https:\/\/stayliepaja.lv\/par-liepaju\/#breadcrumb","itemListElement":[{"@type":"ListItem","position":1,"name":"Home","item":"https:\/\/stayliepaja.lv\/"},{"@type":"ListItem","position":2,"name":"Par Liep\u0101ju"}]},{"@type":"WebSite","@id":"https:\/\/stayliepaja.lv\/#website","url":"https:\/\/stayliepaja.lv\/","name":"Stayliepaja.lv","description":"Just another WordPress site","potentialAction":[{"@type":"SearchAction","target":{"@type":"EntryPoint","urlTemplate":"https:\/\/stayliepaja.lv\/?s={search_term_string}"},"query-input":{"@type":"PropertyValueSpecification","valueRequired":true,"valueName":"search_term_string"}}],"inLanguage":"lt-LT"}]}},"_links":{"self":[{"href":"https:\/\/stayliepaja.lv\/lt\/wp-json\/wp\/v2\/pages\/21","targetHints":{"allow":["GET"]}}],"collection":[{"href":"https:\/\/stayliepaja.lv\/lt\/wp-json\/wp\/v2\/pages"}],"about":[{"href":"https:\/\/stayliepaja.lv\/lt\/wp-json\/wp\/v2\/types\/page"}],"author":[{"embeddable":true,"href":"https:\/\/stayliepaja.lv\/lt\/wp-json\/wp\/v2\/users\/1"}],"replies":[{"embeddable":true,"href":"https:\/\/stayliepaja.lv\/lt\/wp-json\/wp\/v2\/comments?post=21"}],"version-history":[{"count":5,"href":"https:\/\/stayliepaja.lv\/lt\/wp-json\/wp\/v2\/pages\/21\/revisions"}],"predecessor-version":[{"id":516,"href":"https:\/\/stayliepaja.lv\/lt\/wp-json\/wp\/v2\/pages\/21\/revisions\/516"}],"wp:featuredmedia":[{"embeddable":true,"href":"https:\/\/stayliepaja.lv\/lt\/wp-json\/wp\/v2\/media\/515"}],"wp:attachment":[{"href":"https:\/\/stayliepaja.lv\/lt\/wp-json\/wp\/v2\/media?parent=21"}],"curies":[{"name":"wp","href":"https:\/\/api.w.org\/{rel}","templated":true}]}}