{"id":27,"date":"2021-12-25T13:43:59","date_gmt":"2021-12-25T13:43:59","guid":{"rendered":"https:\/\/stayliepaja.lv\/?page_id=27"},"modified":"2022-04-19T08:40:27","modified_gmt":"2022-04-19T08:40:27","slug":"kontakti","status":"publish","type":"page","link":"https:\/\/stayliepaja.lv\/lt\/kontakti\/","title":{"rendered":"Kontaktai"},"content":{"rendered":"[et_pb_section fb_built=&#8221;1&#8243; _builder_version=&#8221;4.17.0&#8243; _module_preset=&#8221;default&#8221; global_colors_info=&#8221;{}&#8221; custom_padding=&#8221;4px|||||&#8221;][et_pb_row column_structure=&#8221;1_2,1_2&#8243; _builder_version=&#8221;4.17.0&#8243; _module_preset=&#8221;default&#8221; hover_enabled=&#8221;0&#8243; global_colors_info=&#8221;{}&#8221; sticky_enabled=&#8221;0&#8243;][et_pb_column type=&#8221;1_2&#8243; _builder_version=&#8221;4.17.0&#8243; _module_preset=&#8221;default&#8221; global_colors_info=&#8221;{}&#8221;][et_pb_text _builder_version=&#8221;4.17.0&#8243; _module_preset=&#8221;default&#8221; hover_enabled=&#8221;0&#8243; global_colors_info=&#8221;{}&#8221; sticky_enabled=&#8221;0&#8243;]<p><span>Sazi\u0146ai ar mums izmantojiet kontaktu formu vai sazinieties tie\u0161i ar m\u016bsu administratoru:<\/span><\/p>\n<p><b>Oleg<\/b><br \/><span class=\"glyphicon glyphicon-envelope\"><\/span> <a href=\"mailto:info@stayliepaja.lv\">info@stayliepaja.lv<\/a><br \/><span class=\"glyphicon glyphicon-phone\"><\/span> <a href=\"tel: 37126100255\">+371 26100255<\/a><\/p>\n<p><span>Uz zi\u0146ojumiem atbildam 24 stundu laik\u0101.<\/span><\/p>[\/et_pb_text][\/et_pb_column][et_pb_column type=&#8221;1_2&#8243; _builder_version=&#8221;4.17.0&#8243; _module_preset=&#8221;default&#8221; global_colors_info=&#8221;{}&#8221;][et_pb_contact_form _builder_version=&#8221;4.17.0&#8243; _module_preset=&#8221;default&#8221; _unique_id=&#8221;daeba492-edff-467f-af8b-ee97cb4c683a&#8221; hover_enabled=&#8221;0&#8243; global_colors_info=&#8221;{}&#8221; submit_button_text=&#8221;Nos\u016bt\u012bt&#8221; success_message=&#8221;Paldies, m\u0113s ar Jums sazin\u0101simies!&#8221; sticky_enabled=&#8221;0&#8243; form_field_text_align=&#8221;left&#8221; custom_button=&#8221;on&#8221; button_text_color=&#8221;#E09900&#8243; form_field_custom_margin=&#8221;|0px||0px|false|false&#8221; button_use_icon=&#8221;off&#8221;][et_pb_contact_field field_id=&#8221;Name&#8221; field_title=&#8221;J\u016bsu v\u0101rds&#8221; _builder_version=&#8221;4.17.0&#8243; hover_enabled=&#8221;0&#8243; global_colors_info=&#8221;{}&#8221; button_text_size__hover_enabled=&#8221;off&#8221; button_one_text_size__hover_enabled=&#8221;off&#8221; button_two_text_size__hover_enabled=&#8221;off&#8221; button_text_color__hover_enabled=&#8221;off&#8221; button_one_text_color__hover_enabled=&#8221;off&#8221; button_two_text_color__hover_enabled=&#8221;off&#8221; button_border_width__hover_enabled=&#8221;off&#8221; button_one_border_width__hover_enabled=&#8221;off&#8221; button_two_border_width__hover_enabled=&#8221;off&#8221; button_border_color__hover_enabled=&#8221;off&#8221; button_one_border_color__hover_enabled=&#8221;off&#8221; button_two_border_color__hover_enabled=&#8221;off&#8221; button_border_radius__hover_enabled=&#8221;off&#8221; button_one_border_radius__hover_enabled=&#8221;off&#8221; button_two_border_radius__hover_enabled=&#8221;off&#8221; button_letter_spacing__hover_enabled=&#8221;off&#8221; button_one_letter_spacing__hover_enabled=&#8221;off&#8221; button_two_letter_spacing__hover_enabled=&#8221;off&#8221; button_bg_color__hover_enabled=&#8221;off&#8221; button_one_bg_color__hover_enabled=&#8221;off&#8221; button_two_bg_color__hover_enabled=&#8221;off&#8221; sticky_enabled=&#8221;0&#8243; fullwidth_field=&#8221;on&#8221;][\/et_pb_contact_field][et_pb_contact_field field_id=&#8221;Email&#8221; field_title=&#8221;J\u016bsu e-pasts&#8221; field_type=&#8221;email&#8221; _builder_version=&#8221;4.17.0&#8243; hover_enabled=&#8221;0&#8243; global_colors_info=&#8221;{}&#8221; button_text_size__hover_enabled=&#8221;off&#8221; button_one_text_size__hover_enabled=&#8221;off&#8221; button_two_text_size__hover_enabled=&#8221;off&#8221; button_text_color__hover_enabled=&#8221;off&#8221; button_one_text_color__hover_enabled=&#8221;off&#8221; button_two_text_color__hover_enabled=&#8221;off&#8221; button_border_width__hover_enabled=&#8221;off&#8221; button_one_border_width__hover_enabled=&#8221;off&#8221; button_two_border_width__hover_enabled=&#8221;off&#8221; button_border_color__hover_enabled=&#8221;off&#8221; button_one_border_color__hover_enabled=&#8221;off&#8221; button_two_border_color__hover_enabled=&#8221;off&#8221; button_border_radius__hover_enabled=&#8221;off&#8221; button_one_border_radius__hover_enabled=&#8221;off&#8221; button_two_border_radius__hover_enabled=&#8221;off&#8221; button_letter_spacing__hover_enabled=&#8221;off&#8221; button_one_letter_spacing__hover_enabled=&#8221;off&#8221; button_two_letter_spacing__hover_enabled=&#8221;off&#8221; button_bg_color__hover_enabled=&#8221;off&#8221; button_one_bg_color__hover_enabled=&#8221;off&#8221; button_two_bg_color__hover_enabled=&#8221;off&#8221; sticky_enabled=&#8221;0&#8243; fullwidth_field=&#8221;on&#8221;][\/et_pb_contact_field][et_pb_contact_field field_id=&#8221;Message&#8221; field_title=&#8221;J\u016bsu zi\u0146ojums&#8221; field_type=&#8221;text&#8221; fullwidth_field=&#8221;on&#8221; _builder_version=&#8221;4.17.0&#8243; hover_enabled=&#8221;0&#8243; global_colors_info=&#8221;{}&#8221; button_text_size__hover_enabled=&#8221;off&#8221; button_one_text_size__hover_enabled=&#8221;off&#8221; button_two_text_size__hover_enabled=&#8221;off&#8221; button_text_color__hover_enabled=&#8221;off&#8221; button_one_text_color__hover_enabled=&#8221;off&#8221; button_two_text_color__hover_enabled=&#8221;off&#8221; button_border_width__hover_enabled=&#8221;off&#8221; button_one_border_width__hover_enabled=&#8221;off&#8221; button_two_border_width__hover_enabled=&#8221;off&#8221; button_border_color__hover_enabled=&#8221;off&#8221; button_one_border_color__hover_enabled=&#8221;off&#8221; button_two_border_color__hover_enabled=&#8221;off&#8221; button_border_radius__hover_enabled=&#8221;off&#8221; button_one_border_radius__hover_enabled=&#8221;off&#8221; button_two_border_radius__hover_enabled=&#8221;off&#8221; button_letter_spacing__hover_enabled=&#8221;off&#8221; button_one_letter_spacing__hover_enabled=&#8221;off&#8221; button_two_letter_spacing__hover_enabled=&#8221;off&#8221; button_bg_color__hover_enabled=&#8221;off&#8221; button_one_bg_color__hover_enabled=&#8221;off&#8221; button_two_bg_color__hover_enabled=&#8221;off&#8221; sticky_enabled=&#8221;0&#8243;][\/et_pb_contact_field][\/et_pb_contact_form][\/et_pb_column][\/et_pb_row][\/et_pb_section]","protected":false},"excerpt":{"rendered":"<p>Sazi\u0146ai ar mums izmantojiet kontaktu formu vai sazinieties tie\u0161i ar m\u016bsu administratoru: Oleg info@stayliepaja.lv +371 26100255 Uz zi\u0146ojumiem atbildam 24 stundu laik\u0101.<\/p>","protected":false},"author":1,"featured_media":506,"parent":0,"menu_order":0,"comment_status":"closed","ping_status":"closed","template":"","meta":{"_et_pb_use_builder":"on","_et_pb_old_content":"","_et_gb_content_width":"","footnotes":""},"class_list":["post-27","page","type-page","status-publish","has-post-thumbnail","hentry"],"yoast_head":"<!-- This site is optimized with the Yoast SEO plugin v27.3 - https:\/\/yoast.com\/product\/yoast-seo-wordpress\/ -->\n<title>Kontakti - Stayliepaja.lv<\/title>\n<meta name=\"description\" content=\"Kontakti. L\u016bdzu, sazinieties ar mums, m\u0113s ar prieku atbild\u0113sim uz visiem j\u016bsu jaut\u0101jumiem, lai j\u016bs izbaud\u012btu br\u012bvdienas Liep\u0101j\u0101.\" \/>\n<meta name=\"robots\" content=\"index, follow, max-snippet:-1, max-image-preview:large, max-video-preview:-1\" \/>\n<link rel=\"canonical\" href=\"https:\/\/stayliepaja.lv\/lt\/kontakti\/\" \/>\n<meta property=\"og:locale\" content=\"lt_LT\" \/>\n<meta property=\"og:type\" content=\"article\" \/>\n<meta property=\"og:title\" content=\"Kontakti - Stayliepaja.lv\" \/>\n<meta property=\"og:description\" content=\"Kontakti. L\u016bdzu, sazinieties ar mums, m\u0113s ar prieku atbild\u0113sim uz visiem j\u016bsu jaut\u0101jumiem, lai j\u016bs izbaud\u012btu br\u012bvdienas Liep\u0101j\u0101.\" \/>\n<meta property=\"og:url\" content=\"https:\/\/stayliepaja.lv\/lt\/kontakti\/\" \/>\n<meta property=\"og:site_name\" content=\"Stayliepaja.lv\" \/>\n<meta property=\"article:modified_time\" content=\"2022-04-19T08:40:27+00:00\" \/>\n<meta property=\"og:image\" content=\"https:\/\/stayliepaja.lv\/wp-content\/uploads\/2022\/04\/kontakti.jpg\" \/>\n\t<meta property=\"og:image:width\" content=\"1280\" \/>\n\t<meta property=\"og:image:height\" content=\"853\" \/>\n\t<meta property=\"og:image:type\" content=\"image\/jpeg\" \/>\n<meta name=\"twitter:card\" content=\"summary_large_image\" \/>\n<meta name=\"twitter:label1\" content=\"Est. reading time\" \/>\n\t<meta name=\"twitter:data1\" content=\"1 minut\u0117\" \/>\n<script type=\"application\/ld+json\" class=\"yoast-schema-graph\">{\"@context\":\"https:\\\/\\\/schema.org\",\"@graph\":[{\"@type\":\"WebPage\",\"@id\":\"https:\\\/\\\/stayliepaja.lv\\\/kontakti\\\/\",\"url\":\"https:\\\/\\\/stayliepaja.lv\\\/kontakti\\\/\",\"name\":\"Kontakti - Stayliepaja.lv\",\"isPartOf\":{\"@id\":\"https:\\\/\\\/stayliepaja.lv\\\/#website\"},\"primaryImageOfPage\":{\"@id\":\"https:\\\/\\\/stayliepaja.lv\\\/kontakti\\\/#primaryimage\"},\"image\":{\"@id\":\"https:\\\/\\\/stayliepaja.lv\\\/kontakti\\\/#primaryimage\"},\"thumbnailUrl\":\"https:\\\/\\\/stayliepaja.lv\\\/wp-content\\\/uploads\\\/2022\\\/04\\\/kontakti.jpg\",\"datePublished\":\"2021-12-25T13:43:59+00:00\",\"dateModified\":\"2022-04-19T08:40:27+00:00\",\"description\":\"Kontakti. L\u016bdzu, sazinieties ar mums, m\u0113s ar prieku atbild\u0113sim uz visiem j\u016bsu jaut\u0101jumiem, lai j\u016bs izbaud\u012btu br\u012bvdienas Liep\u0101j\u0101.\",\"breadcrumb\":{\"@id\":\"https:\\\/\\\/stayliepaja.lv\\\/kontakti\\\/#breadcrumb\"},\"inLanguage\":\"lt-LT\",\"potentialAction\":[{\"@type\":\"ReadAction\",\"target\":[\"https:\\\/\\\/stayliepaja.lv\\\/kontakti\\\/\"]}]},{\"@type\":\"ImageObject\",\"inLanguage\":\"lt-LT\",\"@id\":\"https:\\\/\\\/stayliepaja.lv\\\/kontakti\\\/#primaryimage\",\"url\":\"https:\\\/\\\/stayliepaja.lv\\\/wp-content\\\/uploads\\\/2022\\\/04\\\/kontakti.jpg\",\"contentUrl\":\"https:\\\/\\\/stayliepaja.lv\\\/wp-content\\\/uploads\\\/2022\\\/04\\\/kontakti.jpg\",\"width\":1280,\"height\":853,\"caption\":\"kontakti StayLiepaja\"},{\"@type\":\"BreadcrumbList\",\"@id\":\"https:\\\/\\\/stayliepaja.lv\\\/kontakti\\\/#breadcrumb\",\"itemListElement\":[{\"@type\":\"ListItem\",\"position\":1,\"name\":\"Home\",\"item\":\"https:\\\/\\\/stayliepaja.lv\\\/\"},{\"@type\":\"ListItem\",\"position\":2,\"name\":\"Kontakti\"}]},{\"@type\":\"WebSite\",\"@id\":\"https:\\\/\\\/stayliepaja.lv\\\/#website\",\"url\":\"https:\\\/\\\/stayliepaja.lv\\\/\",\"name\":\"Stayliepaja.lv\",\"description\":\"Just another WordPress site\",\"potentialAction\":[{\"@type\":\"SearchAction\",\"target\":{\"@type\":\"EntryPoint\",\"urlTemplate\":\"https:\\\/\\\/stayliepaja.lv\\\/?s={search_term_string}\"},\"query-input\":{\"@type\":\"PropertyValueSpecification\",\"valueRequired\":true,\"valueName\":\"search_term_string\"}}],\"inLanguage\":\"lt-LT\"}]}<\/script>\n<!-- \/ Yoast SEO plugin. -->","yoast_head_json":{"title":"Kontakti - Stayliepaja.lv","description":"Kontakti. L\u016bdzu, sazinieties ar mums, m\u0113s ar prieku atbild\u0113sim uz visiem j\u016bsu jaut\u0101jumiem, lai j\u016bs izbaud\u012btu br\u012bvdienas Liep\u0101j\u0101.","robots":{"index":"index","follow":"follow","max-snippet":"max-snippet:-1","max-image-preview":"max-image-preview:large","max-video-preview":"max-video-preview:-1"},"canonical":"https:\/\/stayliepaja.lv\/lt\/kontakti\/","og_locale":"lt_LT","og_type":"article","og_title":"Kontakti - Stayliepaja.lv","og_description":"Kontakti. L\u016bdzu, sazinieties ar mums, m\u0113s ar prieku atbild\u0113sim uz visiem j\u016bsu jaut\u0101jumiem, lai j\u016bs izbaud\u012btu br\u012bvdienas Liep\u0101j\u0101.","og_url":"https:\/\/stayliepaja.lv\/lt\/kontakti\/","og_site_name":"Stayliepaja.lv","article_modified_time":"2022-04-19T08:40:27+00:00","og_image":[{"width":1280,"height":853,"url":"https:\/\/stayliepaja.lv\/wp-content\/uploads\/2022\/04\/kontakti.jpg","type":"image\/jpeg"}],"twitter_card":"summary_large_image","twitter_misc":{"Est. reading time":"1 minut\u0117"},"schema":{"@context":"https:\/\/schema.org","@graph":[{"@type":"WebPage","@id":"https:\/\/stayliepaja.lv\/kontakti\/","url":"https:\/\/stayliepaja.lv\/kontakti\/","name":"Kontakti - Stayliepaja.lv","isPartOf":{"@id":"https:\/\/stayliepaja.lv\/#website"},"primaryImageOfPage":{"@id":"https:\/\/stayliepaja.lv\/kontakti\/#primaryimage"},"image":{"@id":"https:\/\/stayliepaja.lv\/kontakti\/#primaryimage"},"thumbnailUrl":"https:\/\/stayliepaja.lv\/wp-content\/uploads\/2022\/04\/kontakti.jpg","datePublished":"2021-12-25T13:43:59+00:00","dateModified":"2022-04-19T08:40:27+00:00","description":"Kontakti. L\u016bdzu, sazinieties ar mums, m\u0113s ar prieku atbild\u0113sim uz visiem j\u016bsu jaut\u0101jumiem, lai j\u016bs izbaud\u012btu br\u012bvdienas Liep\u0101j\u0101.","breadcrumb":{"@id":"https:\/\/stayliepaja.lv\/kontakti\/#breadcrumb"},"inLanguage":"lt-LT","potentialAction":[{"@type":"ReadAction","target":["https:\/\/stayliepaja.lv\/kontakti\/"]}]},{"@type":"ImageObject","inLanguage":"lt-LT","@id":"https:\/\/stayliepaja.lv\/kontakti\/#primaryimage","url":"https:\/\/stayliepaja.lv\/wp-content\/uploads\/2022\/04\/kontakti.jpg","contentUrl":"https:\/\/stayliepaja.lv\/wp-content\/uploads\/2022\/04\/kontakti.jpg","width":1280,"height":853,"caption":"kontakti StayLiepaja"},{"@type":"BreadcrumbList","@id":"https:\/\/stayliepaja.lv\/kontakti\/#breadcrumb","itemListElement":[{"@type":"ListItem","position":1,"name":"Home","item":"https:\/\/stayliepaja.lv\/"},{"@type":"ListItem","position":2,"name":"Kontakti"}]},{"@type":"WebSite","@id":"https:\/\/stayliepaja.lv\/#website","url":"https:\/\/stayliepaja.lv\/","name":"Stayliepaja.lv","description":"Just another WordPress site","potentialAction":[{"@type":"SearchAction","target":{"@type":"EntryPoint","urlTemplate":"https:\/\/stayliepaja.lv\/?s={search_term_string}"},"query-input":{"@type":"PropertyValueSpecification","valueRequired":true,"valueName":"search_term_string"}}],"inLanguage":"lt-LT"}]}},"_links":{"self":[{"href":"https:\/\/stayliepaja.lv\/lt\/wp-json\/wp\/v2\/pages\/27","targetHints":{"allow":["GET"]}}],"collection":[{"href":"https:\/\/stayliepaja.lv\/lt\/wp-json\/wp\/v2\/pages"}],"about":[{"href":"https:\/\/stayliepaja.lv\/lt\/wp-json\/wp\/v2\/types\/page"}],"author":[{"embeddable":true,"href":"https:\/\/stayliepaja.lv\/lt\/wp-json\/wp\/v2\/users\/1"}],"replies":[{"embeddable":true,"href":"https:\/\/stayliepaja.lv\/lt\/wp-json\/wp\/v2\/comments?post=27"}],"version-history":[{"count":5,"href":"https:\/\/stayliepaja.lv\/lt\/wp-json\/wp\/v2\/pages\/27\/revisions"}],"predecessor-version":[{"id":507,"href":"https:\/\/stayliepaja.lv\/lt\/wp-json\/wp\/v2\/pages\/27\/revisions\/507"}],"wp:featuredmedia":[{"embeddable":true,"href":"https:\/\/stayliepaja.lv\/lt\/wp-json\/wp\/v2\/media\/506"}],"wp:attachment":[{"href":"https:\/\/stayliepaja.lv\/lt\/wp-json\/wp\/v2\/media?parent=27"}],"curies":[{"name":"wp","href":"https:\/\/api.w.org\/{rel}","templated":true}]}}