{"id":29,"date":"2021-12-25T13:44:55","date_gmt":"2021-12-25T13:44:55","guid":{"rendered":"https:\/\/stayliepaja.lv\/?page_id=29"},"modified":"2022-04-19T09:00:23","modified_gmt":"2022-04-19T09:00:23","slug":"privatuma-politika","status":"publish","type":"page","link":"https:\/\/stayliepaja.lv\/lt\/privatuma-politika\/","title":{"rendered":"Privatumo politika"},"content":{"rendered":"[et_pb_section fb_built=&#8221;1&#8243; theme_builder_area=&#8221;post_content&#8221; _builder_version=&#8221;4.17.0&#8243; _module_preset=&#8221;default&#8221; custom_padding=&#8221;1px|||||&#8221;][et_pb_row _builder_version=&#8221;4.17.0&#8243; _module_preset=&#8221;default&#8221; theme_builder_area=&#8221;post_content&#8221;][et_pb_column _builder_version=&#8221;4.17.0&#8243; _module_preset=&#8221;default&#8221; type=&#8221;4_4&#8243; theme_builder_area=&#8221;post_content&#8221;][et_pb_text _builder_version=&#8221;4.17.0&#8243; _module_preset=&#8221;default&#8221; theme_builder_area=&#8221;post_content&#8221; hover_enabled=&#8221;0&#8243; sticky_enabled=&#8221;0&#8243; inline_fonts=&#8221;ABeeZee&#8221;]<p class=\"entry-title main_title\" style=\"text-align: justify;\"><span style=\"font-size: medium; font-family: inherit; font-weight: normal;\">\u0160\u012b priv\u0101tuma politika nosaka, k\u0101 stayliepaja.lv vietne (Vietne) v\u0101c, izmanto, uzglab\u0101 un atkl\u0101j no lietot\u0101jiem sa\u0146emto inform\u0101ciju. \u0160\u012b priv\u0101tuma politika attiecas uz Vietni, visiem Vietnes apak\u0161dom\u0113niem un vis\u0101m Vietn\u0113 pied\u0101v\u0101taj\u0101m prec\u0113m un pakalpojumiem.<\/span><\/p>\n<div class=\"entry-content\">\n<p style=\"text-align: justify;\">\u0160aj\u0101 lap\u0101 ir inform\u0101cija par to, k\u0101du inform\u0101ciju m\u0113s vai tre\u0161\u0101s personas varam sa\u0146emt, kad izmantojat m\u016bsu vietni. M\u0113s ceram, ka \u0161\u012b inform\u0101cija pal\u012bdz\u0113s jums pie\u0146emt apzin\u0101tus l\u0113mumus par inform\u0101ciju, kuru mums sniedzat par sevi.<\/p>\n<p style=\"text-align: justify;\">\u0160\u012b konfidencialit\u0101tes politika attiecas tie\u0161i uz \u0161o vietni un uz taj\u0101 ieg\u016bto inform\u0101ciju. Tas neattiecas uz cit\u0101m vietn\u0113m un neattiecas uz tre\u0161o pu\u0161u vietn\u0113m, kur\u0101s var b\u016bt atsauces uz m\u016bsu Vietni un no kur\u0101m var izveidot saites uz Vietni, k\u0101 ar\u012b saites no \u0161\u012bs Vietnes uz cit\u0101m vietn\u0113m internet\u0101.<\/p>\n<p style=\"text-align: justify;\">Ja lietot\u0101js nepiekr\u012bt \u0161ai politikai, vi\u0146am nekav\u0113joties j\u0101pamet vietne.<\/p>\n<p style=\"text-align: justify;\"><strong>Sa\u0146emt\u0101 inform\u0101cija.<\/strong><\/p>\n<p style=\"text-align: justify;\">Kad j\u016bs apmekl\u0113jat vietni, m\u0113s nosak\u0101m IP adresi, dom\u0113na v\u0101rdu, no kura j\u016bs pie mums ierad\u0101ties, un \u0161\u012b IP re\u0123istr\u0101cijas valsti, k\u0101 ar\u012b re\u0123istr\u0113jam visas apmekl\u0113t\u0101ju p\u0101rejas no vienas vietnes lapas uz otru.<\/p>\n<p style=\"text-align: justify;\">Vietn\u0113 sa\u0146emto inform\u0101ciju var izmantot, lai atvieglotu vietnes izmanto\u0161anu. Vietne apkopo tikai visp\u0101r\u012bgu inform\u0101ciju, ko j\u016bsu p\u0101rl\u016bkprogramma br\u012bvpr\u0101t\u012bgi sniedz, apmekl\u0113jot vietni.<\/p>\n<p style=\"text-align: justify;\">M\u0113s apkopojam personisko inform\u0101ciju, kuru j\u016bs mums sniedzat, p\u0113rkot preces vietn\u0113 un \/ vai mobilaj\u0101 lietojumprogramm\u0101.<\/p>\n<p style=\"text-align: justify;\">M\u0113s no jums sa\u0146emam \u0161\u0101dus datus: v\u0101rds, uzv\u0101rds, e-pasta adrese, t\u0101lru\u0146a numurs, pieg\u0101des adrese, pre\u010du pieg\u0101des veids, apmaksas veids, maks\u0101juma inform\u0101cija (ieskaitot, bet neaprobe\u017eojoties ar bankas konta numuru), pamatinform\u0101cija par to, ka tre\u0161\u0101s personas sa\u0146em preces, IP adrese.<\/p>\n<p style=\"text-align: justify;\">Vietne izmanto standarta &#8220;s\u012bkdat\u0146u&#8221; tehnolo\u0123iju, lai piel\u0101gotu vietnes displeja stilus monitora ekr\u0101na parametriem. &#8220;S\u012bkdatnes&#8221; ir dati no vietnes, kas tiek glab\u0101ti datora cietaj\u0101 disk\u0101. &#8220;S\u012bkdatnes&#8221; satur inform\u0101ciju, kas var b\u016bt nepiecie\u0161ama, lai piel\u0101gotu vietni, saglab\u0101tu j\u016bsu iestat\u012bjumus, statistikas inform\u0101cijas skat\u012b\u0161anas un apkopo\u0161anas iesp\u0113jas vietn\u0113, t.i. kuras lapas j\u016bs apmekl\u0113j\u0101t, kas tika lejupiel\u0101d\u0113ts, interneta pakalpojumu sniedz\u0113ja dom\u0113na nosaukums un apmekl\u0113t\u0101ja valsts, k\u0101 ar\u012b tre\u0161o pu\u0161u viet\u0146u adreses, no kur\u0101m tika veikta p\u0101reja uz Vietni, un t\u0101l\u0101k.<\/p>\n<p style=\"text-align: justify;\">Ar\u012b \u0161o tehnolo\u0123iju izmanto Vietn\u0113 instal\u0113to uz\u0146\u0113mumu Yandex, Google uc skait\u012bt\u0101ji. S\u012bkdat\u0146u tehnolo\u0123ija nesatur nek\u0101du personisku inform\u0101ciju par jums. Lai apskat\u012btu materi\u0101lu bez &#8220;s\u012bkfailiem&#8221;, varat iestat\u012bt savu p\u0101rl\u016bkprogrammu t\u0101, lai tas nepie\u0146emtu &#8220;s\u012bkfailus&#8221;, vai ar\u012b pazi\u0146ot par to (p\u0101rl\u016bkprogrammas iestat\u012bjumi ir at\u0161\u0137ir\u012bgi, t\u0101p\u0113c iesak\u0101m sa\u0146emt pal\u012bdz\u012bbu sada\u013c\u0101 &#8220;Pal\u012bdz\u012bba&#8221; un atrast k\u0101 main\u012bt p\u0101rl\u016bka iestat\u012bjumus, izmantojot &#8220;s\u012bkfailus&#8221;). Vair\u0101k par s\u012bkdat\u0146u darb\u012bbu varat izlas\u012bt \u0161eit: https:\/\/lv.wikipedia.org\/wiki\/Skdatne<\/p>\n<p style=\"text-align: justify;\">Turkl\u0101t Vietne izmanto standarta t\u012bmek\u013ca servera iesp\u0113jas, lai skait\u012btu apmekl\u0113t\u0101ju skaitu un nov\u0113rt\u0113tu resursdatora servera tehnisk\u0101s iesp\u0113jas, tre\u0161o personu organiz\u0101ciju (Yandex, Google, Mail.ru utt.) V\u0113rt\u0113jumus un apmekl\u0113jumu skait\u012bt\u0101jus. M\u0113s izmantojam \u0161o inform\u0101ciju, lai noteiktu, cik cilv\u0113ku apmekl\u0113 Vietni, un sak\u0101rtotu lapas lietot\u0101jiem \u0113rt\u0101kaj\u0101 veid\u0101, nodro\u0161in\u0101tu, ka Vietne atbilst j\u016bsu izmantotaj\u0101m p\u0101rl\u016bkprogramm\u0101m, un Vietnes saturu padar\u012btu p\u0113c iesp\u0113jas noder\u012bg\u0101ku apmekl\u0113t\u0101jiem. M\u0113s ierakst\u0101m inform\u0101ciju vietn\u0113 kust\u012bbas Vietn\u0113, bet ne par atsevi\u0161\u0137iem Vietnes apmekl\u0113t\u0101jiem, t\u0101p\u0113c Vietnes administr\u0101cija bez j\u016bsu piekri\u0161anas netiks uzglab\u0101ta vai izmantota nek\u0101da konkr\u0113ta inform\u0101cija par jums person\u012bgi.<\/p>\n<p style=\"text-align: justify;\">M\u0113s varam ar\u012b v\u0101kt personu identific\u0113jo\u0161u inform\u0101ciju no lietot\u0101jiem, kad lietot\u0101js apmekl\u0113 m\u016bsu vietni, re\u0123istr\u0113jas vietn\u0113, veic pas\u016bt\u012bjumu, aizpilda veidlapas un savienojumi ar cit\u0101m Vietnes aktivit\u0101t\u0113m. Ja nepiecie\u0161ams, lietot\u0101jam var l\u016bgt nor\u0101d\u012bt v\u0101rdu, e-pasta adresi, t\u0101lru\u0146a numuru utt. Lietot\u0101ji tom\u0113r var m\u016bsu vietni apmekl\u0113t anon\u012bmi. M\u0113s no lietot\u0101jiem apkopojam personu identific\u0113jo\u0161u inform\u0101ciju tikai tad, ja vi\u0146i br\u012bvpr\u0101t\u012bgi mums sniedz \u0161\u0101du inform\u0101ciju. Lietot\u0101ji vienm\u0113r var atteikties sniegt personas identifik\u0101cijas inform\u0101ciju, iz\u0146emot gad\u012bjumus, kad tas var trauc\u0113t noteiktu Vietnes funkciju izmanto\u0161anu.<\/p>\n<p style=\"text-align: justify;\"><strong>K\u0101 m\u0113s izmantojam sav\u0101kto inform\u0101ciju.<\/strong><\/p>\n<p style=\"text-align: justify;\">Vietne var apkopot un izmantot lietot\u0101ju personisko inform\u0101ciju \u0161\u0101diem m\u0113r\u0137iem:<\/p>\n<p style=\"text-align: justify;\">&#8211; uzlabot klientu apkalpo\u0161anu. J\u016bsu sniegt\u0101 inform\u0101cija pal\u012bdz mums efekt\u012bv\u0101k atbild\u0113t uz klientu piepras\u012bjumiem;<\/p>\n<p style=\"text-align: justify;\">&#8211; lai personaliz\u0113tu lietot\u0101ja pieredzi. M\u0113s varam izmantot inform\u0101ciju, lai noteiktu, kuru no Vietnes apmekl\u0113t\u0101jiem visvair\u0101k interes\u0113 m\u016bsu vietn\u0113 sniegtie pakalpojumi un resursi;<\/p>\n<p style=\"text-align: justify;\">&#8211; lai uzlabotu m\u016bsu vietni. M\u0113s varam izmantot j\u016bsu sniegt\u0101s atsauksmes, lai uzlabotu m\u016bsu produktus un pakalpojumus;<\/p>\n<p style=\"text-align: justify;\">&#8211; periodiski nos\u016bt\u012bt e-pastus, kas var ietvert uz\u0146\u0113muma jaunumus, atjaunin\u0101jumus, inform\u0101ciju par produktiem un pakalpojumiem utt.<\/p>\n<p style=\"text-align: justify;\">Ja lietot\u0101js v\u0113las atteikties no papildu e-pasta zi\u0146ojumu sa\u0146em\u0161anas, vi\u0146\u0161 var izmantot atteik\u0161an\u0101s instrukcijas nos\u016bt\u012bto e-pasta zi\u0146ojumu apak\u0161da\u013c\u0101 vai lietot\u0101js var sazin\u0101ties ar mums, izmantojot sada\u013cu &#8220;Kontakti&#8221;.<\/p>\n<p style=\"text-align: justify;\"><strong>Lietot\u0101ja personas dati.<\/strong><\/p>\n<p style=\"text-align: justify;\">Ievadot personas datus Vietn\u0113 un noklik\u0161\u0137inot uz pog\u0101m &#8220;Re\u0123istr\u0113ties&#8221;, &#8220;Abon\u0113t&#8221;, &#8220;Veikt pas\u016bt\u012bjumu&#8221; utt., Lietot\u0101js nolemj sniegt savus personas datus un piekr\u012bt to apstr\u0101dei p\u0113c savas gribas un vi\u0146a interes\u0113m, kam\u0113r \u0161\u012b Lietot\u0101ja piekri\u0161ana ir konkr\u0113ta un zino\u0161a.<\/p>\n<p style=\"text-align: justify;\">Vietnes administr\u0101cija nep\u0101rbauda Lietot\u0101ju sniegt\u0101s personisk\u0101s inform\u0101cijas pareiz\u012bbu un nep\u0101rbauda vi\u0146u ties\u012bbsp\u0113ju. Taj\u0101 pa\u0161\u0101 laik\u0101 Vietnes administr\u0101cija pie\u0146em, ka inform\u0101cija, ko vi\u0146iem p\u0101rs\u016bta no lietot\u0101jiem, ir uzticama.<\/p>\n<p style=\"text-align: justify;\">Lietot\u0101js ir atbild\u012bgs par tre\u0161\u0101s personas personas datu snieg\u0161anu.<\/p>\n<p style=\"text-align: justify;\">Personas datus, kurus Lietot\u0101js ievad\u012bjis, aizpildot da\u017e\u0101das vietnes formas, Vietnes administr\u0101cija var izmantot, lai sagatavotu un nos\u016bt\u012btu pied\u0101v\u0101jumu, pabeigtu dar\u012bjumu, veiktu pakalpojumu vai uzlabotu pakalpojumu kvalit\u0101ti.<\/p>\n<p style=\"text-align: justify;\">With regard to the User\u2019s personal information, its confidentiality is maintained. Under no circumstances does the Site Administration transfer the User\u2019s personal information to third parties, except as expressly provided for by the current legislation.<\/p>\n<p style=\"text-align: justify;\">Lietot\u0101js piekr\u012bt, ka Vietnes administr\u0101cijai ir ties\u012bbas izmantot Lietot\u0101ja personas datus, lai veiktu elektroniskus bi\u013cetenus vai rekl\u0101mas s\u016bt\u012bjumus, tostarp izmantojot e-pastu un SMS.<\/p>\n<p style=\"text-align: justify;\"><strong>Lietot\u0101ju personas datu apstr\u0101de.<\/strong><\/p>\n<p style=\"text-align: justify;\">\u0160\u012bs politikas noteikumu pie\u0146em\u0161anu attiec\u012bb\u0101 uz noteikumiem par personas datu apstr\u0101di veic Lietot\u0101js, aizpildot jebk\u0101du atgriezenisk\u0101s saites veidlapu, uzliekot atbilsto\u0161o atz\u012bmi, un t\u0101 ir lietot\u0101ja izteikta inform\u0113ta piekri\u0161ana personas datu apstr\u0101dei. .<\/p>\n<p style=\"text-align: justify;\">Lietot\u0101js piekr\u012bt, ka Vietnes administr\u0101cijai ir ties\u012bbas uzglab\u0101t un apstr\u0101d\u0101t, ieskaitot automatiz\u0113tu, jebk\u0101du inform\u0101ciju, kas saist\u012bta ar Lietot\u0101ja personas datiem, saska\u0146\u0101 ar likumu &#8220;Par personas datiem&#8221;, ieskaitot v\u0101k\u0161anu, sistematiz\u0113\u0161ana, uzkr\u0101\u0161ana, uzglab\u0101\u0161ana, preciz\u0113\u0161ana, izmanto\u0161ana, izplat\u012b\u0161ana (ieskaitot p\u0101rs\u016bt\u012b\u0161anu), depersonaliz\u0113\u0161ana, blo\u0137\u0113\u0161ana, izn\u012bcin\u0101\u0161ana no Lietot\u0101ja sniegtajiem personas datiem, aizpildot da\u017e\u0101das Vietnes atgriezenisk\u0101s saites formas.<\/p>\n<p style=\"text-align: justify;\">Lietot\u0101js jebkur\u0101 laik\u0101 var atsaukt piekri\u0161anu personas datu apstr\u0101dei, iesniedzot rakstisku apel\u0101ciju Vietnes administr\u0101cij\u0101.<\/p>\n<p style=\"text-align: justify;\">Ja Lietot\u0101js atsauc piekri\u0161anu personas datu apstr\u0101dei, Vietnes administr\u0101cija izdz\u0113\u0161 Lietot\u0101ja personas datus un nav ties\u012bga tos turpm\u0101k izmantot.<\/p>\n<p style=\"text-align: justify;\"><strong>K\u0101 m\u0113s aizsarg\u0101jam j\u016bsu inform\u0101ciju.<\/strong><\/p>\n<p style=\"text-align: justify;\">Vietnes administr\u0101cija nodro\u0161ina konfidencialit\u0101ti un dro\u0161\u012bbu, apstr\u0101d\u0101jot personas datus. M\u0113s veicam atbilsto\u0161us dro\u0161\u012bbas pas\u0101kumus, lai sav\u0101ktu, uzglab\u0101tu un apstr\u0101d\u0101tu visus sav\u0101ktos datus, lai pasarg\u0101tu tos no nesankcion\u0113tas piek\u013cuves, j\u016bsu personisk\u0101s inform\u0101cijas (lietot\u0101jv\u0101rda, paroles, dar\u012bjumu inform\u0101cijas un m\u016bsu vietn\u0113 saglab\u0101to datu) mai\u0146as, izpau\u0161anas vai izn\u012bcin\u0101\u0161anas.<\/p>\n<p style=\"text-align: justify;\">J\u016bsu personas dati tiek glab\u0101ti tik ilgi, cik nepiecie\u0161ams lai sasniegtu j\u016bsu personas datu apstr\u0101des m\u0113r\u0137us, bet ne maz\u0101k k\u0101 tiek pras\u012bts no mums saska\u0146\u0101 ar ties\u012bbu aktiem, kas regul\u0113 m\u016bsu darb\u012bbu. J\u016bsu personas datu apstr\u0101de tiek veikta, pamatojoties uz j\u016bsu piekri\u0161anu, un to glab\u0101\u0161ana notiek l\u012bdz dienai, kad j\u016bs atsaucat \u0161\u0101du piekri\u0161anu<\/p>\n<p style=\"text-align: justify;\"><strong>Person\u012bg\u0101s inform\u0101cijas koplieto\u0161ana.<\/strong><\/p>\n<p style=\"text-align: justify;\">M\u0113s nep\u0101rdodam, nep\u0101rdodam un neiz\u012br\u0113jam lietot\u0101ju personisko inform\u0101ciju. m\u0113s var sniegt visp\u0101r\u012bgus apkopotus demogr\u0101fiskos datus, kas nav saist\u012bti ar personu identific\u0113jo\u0161u inform\u0101ciju, m\u016bsu partneriem un rekl\u0101mdev\u0113jiem iepriek\u0161 aprakst\u012btajiem m\u0113r\u0137iem. M\u0113s varam izmantot tre\u0161o pu\u0161u pakalpojumu sniedz\u0113jus, lai pal\u012bdz\u0113tu mums vad\u012bt savu biznesu un Vietni vai p\u0101rvald\u012bt darb\u012bbas m\u016bsu v\u0101rd\u0101, piem\u0113ram, pasta s\u016bt\u012bjumus vai statistikas un citus p\u0113t\u012bjumus. M\u0113s varam koplietot \u0161o inform\u0101ciju ar \u0161\u012bm tre\u0161aj\u0101m pus\u0113m ierobe\u017eotiem m\u0113r\u0137iem, ja vien esat mums devis atbilsto\u0161as at\u013caujas.<\/p>\n<p style=\"text-align: justify;\"><strong>Izmai\u0146as konfidencialit\u0101tes politik\u0101.<\/strong><\/p>\n<p style=\"text-align: justify;\">Interneta veikals ir ties\u012bgs jebkur\u0101 laik\u0101 atjaunin\u0101t \u0161o priv\u0101tuma politiku. \u0160aj\u0101 gad\u012bjum\u0101 m\u0113s ievietosim pazi\u0146ojumu m\u016bsu Vietnes m\u0101jas lap\u0101 un pazi\u0146osim jums pa e-pastu. M\u0113s iesak\u0101m lietot\u0101jiem regul\u0101ri p\u0101rbaud\u012bt \u0161o lapu, lai neatpaliktu no izmai\u0146\u0101m attiec\u012bb\u0101 uz to, k\u0101 m\u0113s aizsarg\u0101jam sav\u0101kto personisko inform\u0101ciju. Izmantojot vietni, j\u016bs piekr\u012btat uz\u0146emties atbild\u012bbu par periodisku priv\u0101tuma politikas un t\u0101s izmai\u0146u p\u0101rskat\u012b\u0161anu.<\/p>\n<p style=\"text-align: justify;\"><strong>J\u016bs piekr\u012btat \u0161iem noteikumiem.<\/strong><\/p>\n<p style=\"text-align: justify;\">Jums ir ties\u012bbas iebilst pret j\u016bsu personas datu apstr\u0101di, kas jebkur\u0101 laik\u0101 ir balst\u012bta uz j\u016bsu piekri\u0161anu. Tom\u0113r bez nepiecie\u0161amajiem datiem pirkumu nav iesp\u0113jams pabeigt, jo p\u0101rdev\u0113js nevar\u0113tu pabeigt j\u016bsu pas\u016bt\u012bjuma izpildi.<\/p>\n<p style=\"text-align: justify;\">Izmantojot \u0161o vietni, j\u016bs apliecin\u0101t savu konkr\u0113to un apzin\u0101tu piekri\u0161anu \u0161ai politikai. Ja j\u016bs nepiekr\u012btat \u0161ai politikai, l\u016bdzu, neizmantojiet m\u016bsu vietni. J\u016bsu turpm\u0101k\u0101 vietnes izmanto\u0161ana p\u0113c \u0161\u012bs politikas izmai\u0146u public\u0113\u0161anas tiks uzskat\u012bta par j\u016bsu piekri\u0161anu \u0161\u012bm izmai\u0146\u0101m.<\/p>\n<p style=\"text-align: justify;\"><strong>Atbild\u012bbas nolieg\u0161ana<\/strong><\/p>\n<p style=\"text-align: justify;\">Atcerieties, ka \u0161is dokuments neattiecas uz priv\u0101tuma politiku, kad apmekl\u0113jat tre\u0161o personu vietnes. Vietnes administr\u0101cija nav atbild\u012bga par citu viet\u0146u darb\u012bb\u0101m.<\/p>\n<p style=\"text-align: justify;\"><strong>K\u0101 ar mums sazin\u0101ties.<\/strong><\/p>\n<p style=\"text-align: justify;\">Ja jums ir k\u0101di jaut\u0101jumi par priv\u0101tuma politiku, vietnes izmanto\u0161anu vai citiem ar vietni saist\u012btiem jaut\u0101jumiem, l\u016bdzu, sazinieties ar mums pa e-pastu info@stayliepaja.lv.<\/p>\n<\/div>[\/et_pb_text][\/et_pb_column][\/et_pb_row][\/et_pb_section]","protected":false},"excerpt":{"rendered":"<p>\u0160\u012b priv\u0101tuma politika nosaka, k\u0101 stayliepaja.lv vietne (Vietne) v\u0101c, izmanto, uzglab\u0101 un atkl\u0101j no lietot\u0101jiem sa\u0146emto inform\u0101ciju. \u0160\u012b priv\u0101tuma politika attiecas uz Vietni, visiem Vietnes apak\u0161dom\u0113niem un vis\u0101m Vietn\u0113 pied\u0101v\u0101taj\u0101m prec\u0113m un pakalpojumiem. \u0160aj\u0101 lap\u0101 ir inform\u0101cija par to, k\u0101du inform\u0101ciju m\u0113s vai tre\u0161\u0101s personas varam sa\u0146emt, kad izmantojat m\u016bsu vietni. M\u0113s ceram, ka \u0161\u012b [&hellip;]<\/p>","protected":false},"author":1,"featured_media":517,"parent":0,"menu_order":0,"comment_status":"closed","ping_status":"closed","template":"","meta":{"_et_pb_use_builder":"on","_et_pb_old_content":"","_et_gb_content_width":"","footnotes":""},"class_list":["post-29","page","type-page","status-publish","has-post-thumbnail","hentry"],"yoast_head":"<!-- This site is optimized with the Yoast SEO plugin v27.3 - https:\/\/yoast.com\/product\/yoast-seo-wordpress\/ -->\n<title>Priv\u0101tuma politika - Stayliepaja.lv<\/title>\n<meta name=\"description\" content=\"\u0160aj\u0101 Priv\u0101tuma politik\u0101 m\u0113s sniedzam oblig\u0101to inform\u0101ciju par personas datu apstr\u0101di, saska\u0146\u0101 ar ES GDPR politiku.\" \/>\n<meta name=\"robots\" content=\"index, follow, max-snippet:-1, max-image-preview:large, max-video-preview:-1\" \/>\n<link rel=\"canonical\" href=\"https:\/\/stayliepaja.lv\/lt\/privatuma-politika\/\" \/>\n<meta property=\"og:locale\" content=\"lt_LT\" \/>\n<meta property=\"og:type\" content=\"article\" \/>\n<meta property=\"og:title\" content=\"Priv\u0101tuma politika - Stayliepaja.lv\" \/>\n<meta property=\"og:description\" content=\"\u0160aj\u0101 Priv\u0101tuma politik\u0101 m\u0113s sniedzam oblig\u0101to inform\u0101ciju par personas datu apstr\u0101di, saska\u0146\u0101 ar ES GDPR politiku.\" \/>\n<meta property=\"og:url\" content=\"https:\/\/stayliepaja.lv\/lt\/privatuma-politika\/\" \/>\n<meta property=\"og:site_name\" content=\"Stayliepaja.lv\" \/>\n<meta property=\"article:modified_time\" content=\"2022-04-19T09:00:23+00:00\" \/>\n<meta property=\"og:image\" content=\"https:\/\/stayliepaja.lv\/wp-content\/uploads\/2022\/04\/privatuma-politika.jpg\" \/>\n\t<meta property=\"og:image:width\" content=\"1348\" \/>\n\t<meta property=\"og:image:height\" content=\"899\" \/>\n\t<meta property=\"og:image:type\" content=\"image\/jpeg\" \/>\n<meta name=\"twitter:card\" content=\"summary_large_image\" \/>\n<meta name=\"twitter:label1\" content=\"Est. reading time\" \/>\n\t<meta name=\"twitter:data1\" content=\"6 minut\u0117s\" \/>\n<script type=\"application\/ld+json\" class=\"yoast-schema-graph\">{\"@context\":\"https:\\\/\\\/schema.org\",\"@graph\":[{\"@type\":\"WebPage\",\"@id\":\"https:\\\/\\\/stayliepaja.lv\\\/privatuma-politika\\\/\",\"url\":\"https:\\\/\\\/stayliepaja.lv\\\/privatuma-politika\\\/\",\"name\":\"Priv\u0101tuma politika - Stayliepaja.lv\",\"isPartOf\":{\"@id\":\"https:\\\/\\\/stayliepaja.lv\\\/#website\"},\"primaryImageOfPage\":{\"@id\":\"https:\\\/\\\/stayliepaja.lv\\\/privatuma-politika\\\/#primaryimage\"},\"image\":{\"@id\":\"https:\\\/\\\/stayliepaja.lv\\\/privatuma-politika\\\/#primaryimage\"},\"thumbnailUrl\":\"https:\\\/\\\/stayliepaja.lv\\\/wp-content\\\/uploads\\\/2022\\\/04\\\/privatuma-politika.jpg\",\"datePublished\":\"2021-12-25T13:44:55+00:00\",\"dateModified\":\"2022-04-19T09:00:23+00:00\",\"description\":\"\u0160aj\u0101 Priv\u0101tuma politik\u0101 m\u0113s sniedzam oblig\u0101to inform\u0101ciju par personas datu apstr\u0101di, saska\u0146\u0101 ar ES GDPR politiku.\",\"breadcrumb\":{\"@id\":\"https:\\\/\\\/stayliepaja.lv\\\/privatuma-politika\\\/#breadcrumb\"},\"inLanguage\":\"lt-LT\",\"potentialAction\":[{\"@type\":\"ReadAction\",\"target\":[\"https:\\\/\\\/stayliepaja.lv\\\/privatuma-politika\\\/\"]}]},{\"@type\":\"ImageObject\",\"inLanguage\":\"lt-LT\",\"@id\":\"https:\\\/\\\/stayliepaja.lv\\\/privatuma-politika\\\/#primaryimage\",\"url\":\"https:\\\/\\\/stayliepaja.lv\\\/wp-content\\\/uploads\\\/2022\\\/04\\\/privatuma-politika.jpg\",\"contentUrl\":\"https:\\\/\\\/stayliepaja.lv\\\/wp-content\\\/uploads\\\/2022\\\/04\\\/privatuma-politika.jpg\",\"width\":1348,\"height\":899,\"caption\":\"privatuma politika\"},{\"@type\":\"BreadcrumbList\",\"@id\":\"https:\\\/\\\/stayliepaja.lv\\\/privatuma-politika\\\/#breadcrumb\",\"itemListElement\":[{\"@type\":\"ListItem\",\"position\":1,\"name\":\"Home\",\"item\":\"https:\\\/\\\/stayliepaja.lv\\\/\"},{\"@type\":\"ListItem\",\"position\":2,\"name\":\"Priv\u0101tuma politika\"}]},{\"@type\":\"WebSite\",\"@id\":\"https:\\\/\\\/stayliepaja.lv\\\/#website\",\"url\":\"https:\\\/\\\/stayliepaja.lv\\\/\",\"name\":\"Stayliepaja.lv\",\"description\":\"Just another WordPress site\",\"potentialAction\":[{\"@type\":\"SearchAction\",\"target\":{\"@type\":\"EntryPoint\",\"urlTemplate\":\"https:\\\/\\\/stayliepaja.lv\\\/?s={search_term_string}\"},\"query-input\":{\"@type\":\"PropertyValueSpecification\",\"valueRequired\":true,\"valueName\":\"search_term_string\"}}],\"inLanguage\":\"lt-LT\"}]}<\/script>\n<!-- \/ Yoast SEO plugin. -->","yoast_head_json":{"title":"Priv\u0101tuma politika - Stayliepaja.lv","description":"\u0160aj\u0101 Priv\u0101tuma politik\u0101 m\u0113s sniedzam oblig\u0101to inform\u0101ciju par personas datu apstr\u0101di, saska\u0146\u0101 ar ES GDPR politiku.","robots":{"index":"index","follow":"follow","max-snippet":"max-snippet:-1","max-image-preview":"max-image-preview:large","max-video-preview":"max-video-preview:-1"},"canonical":"https:\/\/stayliepaja.lv\/lt\/privatuma-politika\/","og_locale":"lt_LT","og_type":"article","og_title":"Priv\u0101tuma politika - Stayliepaja.lv","og_description":"\u0160aj\u0101 Priv\u0101tuma politik\u0101 m\u0113s sniedzam oblig\u0101to inform\u0101ciju par personas datu apstr\u0101di, saska\u0146\u0101 ar ES GDPR politiku.","og_url":"https:\/\/stayliepaja.lv\/lt\/privatuma-politika\/","og_site_name":"Stayliepaja.lv","article_modified_time":"2022-04-19T09:00:23+00:00","og_image":[{"width":1348,"height":899,"url":"https:\/\/stayliepaja.lv\/wp-content\/uploads\/2022\/04\/privatuma-politika.jpg","type":"image\/jpeg"}],"twitter_card":"summary_large_image","twitter_misc":{"Est. reading time":"6 minut\u0117s"},"schema":{"@context":"https:\/\/schema.org","@graph":[{"@type":"WebPage","@id":"https:\/\/stayliepaja.lv\/privatuma-politika\/","url":"https:\/\/stayliepaja.lv\/privatuma-politika\/","name":"Priv\u0101tuma politika - Stayliepaja.lv","isPartOf":{"@id":"https:\/\/stayliepaja.lv\/#website"},"primaryImageOfPage":{"@id":"https:\/\/stayliepaja.lv\/privatuma-politika\/#primaryimage"},"image":{"@id":"https:\/\/stayliepaja.lv\/privatuma-politika\/#primaryimage"},"thumbnailUrl":"https:\/\/stayliepaja.lv\/wp-content\/uploads\/2022\/04\/privatuma-politika.jpg","datePublished":"2021-12-25T13:44:55+00:00","dateModified":"2022-04-19T09:00:23+00:00","description":"\u0160aj\u0101 Priv\u0101tuma politik\u0101 m\u0113s sniedzam oblig\u0101to inform\u0101ciju par personas datu apstr\u0101di, saska\u0146\u0101 ar ES GDPR politiku.","breadcrumb":{"@id":"https:\/\/stayliepaja.lv\/privatuma-politika\/#breadcrumb"},"inLanguage":"lt-LT","potentialAction":[{"@type":"ReadAction","target":["https:\/\/stayliepaja.lv\/privatuma-politika\/"]}]},{"@type":"ImageObject","inLanguage":"lt-LT","@id":"https:\/\/stayliepaja.lv\/privatuma-politika\/#primaryimage","url":"https:\/\/stayliepaja.lv\/wp-content\/uploads\/2022\/04\/privatuma-politika.jpg","contentUrl":"https:\/\/stayliepaja.lv\/wp-content\/uploads\/2022\/04\/privatuma-politika.jpg","width":1348,"height":899,"caption":"privatuma politika"},{"@type":"BreadcrumbList","@id":"https:\/\/stayliepaja.lv\/privatuma-politika\/#breadcrumb","itemListElement":[{"@type":"ListItem","position":1,"name":"Home","item":"https:\/\/stayliepaja.lv\/"},{"@type":"ListItem","position":2,"name":"Priv\u0101tuma politika"}]},{"@type":"WebSite","@id":"https:\/\/stayliepaja.lv\/#website","url":"https:\/\/stayliepaja.lv\/","name":"Stayliepaja.lv","description":"Just another WordPress site","potentialAction":[{"@type":"SearchAction","target":{"@type":"EntryPoint","urlTemplate":"https:\/\/stayliepaja.lv\/?s={search_term_string}"},"query-input":{"@type":"PropertyValueSpecification","valueRequired":true,"valueName":"search_term_string"}}],"inLanguage":"lt-LT"}]}},"_links":{"self":[{"href":"https:\/\/stayliepaja.lv\/lt\/wp-json\/wp\/v2\/pages\/29","targetHints":{"allow":["GET"]}}],"collection":[{"href":"https:\/\/stayliepaja.lv\/lt\/wp-json\/wp\/v2\/pages"}],"about":[{"href":"https:\/\/stayliepaja.lv\/lt\/wp-json\/wp\/v2\/types\/page"}],"author":[{"embeddable":true,"href":"https:\/\/stayliepaja.lv\/lt\/wp-json\/wp\/v2\/users\/1"}],"replies":[{"embeddable":true,"href":"https:\/\/stayliepaja.lv\/lt\/wp-json\/wp\/v2\/comments?post=29"}],"version-history":[{"count":5,"href":"https:\/\/stayliepaja.lv\/lt\/wp-json\/wp\/v2\/pages\/29\/revisions"}],"predecessor-version":[{"id":519,"href":"https:\/\/stayliepaja.lv\/lt\/wp-json\/wp\/v2\/pages\/29\/revisions\/519"}],"wp:featuredmedia":[{"embeddable":true,"href":"https:\/\/stayliepaja.lv\/lt\/wp-json\/wp\/v2\/media\/517"}],"wp:attachment":[{"href":"https:\/\/stayliepaja.lv\/lt\/wp-json\/wp\/v2\/media?parent=29"}],"curies":[{"name":"wp","href":"https:\/\/api.w.org\/{rel}","templated":true}]}}