{"id":19,"date":"2021-12-25T13:42:11","date_gmt":"2021-12-25T13:42:11","guid":{"rendered":"https:\/\/stayliepaja.lv\/?page_id=19"},"modified":"2022-04-19T08:25:17","modified_gmt":"2022-04-19T08:25:17","slug":"atputa-un-izklaide","status":"publish","type":"page","link":"https:\/\/stayliepaja.lv\/ru\/atputa-un-izklaide\/","title":{"rendered":"\u041e\u0442\u0434\u044b\u0445 \u0438 \u0440\u0430\u0437\u0432\u043b\u0435\u0447\u0435\u043d\u0438\u044f"},"content":{"rendered":"[et_pb_section fb_built=&#8221;1&#8243; theme_builder_area=&#8221;post_content&#8221; specialty=&#8221;on&#8221; _builder_version=&#8221;4.17.0&#8243; _module_preset=&#8221;default&#8221; custom_padding=&#8221;4px|||||&#8221;][et_pb_column type=&#8221;3_4&#8243; specialty_columns=&#8221;3&#8243; theme_builder_area=&#8221;post_content&#8221;][et_pb_row_inner _builder_version=&#8221;4.17.0&#8243; _module_preset=&#8221;default&#8221; theme_builder_area=&#8221;post_content&#8221;][et_pb_column_inner saved_specialty_column_type=&#8221;3_4&#8243; _builder_version=&#8221;4.17.0&#8243; _module_preset=&#8221;default&#8221; theme_builder_area=&#8221;post_content&#8221;][et_pb_text _builder_version=&#8221;4.17.0&#8243; _module_preset=&#8221;default&#8221; theme_builder_area=&#8221;post_content&#8221; hover_enabled=&#8221;0&#8243; sticky_enabled=&#8221;0&#8243; custom_margin=&#8221;||0px|||&#8221; custom_padding=&#8221;||20px|||&#8221;]<h3>Vair\u0101k inform\u0101cijas<\/h3>[\/et_pb_text][et_pb_image src=&#8221;https:\/\/stayliepaja.lv\/wp-content\/uploads\/2022\/04\/liepaja_travel.png&#8221; _builder_version=&#8221;4.17.0&#8243; _module_preset=&#8221;default&#8221; theme_builder_area=&#8221;post_content&#8221; title_text=&#8221;liepaja_travel&#8221; background_color=&#8221;#f7f7f7&#8243; hover_enabled=&#8221;0&#8243; sticky_enabled=&#8221;0&#8243; url=&#8221;https:\/\/liepaja.travel\/&#8221; url_new_window=&#8221;on&#8221;][\/et_pb_image][et_pb_text _builder_version=&#8221;4.17.0&#8243; _module_preset=&#8221;default&#8221; theme_builder_area=&#8221;post_content&#8221; hover_enabled=&#8221;0&#8243; sticky_enabled=&#8221;0&#8243; custom_margin=&#8221;||-17px|||&#8221; min_height=&#8221;42px&#8221;]<h3>\u0112diena pas\u016bt\u012b\u0161ana<\/h3>[\/et_pb_text][\/et_pb_column_inner][\/et_pb_row_inner][et_pb_row_inner _builder_version=&#8221;4.17.0&#8243; _module_preset=&#8221;default&#8221; theme_builder_area=&#8221;post_content&#8221; column_structure=&#8221;1_3,1_3,1_3&#8243; custom_padding=&#8221;14px|||||&#8221;][et_pb_column_inner saved_specialty_column_type=&#8221;3_4&#8243; _builder_version=&#8221;4.17.0&#8243; _module_preset=&#8221;default&#8221; type=&#8221;1_3&#8243; theme_builder_area=&#8221;post_content&#8221;][et_pb_image src=&#8221;https:\/\/stayliepaja.lv\/wp-content\/uploads\/2022\/04\/wolt-150&#215;150.png&#8221; _builder_version=&#8221;4.17.0&#8243; _module_preset=&#8221;default&#8221; theme_builder_area=&#8221;post_content&#8221; title_text=&#8221;wolt&#8221; align=&#8221;center&#8221; hover_enabled=&#8221;0&#8243; sticky_enabled=&#8221;0&#8243; max_height=&#8221;100px&#8221;][\/et_pb_image][et_pb_image src=&#8221;https:\/\/stayliepaja.lv\/wp-content\/uploads\/2022\/04\/app_store.png&#8221; _builder_version=&#8221;4.17.0&#8243; _module_preset=&#8221;default&#8221; theme_builder_area=&#8221;post_content&#8221; title_text=&#8221;app_store&#8221; hover_enabled=&#8221;0&#8243; sticky_enabled=&#8221;0&#8243; align=&#8221;center&#8221; max_height=&#8221;50px&#8221; custom_margin=&#8221;||7px|||&#8221; url=&#8221;https:\/\/wolt.onelink.me\/Uy67?pid=not-available-web-to-app&#038;c=not-available-web-to-app&#038;af_adset=not-available-web-to-app&#038;af_keywords=not-available-web-to-app&#038;af_sub1=not-available-web-to-app&#038;af_sub2=%2Fen%2Flva&#038;af_r=https%3A%2F%2Fitunes.apple.com%2Ffi%2Fapp%2Fwolt%2Fid943905271%3Fmt%3D8&#8243; url_new_window=&#8221;on&#8221;][\/et_pb_image][et_pb_image src=&#8221;https:\/\/stayliepaja.lv\/wp-content\/uploads\/2022\/04\/google_play.png&#8221; _builder_version=&#8221;4.17.0&#8243; _module_preset=&#8221;default&#8221; theme_builder_area=&#8221;post_content&#8221; title_text=&#8221;google_play&#8221; hover_enabled=&#8221;0&#8243; sticky_enabled=&#8221;0&#8243; align=&#8221;center&#8221; max_height=&#8221;50px&#8221; url=&#8221;https:\/\/wolt.onelink.me\/Uy67?pid=not-available-web-to-app&#038;c=not-available-web-to-app&#038;af_adset=not-available-web-to-app&#038;af_keywords=not-available-web-to-app&#038;af_sub1=not-available-web-to-app&#038;af_sub2=%2Fen%2Flva&#038;af_r=https%3A%2F%2Fplay.google.com%2Fstore%2Fapps%2Fdetails%3Fid%3Dcom.wolt.android&#8221; url_new_window=&#8221;on&#8221;][\/et_pb_image][\/et_pb_column_inner][et_pb_column_inner saved_specialty_column_type=&#8221;3_4&#8243; _builder_version=&#8221;4.17.0&#8243; _module_preset=&#8221;default&#8221; type=&#8221;1_3&#8243; theme_builder_area=&#8221;post_content&#8221;][et_pb_image src=&#8221;https:\/\/stayliepaja.lv\/wp-content\/uploads\/2022\/04\/bolt.png&#8221; _builder_version=&#8221;4.17.0&#8243; _module_preset=&#8221;default&#8221; theme_builder_area=&#8221;post_content&#8221; title_text=&#8221;bolt&#8221; hover_enabled=&#8221;0&#8243; sticky_enabled=&#8221;0&#8243; align=&#8221;center&#8221; max_height=&#8221;100px&#8221;][\/et_pb_image][et_pb_image src=&#8221;https:\/\/stayliepaja.lv\/wp-content\/uploads\/2022\/04\/app_store.png&#8221; _builder_version=&#8221;4.17.0&#8243; _module_preset=&#8221;default&#8221; theme_builder_area=&#8221;post_content&#8221; title_text=&#8221;app_store&#8221; hover_enabled=&#8221;0&#8243; sticky_enabled=&#8221;0&#8243; align=&#8221;center&#8221; max_height=&#8221;50px&#8221; custom_margin=&#8221;||7px|||&#8221; url=&#8221;https:\/\/boltfood.onelink.me\/gEr4\/appstoreweb001&#8243; url_new_window=&#8221;on&#8221;][\/et_pb_image][et_pb_image src=&#8221;https:\/\/stayliepaja.lv\/wp-content\/uploads\/2022\/04\/google_play.png&#8221; _builder_version=&#8221;4.17.0&#8243; _module_preset=&#8221;default&#8221; theme_builder_area=&#8221;post_content&#8221; title_text=&#8221;google_play&#8221; hover_enabled=&#8221;0&#8243; sticky_enabled=&#8221;0&#8243; align=&#8221;center&#8221; max_height=&#8221;50px&#8221; url=&#8221;https:\/\/boltfood.onelink.me\/gEr4\/googleplayweb001&#8243; url_new_window=&#8221;on&#8221;][\/et_pb_image][\/et_pb_column_inner][et_pb_column_inner saved_specialty_column_type=&#8221;3_4&#8243; _builder_version=&#8221;4.17.0&#8243; _module_preset=&#8221;default&#8221; type=&#8221;1_3&#8243; theme_builder_area=&#8221;post_content&#8221;][\/et_pb_column_inner][\/et_pb_row_inner][\/et_pb_column][et_pb_column type=&#8221;1_4&#8243; theme_builder_area=&#8221;post_content&#8221;][et_pb_sidebar _builder_version=&#8221;4.17.0&#8243; _module_preset=&#8221;default&#8221; theme_builder_area=&#8221;post_content&#8221; show_border=&#8221;off&#8221; hover_enabled=&#8221;0&#8243; sticky_enabled=&#8221;0&#8243;][\/et_pb_sidebar][\/et_pb_column][\/et_pb_section]","protected":false},"excerpt":{"rendered":"<p>Vair\u0101k inform\u0101cijas\u0112diena pas\u016bt\u012b\u0161ana<\/p>","protected":false},"author":1,"featured_media":500,"parent":0,"menu_order":0,"comment_status":"closed","ping_status":"closed","template":"","meta":{"_et_pb_use_builder":"on","_et_pb_old_content":"","_et_gb_content_width":"","footnotes":""},"class_list":["post-19","page","type-page","status-publish","has-post-thumbnail","hentry"],"yoast_head":"<!-- This site is optimized with the Yoast SEO plugin v27.3 - https:\/\/yoast.com\/product\/yoast-seo-wordpress\/ -->\n<title>Atp\u016bta un izklaide - Stayliepaja.lv<\/title>\n<meta name=\"description\" content=\"Atp\u016bta un izklaide. Liep\u0101ja \u2013 tas ir izcils galam\u0113r\u0137is. Pils\u0113tai ir ko pied\u0101v\u0101t gan akt\u012bvas atp\u016btas piekrit\u0113jiem, gan kult\u016bras cien\u012bt\u0101jiem.\" \/>\n<meta name=\"robots\" content=\"index, follow, max-snippet:-1, max-image-preview:large, max-video-preview:-1\" \/>\n<link rel=\"canonical\" href=\"https:\/\/stayliepaja.lv\/ru\/atputa-un-izklaide\/\" \/>\n<meta property=\"og:locale\" content=\"ru_RU\" \/>\n<meta property=\"og:type\" content=\"article\" \/>\n<meta property=\"og:title\" content=\"Atp\u016bta un izklaide - Stayliepaja.lv\" \/>\n<meta property=\"og:description\" content=\"Atp\u016bta un izklaide. Liep\u0101ja \u2013 tas ir izcils galam\u0113r\u0137is. Pils\u0113tai ir ko pied\u0101v\u0101t gan akt\u012bvas atp\u016btas piekrit\u0113jiem, gan kult\u016bras cien\u012bt\u0101jiem.\" \/>\n<meta property=\"og:url\" content=\"https:\/\/stayliepaja.lv\/ru\/atputa-un-izklaide\/\" \/>\n<meta property=\"og:site_name\" content=\"Stayliepaja.lv\" \/>\n<meta property=\"article:modified_time\" content=\"2022-04-19T08:25:17+00:00\" \/>\n<meta property=\"og:image\" content=\"https:\/\/stayliepaja.lv\/wp-content\/uploads\/2022\/04\/atputa-un-izklaieda-Liepaja.jpg\" \/>\n\t<meta property=\"og:image:width\" content=\"300\" \/>\n\t<meta property=\"og:image:height\" content=\"300\" \/>\n\t<meta property=\"og:image:type\" content=\"image\/jpeg\" \/>\n<meta name=\"twitter:card\" content=\"summary_large_image\" \/>\n<meta name=\"twitter:label1\" content=\"\u041f\u0440\u0438\u043c\u0435\u0440\u043d\u043e\u0435 \u0432\u0440\u0435\u043c\u044f \u0434\u043b\u044f \u0447\u0442\u0435\u043d\u0438\u044f\" \/>\n\t<meta name=\"twitter:data1\" content=\"1 \u043c\u0438\u043d\u0443\u0442\u0430\" \/>\n<script type=\"application\/ld+json\" class=\"yoast-schema-graph\">{\"@context\":\"https:\\\/\\\/schema.org\",\"@graph\":[{\"@type\":\"WebPage\",\"@id\":\"https:\\\/\\\/stayliepaja.lv\\\/atputa-un-izklaide\\\/\",\"url\":\"https:\\\/\\\/stayliepaja.lv\\\/atputa-un-izklaide\\\/\",\"name\":\"Atp\u016bta un izklaide - Stayliepaja.lv\",\"isPartOf\":{\"@id\":\"https:\\\/\\\/stayliepaja.lv\\\/#website\"},\"primaryImageOfPage\":{\"@id\":\"https:\\\/\\\/stayliepaja.lv\\\/atputa-un-izklaide\\\/#primaryimage\"},\"image\":{\"@id\":\"https:\\\/\\\/stayliepaja.lv\\\/atputa-un-izklaide\\\/#primaryimage\"},\"thumbnailUrl\":\"https:\\\/\\\/stayliepaja.lv\\\/wp-content\\\/uploads\\\/2022\\\/04\\\/atputa-un-izklaieda-Liepaja.jpg\",\"datePublished\":\"2021-12-25T13:42:11+00:00\",\"dateModified\":\"2022-04-19T08:25:17+00:00\",\"description\":\"Atp\u016bta un izklaide. Liep\u0101ja \u2013 tas ir izcils galam\u0113r\u0137is. Pils\u0113tai ir ko pied\u0101v\u0101t gan akt\u012bvas atp\u016btas piekrit\u0113jiem, gan kult\u016bras cien\u012bt\u0101jiem.\",\"breadcrumb\":{\"@id\":\"https:\\\/\\\/stayliepaja.lv\\\/atputa-un-izklaide\\\/#breadcrumb\"},\"inLanguage\":\"ru-RU\",\"potentialAction\":[{\"@type\":\"ReadAction\",\"target\":[\"https:\\\/\\\/stayliepaja.lv\\\/atputa-un-izklaide\\\/\"]}]},{\"@type\":\"ImageObject\",\"inLanguage\":\"ru-RU\",\"@id\":\"https:\\\/\\\/stayliepaja.lv\\\/atputa-un-izklaide\\\/#primaryimage\",\"url\":\"https:\\\/\\\/stayliepaja.lv\\\/wp-content\\\/uploads\\\/2022\\\/04\\\/atputa-un-izklaieda-Liepaja.jpg\",\"contentUrl\":\"https:\\\/\\\/stayliepaja.lv\\\/wp-content\\\/uploads\\\/2022\\\/04\\\/atputa-un-izklaieda-Liepaja.jpg\",\"width\":300,\"height\":300,\"caption\":\"Atp\u016bta un izklaide Liep\u0101ja\"},{\"@type\":\"BreadcrumbList\",\"@id\":\"https:\\\/\\\/stayliepaja.lv\\\/atputa-un-izklaide\\\/#breadcrumb\",\"itemListElement\":[{\"@type\":\"ListItem\",\"position\":1,\"name\":\"Home\",\"item\":\"https:\\\/\\\/stayliepaja.lv\\\/\"},{\"@type\":\"ListItem\",\"position\":2,\"name\":\"Atp\u016bta un izklaide\"}]},{\"@type\":\"WebSite\",\"@id\":\"https:\\\/\\\/stayliepaja.lv\\\/#website\",\"url\":\"https:\\\/\\\/stayliepaja.lv\\\/\",\"name\":\"Stayliepaja.lv\",\"description\":\"Just another WordPress site\",\"potentialAction\":[{\"@type\":\"SearchAction\",\"target\":{\"@type\":\"EntryPoint\",\"urlTemplate\":\"https:\\\/\\\/stayliepaja.lv\\\/?s={search_term_string}\"},\"query-input\":{\"@type\":\"PropertyValueSpecification\",\"valueRequired\":true,\"valueName\":\"search_term_string\"}}],\"inLanguage\":\"ru-RU\"}]}<\/script>\n<!-- \/ Yoast SEO plugin. -->","yoast_head_json":{"title":"Atp\u016bta un izklaide - Stayliepaja.lv","description":"Atp\u016bta un izklaide. Liep\u0101ja \u2013 tas ir izcils galam\u0113r\u0137is. Pils\u0113tai ir ko pied\u0101v\u0101t gan akt\u012bvas atp\u016btas piekrit\u0113jiem, gan kult\u016bras cien\u012bt\u0101jiem.","robots":{"index":"index","follow":"follow","max-snippet":"max-snippet:-1","max-image-preview":"max-image-preview:large","max-video-preview":"max-video-preview:-1"},"canonical":"https:\/\/stayliepaja.lv\/ru\/atputa-un-izklaide\/","og_locale":"ru_RU","og_type":"article","og_title":"Atp\u016bta un izklaide - Stayliepaja.lv","og_description":"Atp\u016bta un izklaide. Liep\u0101ja \u2013 tas ir izcils galam\u0113r\u0137is. Pils\u0113tai ir ko pied\u0101v\u0101t gan akt\u012bvas atp\u016btas piekrit\u0113jiem, gan kult\u016bras cien\u012bt\u0101jiem.","og_url":"https:\/\/stayliepaja.lv\/ru\/atputa-un-izklaide\/","og_site_name":"Stayliepaja.lv","article_modified_time":"2022-04-19T08:25:17+00:00","og_image":[{"width":300,"height":300,"url":"https:\/\/stayliepaja.lv\/wp-content\/uploads\/2022\/04\/atputa-un-izklaieda-Liepaja.jpg","type":"image\/jpeg"}],"twitter_card":"summary_large_image","twitter_misc":{"\u041f\u0440\u0438\u043c\u0435\u0440\u043d\u043e\u0435 \u0432\u0440\u0435\u043c\u044f \u0434\u043b\u044f \u0447\u0442\u0435\u043d\u0438\u044f":"1 \u043c\u0438\u043d\u0443\u0442\u0430"},"schema":{"@context":"https:\/\/schema.org","@graph":[{"@type":"WebPage","@id":"https:\/\/stayliepaja.lv\/atputa-un-izklaide\/","url":"https:\/\/stayliepaja.lv\/atputa-un-izklaide\/","name":"Atp\u016bta un izklaide - Stayliepaja.lv","isPartOf":{"@id":"https:\/\/stayliepaja.lv\/#website"},"primaryImageOfPage":{"@id":"https:\/\/stayliepaja.lv\/atputa-un-izklaide\/#primaryimage"},"image":{"@id":"https:\/\/stayliepaja.lv\/atputa-un-izklaide\/#primaryimage"},"thumbnailUrl":"https:\/\/stayliepaja.lv\/wp-content\/uploads\/2022\/04\/atputa-un-izklaieda-Liepaja.jpg","datePublished":"2021-12-25T13:42:11+00:00","dateModified":"2022-04-19T08:25:17+00:00","description":"Atp\u016bta un izklaide. Liep\u0101ja \u2013 tas ir izcils galam\u0113r\u0137is. Pils\u0113tai ir ko pied\u0101v\u0101t gan akt\u012bvas atp\u016btas piekrit\u0113jiem, gan kult\u016bras cien\u012bt\u0101jiem.","breadcrumb":{"@id":"https:\/\/stayliepaja.lv\/atputa-un-izklaide\/#breadcrumb"},"inLanguage":"ru-RU","potentialAction":[{"@type":"ReadAction","target":["https:\/\/stayliepaja.lv\/atputa-un-izklaide\/"]}]},{"@type":"ImageObject","inLanguage":"ru-RU","@id":"https:\/\/stayliepaja.lv\/atputa-un-izklaide\/#primaryimage","url":"https:\/\/stayliepaja.lv\/wp-content\/uploads\/2022\/04\/atputa-un-izklaieda-Liepaja.jpg","contentUrl":"https:\/\/stayliepaja.lv\/wp-content\/uploads\/2022\/04\/atputa-un-izklaieda-Liepaja.jpg","width":300,"height":300,"caption":"Atp\u016bta un izklaide Liep\u0101ja"},{"@type":"BreadcrumbList","@id":"https:\/\/stayliepaja.lv\/atputa-un-izklaide\/#breadcrumb","itemListElement":[{"@type":"ListItem","position":1,"name":"Home","item":"https:\/\/stayliepaja.lv\/"},{"@type":"ListItem","position":2,"name":"Atp\u016bta un izklaide"}]},{"@type":"WebSite","@id":"https:\/\/stayliepaja.lv\/#website","url":"https:\/\/stayliepaja.lv\/","name":"Stayliepaja.lv","description":"Just another WordPress site","potentialAction":[{"@type":"SearchAction","target":{"@type":"EntryPoint","urlTemplate":"https:\/\/stayliepaja.lv\/?s={search_term_string}"},"query-input":{"@type":"PropertyValueSpecification","valueRequired":true,"valueName":"search_term_string"}}],"inLanguage":"ru-RU"}]}},"_links":{"self":[{"href":"https:\/\/stayliepaja.lv\/ru\/wp-json\/wp\/v2\/pages\/19","targetHints":{"allow":["GET"]}}],"collection":[{"href":"https:\/\/stayliepaja.lv\/ru\/wp-json\/wp\/v2\/pages"}],"about":[{"href":"https:\/\/stayliepaja.lv\/ru\/wp-json\/wp\/v2\/types\/page"}],"author":[{"embeddable":true,"href":"https:\/\/stayliepaja.lv\/ru\/wp-json\/wp\/v2\/users\/1"}],"replies":[{"embeddable":true,"href":"https:\/\/stayliepaja.lv\/ru\/wp-json\/wp\/v2\/comments?post=19"}],"version-history":[{"count":7,"href":"https:\/\/stayliepaja.lv\/ru\/wp-json\/wp\/v2\/pages\/19\/revisions"}],"predecessor-version":[{"id":501,"href":"https:\/\/stayliepaja.lv\/ru\/wp-json\/wp\/v2\/pages\/19\/revisions\/501"}],"wp:featuredmedia":[{"embeddable":true,"href":"https:\/\/stayliepaja.lv\/ru\/wp-json\/wp\/v2\/media\/500"}],"wp:attachment":[{"href":"https:\/\/stayliepaja.lv\/ru\/wp-json\/wp\/v2\/media?parent=19"}],"curies":[{"name":"wp","href":"https:\/\/api.w.org\/{rel}","templated":true}]}}