{"id":23,"date":"2021-12-25T13:42:58","date_gmt":"2021-12-25T13:42:58","guid":{"rendered":"https:\/\/stayliepaja.lv\/?page_id=23"},"modified":"2022-04-19T08:54:22","modified_gmt":"2022-04-19T08:54:22","slug":"par-latviju","status":"publish","type":"page","link":"https:\/\/stayliepaja.lv\/ru\/par-latviju\/","title":{"rendered":"\u041e \u041b\u0430\u0442\u0432\u0438\u0438"},"content":{"rendered":"[et_pb_section fb_built=&#8221;1&#8243; specialty=&#8221;on&#8221; _builder_version=&#8221;4.17.0&#8243; _module_preset=&#8221;default&#8221; custom_padding=&#8221;0px|||||&#8221; global_colors_info=&#8221;{}&#8221;][et_pb_column type=&#8221;3_4&#8243; specialty_columns=&#8221;3&#8243; _builder_version=&#8221;4.16&#8243; custom_padding=&#8221;|||&#8221; global_colors_info=&#8221;{}&#8221; custom_padding__hover=&#8221;|||&#8221;][et_pb_row_inner _builder_version=&#8221;4.17.0&#8243; _module_preset=&#8221;default&#8221; global_colors_info=&#8221;{}&#8221;][et_pb_column_inner saved_specialty_column_type=&#8221;3_4&#8243; _builder_version=&#8221;4.17.0&#8243; _module_preset=&#8221;default&#8221; global_colors_info=&#8221;{}&#8221;][et_pb_text _builder_version=&#8221;4.17.0&#8243; _module_preset=&#8221;default&#8221; global_colors_info=&#8221;{}&#8221;]<h4>Visp\u0101r\u012bga inform\u0101cija<\/h4>[\/et_pb_text][et_pb_image src=&#8221;https:\/\/stayliepaja.lv\/wp-content\/uploads\/2022\/04\/riga.jpg&#8221; title_text=&#8221;riga&#8221; _builder_version=&#8221;4.17.0&#8243; _module_preset=&#8221;default&#8221; global_colors_info=&#8221;{}&#8221;][\/et_pb_image][et_pb_text _builder_version=&#8221;4.17.0&#8243; _module_preset=&#8221;default&#8221; global_colors_info=&#8221;{}&#8221;]<p><span>Latvijas Republika ir dibin\u0101ta 1918.gada 18.novembr\u012b. Latvija ir parlament\u0101ra republika. T\u0101 atrodas Eiropas zieme\u013cos, Baltijas j\u016bras piekrast\u0113, savienojot austrumus un rietumus. 64,589 km<\/span><sup>2<\/sup><span> gleznainu l\u012bdzenumu un upju, ezeru un pakalnu, tai skait\u0101 di\u017een\u0101 krasta l\u012bnija.<\/span><\/p>[\/et_pb_text][et_pb_text _builder_version=&#8221;4.17.0&#8243; _module_preset=&#8221;default&#8221; global_colors_info=&#8221;{}&#8221;]<p style=\"text-align: right;\"><a href=\"http:\/\/www.latvia.eu\/lv\" target=\"_blank\" rel=\"noopener\">Detaliz\u0113t\u0101k&#8230;<\/a><span> (www.latvia.eu)<\/span><\/p>[\/et_pb_text][et_pb_divider _builder_version=&#8221;4.17.0&#8243; _module_preset=&#8221;default&#8221; global_colors_info=&#8221;{}&#8221;][\/et_pb_divider][\/et_pb_column_inner][\/et_pb_row_inner][et_pb_row_inner _builder_version=&#8221;4.17.0&#8243; _module_preset=&#8221;default&#8221; column_structure=&#8221;1_3,1_3,1_3&#8243;][et_pb_column_inner saved_specialty_column_type=&#8221;3_4&#8243; _builder_version=&#8221;4.17.0&#8243; _module_preset=&#8221;default&#8221; type=&#8221;1_3&#8243;][et_pb_text _builder_version=&#8221;4.17.0&#8243; _module_preset=&#8221;default&#8221; hover_enabled=&#8221;0&#8243; global_colors_info=&#8221;{}&#8221; custom_margin=&#8221;||2px|||&#8221; sticky_enabled=&#8221;0&#8243;]<h4 style=\"text-align: center;\">\u0420\u0438\u0433\u0430<\/h4>\n<div class=\"row\">\n<div class=\"col-md-2 col-sm-2 col-xs-2\"><\/div>\n<\/div>[\/et_pb_text][et_pb_image src=&#8221;https:\/\/stayliepaja.lv\/wp-content\/uploads\/2022\/04\/image.png&#8221; title_text=&#8221;image&#8221; _builder_version=&#8221;4.17.0&#8243; _module_preset=&#8221;default&#8221; hover_enabled=&#8221;0&#8243; global_colors_info=&#8221;{}&#8221; align=&#8221;center&#8221; sticky_enabled=&#8221;0&#8243; custom_margin=&#8221;||12px|||&#8221;][\/et_pb_image][et_pb_text _builder_version=&#8221;4.17.0&#8243; _module_preset=&#8221;default&#8221; hover_enabled=&#8221;0&#8243; global_colors_info=&#8221;{}&#8221; sticky_enabled=&#8221;0&#8243;]<p style=\"text-align: center;\"><span>Iedz\u012bvot\u0101ji \u2013 643\u00a0368.<\/span><br \/><span>Latvijas galvaspils\u0113ta, dibin\u0101ta 1201.gad\u0101.<\/span><br \/><span>\u0160eit dz\u012bvo 1\/3<\/span><span> no Latvijas iedz\u012bvot\u0101jiem<\/span><br \/><span>Finan\u0161u un ekonomikas centrs.<\/span><br \/><span>Popul\u0101ra t\u016brisma vieta.<\/span><\/p>\n<p style=\"text-align: center;\"><a href=\"https:\/\/www.riga.lv\/lv\">riga.lv<\/a><span><\/span><\/p>\n<p style=\"text-align: center;\"><span><\/span><\/p>[\/et_pb_text][\/et_pb_column_inner][et_pb_column_inner saved_specialty_column_type=&#8221;3_4&#8243; _builder_version=&#8221;4.17.0&#8243; _module_preset=&#8221;default&#8221; type=&#8221;1_3&#8243;][et_pb_text _builder_version=&#8221;4.17.0&#8243; _module_preset=&#8221;default&#8221; custom_margin=&#8221;||-1px|||&#8221; hover_enabled=&#8221;0&#8243; global_colors_info=&#8221;{}&#8221; text_orientation=&#8221;center&#8221; sticky_enabled=&#8221;0&#8243;]<h4>\u041b\u0438\u0435\u043f\u0430\u044f<\/h4>[\/et_pb_text][et_pb_image src=&#8221;https:\/\/stayliepaja.lv\/wp-content\/uploads\/2022\/04\/liepaja-1.png&#8221; title_text=&#8221;liepaja&#8221; _builder_version=&#8221;4.17.0&#8243; _module_preset=&#8221;default&#8221; hover_enabled=&#8221;0&#8243; global_colors_info=&#8221;{}&#8221; align=&#8221;center&#8221; sticky_enabled=&#8221;0&#8243;][\/et_pb_image][et_pb_text _builder_version=&#8221;4.17.0&#8243; _module_preset=&#8221;default&#8221; hover_enabled=&#8221;0&#8243; global_colors_info=&#8221;{}&#8221; sticky_enabled=&#8221;0&#8243;]<p style=\"text-align: center;\"><span>Iedz\u012bvot\u0101ji \u2013 71\u00a0926.<\/span><br \/><span>Dibin\u0101ta 1625.gad\u0101. Svar\u012bga neaizsalsto\u0161a osta ar j\u016bras kara b\u0101zi kop\u0161 1890.gadiem.<\/span><br \/><span>&#8220;Pils\u0113ta kur\u0101 piedzimst v\u0113j\u0161&#8221;.<\/span><br \/><span>Latvijas rokenrola galvaspisl\u0113ta.<\/span><\/p>\n<p style=\"text-align: center;\"><span><\/span><\/p>\n<p style=\"text-align: center;\"><a href=\"https:\/\/www.liepaja.lv\/\">liepaja.lv<\/a><span><\/span><\/p>\n<p style=\"text-align: center;\"><span><\/span><\/p>[\/et_pb_text][\/et_pb_column_inner][et_pb_column_inner saved_specialty_column_type=&#8221;3_4&#8243; _builder_version=&#8221;4.17.0&#8243; _module_preset=&#8221;default&#8221; type=&#8221;1_3&#8243;][et_pb_text _builder_version=&#8221;4.17.0&#8243; _module_preset=&#8221;default&#8221; custom_margin=&#8221;||0px|||&#8221; hover_enabled=&#8221;0&#8243; global_colors_info=&#8221;{}&#8221; sticky_enabled=&#8221;0&#8243;]<h4 style=\"text-align: center;\">Daugavpils<\/h4>[\/et_pb_text][et_pb_image src=&#8221;https:\/\/stayliepaja.lv\/wp-content\/uploads\/2022\/04\/daugavpils.png&#8221; title_text=&#8221;daugavpils&#8221; _builder_version=&#8221;4.17.0&#8243; _module_preset=&#8221;default&#8221; hover_enabled=&#8221;0&#8243; global_colors_info=&#8221;{}&#8221; align=&#8221;center&#8221; sticky_enabled=&#8221;0&#8243;][\/et_pb_image][et_pb_text _builder_version=&#8221;4.17.0&#8243; _module_preset=&#8221;default&#8221; hover_enabled=&#8221;0&#8243; global_colors_info=&#8221;{}&#8221; sticky_enabled=&#8221;0&#8243;]<p style=\"text-align: center;\"><span>Iedz\u012bvot\u0101ji \u2013 87 403.<\/span><br \/><span>Dibin\u0101ta 1275.gad\u0101.<\/span><br \/><span>Liel\u0101k\u0101 pils\u0113ta Latgal\u0113 \u2013 &#8220;t\u016bksto\u0161 ezeru zem\u0113&#8221;. <\/span><br \/><span>Marka Rotko, Amerikas m\u0101kslinieka-ekspresionista, dzimt\u0101 pils\u0113ta.<\/span><\/p>\n<p style=\"text-align: center;\"><span><\/span><\/p>\n<p style=\"text-align: center;\"><a href=\"https:\/\/www.daugavpils.lv\/\">daugavpils.lv<\/a><span><\/span><\/p>\n<p style=\"text-align: center;\"><span><\/span><\/p>[\/et_pb_text][\/et_pb_column_inner][\/et_pb_row_inner][\/et_pb_column][et_pb_column type=&#8221;1_4&#8243; _builder_version=&#8221;4.16&#8243; custom_padding=&#8221;|||&#8221; global_colors_info=&#8221;{}&#8221; custom_padding__hover=&#8221;|||&#8221;][et_pb_sidebar show_border=&#8221;off&#8221; _builder_version=&#8221;4.17.0&#8243; _module_preset=&#8221;default&#8221; global_colors_info=&#8221;{}&#8221;][\/et_pb_sidebar][\/et_pb_column][\/et_pb_section]","protected":false},"excerpt":{"rendered":"<p>Visp\u0101r\u012bga inform\u0101cijaLatvijas Republika ir dibin\u0101ta 1918.gada 18.novembr\u012b. Latvija ir parlament\u0101ra republika. T\u0101 atrodas Eiropas zieme\u013cos, Baltijas j\u016bras piekrast\u0113, savienojot austrumus un rietumus. 64,589 km2 gleznainu l\u012bdzenumu un upju, ezeru un pakalnu, tai skait\u0101 di\u017een\u0101 krasta l\u012bnija.Detaliz\u0113t\u0101k&#8230; (www.latvia.eu)R\u012bga Iedz\u012bvot\u0101ji \u2013 643\u00a0368.Latvijas galvaspils\u0113ta, dibin\u0101ta 1201.gad\u0101.\u0160eit dz\u012bvo 1\/3 no Latvijas iedz\u012bvot\u0101jiemFinan\u0161u un ekonomikas centrs.Popul\u0101ra t\u016brisma vieta. riga.lv Liep\u0101jaIedz\u012bvot\u0101ji [&hellip;]<\/p>","protected":false},"author":1,"featured_media":513,"parent":0,"menu_order":0,"comment_status":"closed","ping_status":"closed","template":"","meta":{"_et_pb_use_builder":"on","_et_pb_old_content":"","_et_gb_content_width":"","footnotes":""},"class_list":["post-23","page","type-page","status-publish","has-post-thumbnail","hentry"],"yoast_head":"<!-- This site is optimized with the Yoast SEO plugin v27.3 - https:\/\/yoast.com\/product\/yoast-seo-wordpress\/ -->\n<title>Par Latviju - Stayliepaja.lv<\/title>\n<meta name=\"description\" content=\"Par Latviju. Latvija ir unik\u0101la valsts. Latvija ir neliela, bet \u013coti skaista zeme, \u0161eit ir daudz interesantu t\u016brisma objektu\" \/>\n<meta name=\"robots\" content=\"index, follow, max-snippet:-1, max-image-preview:large, max-video-preview:-1\" \/>\n<link rel=\"canonical\" href=\"https:\/\/stayliepaja.lv\/ru\/par-latviju\/\" \/>\n<meta property=\"og:locale\" content=\"ru_RU\" \/>\n<meta property=\"og:type\" content=\"article\" \/>\n<meta property=\"og:title\" content=\"Par Latviju - Stayliepaja.lv\" \/>\n<meta property=\"og:description\" content=\"Par Latviju. Latvija ir unik\u0101la valsts. Latvija ir neliela, bet \u013coti skaista zeme, \u0161eit ir daudz interesantu t\u016brisma objektu\" \/>\n<meta property=\"og:url\" content=\"https:\/\/stayliepaja.lv\/ru\/par-latviju\/\" \/>\n<meta property=\"og:site_name\" content=\"Stayliepaja.lv\" \/>\n<meta property=\"article:modified_time\" content=\"2022-04-19T08:54:22+00:00\" \/>\n<meta property=\"og:image\" content=\"https:\/\/stayliepaja.lv\/wp-content\/uploads\/2022\/04\/par-latviju.png\" \/>\n\t<meta property=\"og:image:width\" content=\"640\" \/>\n\t<meta property=\"og:image:height\" content=\"480\" \/>\n\t<meta property=\"og:image:type\" content=\"image\/png\" \/>\n<meta name=\"twitter:card\" content=\"summary_large_image\" \/>\n<meta name=\"twitter:label1\" content=\"\u041f\u0440\u0438\u043c\u0435\u0440\u043d\u043e\u0435 \u0432\u0440\u0435\u043c\u044f \u0434\u043b\u044f \u0447\u0442\u0435\u043d\u0438\u044f\" \/>\n\t<meta name=\"twitter:data1\" content=\"2 \u043c\u0438\u043d\u0443\u0442\u044b\" \/>\n<script type=\"application\/ld+json\" class=\"yoast-schema-graph\">{\"@context\":\"https:\\\/\\\/schema.org\",\"@graph\":[{\"@type\":\"WebPage\",\"@id\":\"https:\\\/\\\/stayliepaja.lv\\\/par-latviju\\\/\",\"url\":\"https:\\\/\\\/stayliepaja.lv\\\/par-latviju\\\/\",\"name\":\"Par Latviju - Stayliepaja.lv\",\"isPartOf\":{\"@id\":\"https:\\\/\\\/stayliepaja.lv\\\/#website\"},\"primaryImageOfPage\":{\"@id\":\"https:\\\/\\\/stayliepaja.lv\\\/par-latviju\\\/#primaryimage\"},\"image\":{\"@id\":\"https:\\\/\\\/stayliepaja.lv\\\/par-latviju\\\/#primaryimage\"},\"thumbnailUrl\":\"https:\\\/\\\/stayliepaja.lv\\\/wp-content\\\/uploads\\\/2022\\\/04\\\/par-latviju.png\",\"datePublished\":\"2021-12-25T13:42:58+00:00\",\"dateModified\":\"2022-04-19T08:54:22+00:00\",\"description\":\"Par Latviju. Latvija ir unik\u0101la valsts. Latvija ir neliela, bet \u013coti skaista zeme, \u0161eit ir daudz interesantu t\u016brisma objektu\",\"breadcrumb\":{\"@id\":\"https:\\\/\\\/stayliepaja.lv\\\/par-latviju\\\/#breadcrumb\"},\"inLanguage\":\"ru-RU\",\"potentialAction\":[{\"@type\":\"ReadAction\",\"target\":[\"https:\\\/\\\/stayliepaja.lv\\\/par-latviju\\\/\"]}]},{\"@type\":\"ImageObject\",\"inLanguage\":\"ru-RU\",\"@id\":\"https:\\\/\\\/stayliepaja.lv\\\/par-latviju\\\/#primaryimage\",\"url\":\"https:\\\/\\\/stayliepaja.lv\\\/wp-content\\\/uploads\\\/2022\\\/04\\\/par-latviju.png\",\"contentUrl\":\"https:\\\/\\\/stayliepaja.lv\\\/wp-content\\\/uploads\\\/2022\\\/04\\\/par-latviju.png\",\"width\":640,\"height\":480,\"caption\":\"par latviju\"},{\"@type\":\"BreadcrumbList\",\"@id\":\"https:\\\/\\\/stayliepaja.lv\\\/par-latviju\\\/#breadcrumb\",\"itemListElement\":[{\"@type\":\"ListItem\",\"position\":1,\"name\":\"Home\",\"item\":\"https:\\\/\\\/stayliepaja.lv\\\/\"},{\"@type\":\"ListItem\",\"position\":2,\"name\":\"Par Latviju\"}]},{\"@type\":\"WebSite\",\"@id\":\"https:\\\/\\\/stayliepaja.lv\\\/#website\",\"url\":\"https:\\\/\\\/stayliepaja.lv\\\/\",\"name\":\"Stayliepaja.lv\",\"description\":\"Just another WordPress site\",\"potentialAction\":[{\"@type\":\"SearchAction\",\"target\":{\"@type\":\"EntryPoint\",\"urlTemplate\":\"https:\\\/\\\/stayliepaja.lv\\\/?s={search_term_string}\"},\"query-input\":{\"@type\":\"PropertyValueSpecification\",\"valueRequired\":true,\"valueName\":\"search_term_string\"}}],\"inLanguage\":\"ru-RU\"}]}<\/script>\n<!-- \/ Yoast SEO plugin. -->","yoast_head_json":{"title":"Par Latviju - Stayliepaja.lv","description":"Par Latviju. Latvija ir unik\u0101la valsts. Latvija ir neliela, bet \u013coti skaista zeme, \u0161eit ir daudz interesantu t\u016brisma objektu","robots":{"index":"index","follow":"follow","max-snippet":"max-snippet:-1","max-image-preview":"max-image-preview:large","max-video-preview":"max-video-preview:-1"},"canonical":"https:\/\/stayliepaja.lv\/ru\/par-latviju\/","og_locale":"ru_RU","og_type":"article","og_title":"Par Latviju - Stayliepaja.lv","og_description":"Par Latviju. Latvija ir unik\u0101la valsts. Latvija ir neliela, bet \u013coti skaista zeme, \u0161eit ir daudz interesantu t\u016brisma objektu","og_url":"https:\/\/stayliepaja.lv\/ru\/par-latviju\/","og_site_name":"Stayliepaja.lv","article_modified_time":"2022-04-19T08:54:22+00:00","og_image":[{"width":640,"height":480,"url":"https:\/\/stayliepaja.lv\/wp-content\/uploads\/2022\/04\/par-latviju.png","type":"image\/png"}],"twitter_card":"summary_large_image","twitter_misc":{"\u041f\u0440\u0438\u043c\u0435\u0440\u043d\u043e\u0435 \u0432\u0440\u0435\u043c\u044f \u0434\u043b\u044f \u0447\u0442\u0435\u043d\u0438\u044f":"2 \u043c\u0438\u043d\u0443\u0442\u044b"},"schema":{"@context":"https:\/\/schema.org","@graph":[{"@type":"WebPage","@id":"https:\/\/stayliepaja.lv\/par-latviju\/","url":"https:\/\/stayliepaja.lv\/par-latviju\/","name":"Par Latviju - Stayliepaja.lv","isPartOf":{"@id":"https:\/\/stayliepaja.lv\/#website"},"primaryImageOfPage":{"@id":"https:\/\/stayliepaja.lv\/par-latviju\/#primaryimage"},"image":{"@id":"https:\/\/stayliepaja.lv\/par-latviju\/#primaryimage"},"thumbnailUrl":"https:\/\/stayliepaja.lv\/wp-content\/uploads\/2022\/04\/par-latviju.png","datePublished":"2021-12-25T13:42:58+00:00","dateModified":"2022-04-19T08:54:22+00:00","description":"Par Latviju. Latvija ir unik\u0101la valsts. Latvija ir neliela, bet \u013coti skaista zeme, \u0161eit ir daudz interesantu t\u016brisma objektu","breadcrumb":{"@id":"https:\/\/stayliepaja.lv\/par-latviju\/#breadcrumb"},"inLanguage":"ru-RU","potentialAction":[{"@type":"ReadAction","target":["https:\/\/stayliepaja.lv\/par-latviju\/"]}]},{"@type":"ImageObject","inLanguage":"ru-RU","@id":"https:\/\/stayliepaja.lv\/par-latviju\/#primaryimage","url":"https:\/\/stayliepaja.lv\/wp-content\/uploads\/2022\/04\/par-latviju.png","contentUrl":"https:\/\/stayliepaja.lv\/wp-content\/uploads\/2022\/04\/par-latviju.png","width":640,"height":480,"caption":"par latviju"},{"@type":"BreadcrumbList","@id":"https:\/\/stayliepaja.lv\/par-latviju\/#breadcrumb","itemListElement":[{"@type":"ListItem","position":1,"name":"Home","item":"https:\/\/stayliepaja.lv\/"},{"@type":"ListItem","position":2,"name":"Par Latviju"}]},{"@type":"WebSite","@id":"https:\/\/stayliepaja.lv\/#website","url":"https:\/\/stayliepaja.lv\/","name":"Stayliepaja.lv","description":"Just another WordPress site","potentialAction":[{"@type":"SearchAction","target":{"@type":"EntryPoint","urlTemplate":"https:\/\/stayliepaja.lv\/?s={search_term_string}"},"query-input":{"@type":"PropertyValueSpecification","valueRequired":true,"valueName":"search_term_string"}}],"inLanguage":"ru-RU"}]}},"_links":{"self":[{"href":"https:\/\/stayliepaja.lv\/ru\/wp-json\/wp\/v2\/pages\/23","targetHints":{"allow":["GET"]}}],"collection":[{"href":"https:\/\/stayliepaja.lv\/ru\/wp-json\/wp\/v2\/pages"}],"about":[{"href":"https:\/\/stayliepaja.lv\/ru\/wp-json\/wp\/v2\/types\/page"}],"author":[{"embeddable":true,"href":"https:\/\/stayliepaja.lv\/ru\/wp-json\/wp\/v2\/users\/1"}],"replies":[{"embeddable":true,"href":"https:\/\/stayliepaja.lv\/ru\/wp-json\/wp\/v2\/comments?post=23"}],"version-history":[{"count":9,"href":"https:\/\/stayliepaja.lv\/ru\/wp-json\/wp\/v2\/pages\/23\/revisions"}],"predecessor-version":[{"id":514,"href":"https:\/\/stayliepaja.lv\/ru\/wp-json\/wp\/v2\/pages\/23\/revisions\/514"}],"wp:featuredmedia":[{"embeddable":true,"href":"https:\/\/stayliepaja.lv\/ru\/wp-json\/wp\/v2\/media\/513"}],"wp:attachment":[{"href":"https:\/\/stayliepaja.lv\/ru\/wp-json\/wp\/v2\/media?parent=23"}],"curies":[{"name":"wp","href":"https:\/\/api.w.org\/{rel}","templated":true}]}}