{"id":25,"date":"2021-12-25T13:43:26","date_gmt":"2021-12-25T13:43:26","guid":{"rendered":"https:\/\/stayliepaja.lv\/?page_id=25"},"modified":"2026-04-07T15:58:14","modified_gmt":"2026-04-07T15:58:14","slug":"nosacijumi-un-noteikumi","status":"publish","type":"page","link":"https:\/\/stayliepaja.lv\/ru\/nosacijumi-un-noteikumi\/","title":{"rendered":"\u0423\u0441\u043b\u043e\u0432\u0438\u044f \u0438 \u043f\u043e\u043b\u043e\u0436\u0435\u043d\u0438\u044f"},"content":{"rendered":"<p>[et_pb_section fb_built=&#8221;1&#8243; _builder_version=&#8221;4.16&#8243; _module_preset=&#8221;default&#8221; custom_padding=&#8221;0px||||false|false&#8221; global_colors_info=&#8221;{}&#8221;][et_pb_row _builder_version=&#8221;4.16&#8243; _module_preset=&#8221;default&#8221; width=&#8221;100%&#8221; global_colors_info=&#8221;{}&#8221;][et_pb_column type=&#8221;4_4&#8243; _builder_version=&#8221;4.16&#8243; _module_preset=&#8221;default&#8221; global_colors_info=&#8221;{}&#8221;][et_pb_text _builder_version=&#8221;4.27.6&#8243; _module_preset=&#8221;default&#8221; custom_padding=&#8221;0px|0px|0px|0px|false|false&#8221; custom_padding_tablet=&#8221;10px|10px|10px|10px|false|false&#8221; custom_padding_phone=&#8221;10px|10px|10px|10px|false|false&#8221; custom_padding_last_edited=&#8221;on|tablet&#8221; hover_enabled=&#8221;0&#8243; global_colors_info=&#8221;{}&#8221; sticky_enabled=&#8221;0&#8243;]<\/p>\n<p><strong>\u0423\u0421\u041b\u041e\u0412\u0418\u042f \u0411\u0420\u041e\u041d\u0418\u0420\u041e\u0412\u0410\u041d\u0418\u042f<\/strong><\/p>\n<p><em>\u041e\u0431\u043d\u043e\u0432\u043b\u0435\u043d\u043e: 2026-04-06<\/em><\/p>\n<p>\u041d\u0430\u0441\u0442\u043e\u044f\u0449\u0438\u0435 \u0443\u0441\u043b\u043e\u0432\u0438\u044f \u0443\u0441\u0442\u0430\u043d\u0430\u0432\u043b\u0438\u0432\u0430\u044e\u0442 \u044e\u0440\u0438\u0434\u0438\u0447\u0435\u0441\u043a\u0438 \u043e\u0431\u044f\u0437\u0430\u0442\u0435\u043b\u044c\u043d\u044b\u0435 \u043f\u043e\u043b\u043e\u0436\u0435\u043d\u0438\u044f \u0434\u043b\u044f \u0432\u0441\u0435\u0445 \u043e\u043f\u0435\u0440\u0430\u0446\u0438\u0439 \u0431\u0440\u043e\u043d\u0438\u0440\u043e\u0432\u0430\u043d\u0438\u044f \u043d\u0430 \u0441\u0430\u0439\u0442\u0435 StayLiepaja.lv.<\/p>\n<p>&nbsp;<\/p>\n<p>&nbsp;<\/p>\n<ol>\n<li><strong> \u041f\u041e\u0421\u0422\u0410\u0412\u0429\u0418\u041a \u0423\u0421\u041b\u0423\u0413<\/strong><\/li>\n<\/ol>\n<p>\u041f\u043e\u0441\u0442\u0430\u0432\u0449\u0438\u043a \u0443\u0441\u043b\u0443\u0433: StayLiepaja.lv<br \/>\u0427\u0430\u0441\u0442\u043d\u044b\u0439 \u043f\u043e\u0441\u0442\u0430\u0432\u0449\u0438\u043a \u0443\u0441\u043b\u0443\u0433 \u0440\u0430\u0437\u043c\u0435\u0449\u0435\u043d\u0438\u044f: \u041e\u043b\u0435\u0433 \u0411\u0430\u043c\u0431\u0443\u043b\u044f\u043a<br \/>\u0420\u0435\u0433. \u2116: LV26087310816<br \/>\u0410\u0434\u0440\u0435\u0441: \u0443\u043b \u041f\u0430\u043b\u0430\u043d\u0433\u0430\u0441 23, LV-3401, \u041b\u0438\u0435\u043f\u0430\u044f, \u041b\u0430\u0442\u0432\u0438\u044f<br \/>\u0422\u0435\u043b\u0435\u0444\u043e\u043d: +371 29207409<br \/>\u042d\u043b\u0435\u043a\u0442\u0440\u043e\u043d\u043d\u0430\u044f \u043f\u043e\u0447\u0442\u0430: info@stayliepaja.lv<\/p>\n<p>&nbsp;<\/p>\n<p>StayLiepaja \u0440\u0430\u0431\u043e\u0442\u0430\u0435\u0442:<\/p>\n<ul>\n<li>\u043a\u0430\u043a \u043f\u0440\u044f\u043c\u043e\u0439 \u043f\u043e\u0441\u0442\u0430\u0432\u0449\u0438\u043a \u0443\u0441\u043b\u0443\u0433 \u0438\u043b\u0438<\/li>\n<li>\u043a\u0430\u043a \u043f\u043e\u0441\u0440\u0435\u0434\u043d\u0438\u043a.<\/li>\n<\/ul>\n<p>\u0415\u0441\u043b\u0438 StayLiepaja \u0434\u0435\u0439\u0441\u0442\u0432\u0443\u0435\u0442 \u043a\u0430\u043a \u043f\u043e\u0441\u0440\u0435\u0434\u043d\u0438\u043a, \u043e\u043d \u043d\u0435 \u043d\u0435\u0441\u0435\u0442 \u043e\u0442\u0432\u0435\u0442\u0441\u0442\u0432\u0435\u043d\u043d\u043e\u0441\u0442\u0438 \u0437\u0430 \u0432\u044b\u043f\u043e\u043b\u043d\u0435\u043d\u0438\u0435 \u043e\u0431\u044f\u0437\u0430\u0442\u0435\u043b\u044c\u0441\u0442\u0432 \u0432\u043b\u0430\u0434\u0435\u043b\u044c\u0446\u0430, \u0437\u0430 \u0438\u0441\u043a\u043b\u044e\u0447\u0435\u043d\u0438\u0435\u043c \u0441\u043b\u0443\u0447\u0430\u0435\u0432, \u043a\u043e\u0433\u0434\u0430 \u044d\u0442\u043e \u043f\u0440\u0435\u0434\u0443\u0441\u043c\u043e\u0442\u0440\u0435\u043d\u043e \u043d\u043e\u0440\u043c\u0430\u0442\u0438\u0432\u043d\u044b\u043c\u0438 \u0430\u043a\u0442\u0430\u043c\u0438.<\/p>\n<ol start=\"2\">\n<li><strong> \u0417\u0410\u041a\u041b\u042e\u0427\u0415\u041d\u0418\u0415 \u0414\u041e\u0413\u041e\u0412\u041e\u0420\u0410<\/strong><\/li>\n<\/ol>\n<p>\u0414\u043e\u0433\u043e\u0432\u043e\u0440 \u0432\u0441\u0442\u0443\u043f\u0430\u0435\u0442 \u0432 \u0441\u0438\u043b\u0443 \u0432 \u043c\u043e\u043c\u0435\u043d\u0442, \u043a\u043e\u0433\u0434\u0430:<\/p>\n<ul>\n<li>\u043a\u043b\u0438\u0435\u043d\u0442 \u0434\u0435\u043b\u0430\u0435\u0442 \u0431\u0440\u043e\u043d\u0438\u0440\u043e\u0432\u0430\u043d\u0438\u0435 \u0438<\/li>\n<li>\u043f\u043e\u043b\u0443\u0447\u0438\u0442\u0435 \u043f\u043e\u0434\u0442\u0432\u0435\u0440\u0436\u0434\u0435\u043d\u0438\u0435 \u043d\u0430 \u044d\u043b\u0435\u043a\u0442\u0440\u043e\u043d\u043d\u0443\u044e \u043f\u043e\u0447\u0442\u0443.<\/li>\n<\/ul>\n<p>\u041d\u0430\u0436\u0438\u043c\u0430\u044f \"\u041f\u043e\u0434\u0442\u0432\u0435\u0440\u0434\u0438\u0442\u044c\", \u043a\u043b\u0438\u0435\u043d\u0442:<\/p>\n<ul>\n<li>\u0441\u043e\u0433\u043b\u0430\u0441\u0435\u043d \u0441\u043e \u0432\u0441\u0435\u043c\u0438 \u0443\u0441\u043b\u043e\u0432\u0438\u044f\u043c\u0438,<\/li>\n<li>\u0431\u0435\u0440\u0435\u0442 \u043d\u0430 \u0441\u0435\u0431\u044f \u044e\u0440\u0438\u0434\u0438\u0447\u0435\u0441\u043a\u0438\u0435 \u043e\u0431\u044f\u0437\u0430\u0442\u0435\u043b\u044c\u0441\u0442\u0432\u0430.<\/li>\n<\/ul>\n<ol start=\"3\">\n<li><strong> \u041f\u041b\u0410\u0422\u0415\u0416\u0418<\/strong><\/li>\n<\/ol>\n<ul>\n<li>100% \u043f\u0440\u0435\u0434\u043e\u043f\u043b\u0430\u0442\u0430 \u043e\u0431\u044f\u0437\u0430\u0442\u0435\u043b\u044c\u043d\u0430<\/li>\n<li>\u0411\u0440\u043e\u043d\u0438\u0440\u043e\u0432\u0430\u043d\u0438\u0435 \u043d\u0435 \u0433\u0430\u0440\u0430\u043d\u0442\u0438\u0440\u0443\u0435\u0442\u0441\u044f \u0431\u0435\u0437 \u043e\u043f\u043b\u0430\u0442\u044b<\/li>\n<\/ul>\n<p>\u041e\u0441\u0442\u0430\u0432\u0430\u0439\u0442\u0435\u0441\u044c \u0432 \u041b\u0438\u0435\u043f\u0430\u0435 \u0438 \u043f\u0440\u0430\u0432\u044c\u0442\u0435:<\/p>\n<ul>\n<li>\u043e\u0442\u043c\u0435\u043d\u0438\u0442\u044c \u0431\u0440\u043e\u043d\u0438\u0440\u043e\u0432\u0430\u043d\u0438\u0435 \u0431\u0435\u0437 \u043f\u0440\u0435\u0434\u0443\u043f\u0440\u0435\u0436\u0434\u0435\u043d\u0438\u044f, \u0435\u0441\u043b\u0438 \u043f\u043b\u0430\u0442\u0435\u0436 \u043d\u0435 \u0431\u0443\u0434\u0435\u0442 \u043f\u0440\u043e\u0438\u0437\u0432\u0435\u0434\u0435\u043d<\/li>\n<\/ul>\n<ol start=\"4\">\n<li><strong> \u0414\u0415\u041f\u041e\u0417\u0418\u0422 \u0411\u0415\u0417\u041e\u041f\u0410\u0421\u041d\u041e\u0421\u0422\u0418<\/strong><\/li>\n<\/ol>\n<p>StayLiepaja \u0438\u043c\u0435\u0435\u0442 \u043f\u0440\u0430\u0432\u043e \u0442\u0440\u0435\u0431\u043e\u0432\u0430\u0442\u044c \u0437\u0430\u043b\u043e\u0433 \u0437\u0430 \u0431\u0435\u0437\u043e\u043f\u0430\u0441\u043d\u043e\u0441\u0442\u044c.<\/p>\n<p>\u0414\u0435\u043f\u043e\u0437\u0438\u0442 \u043c\u043e\u0436\u0435\u0442 \u0431\u044b\u0442\u044c \u0438\u0441\u043f\u043e\u043b\u044c\u0437\u043e\u0432\u0430\u043d:<\/p>\n<ul>\n<li>\u0434\u043b\u044f \u043f\u043e\u043a\u0440\u044b\u0442\u0438\u044f \u043f\u043e\u0432\u0440\u0435\u0436\u0434\u0435\u043d\u0438\u0439<\/li>\n<li>\u0434\u043e\u043f\u043e\u043b\u043d\u0438\u0442\u0435\u043b\u044c\u043d\u0430\u044f \u043e\u0447\u0438\u0441\u0442\u043a\u0430<\/li>\n<li>\u0432 \u0441\u043b\u0443\u0447\u0430\u0435 \u043d\u0430\u0440\u0443\u0448\u0435\u043d\u0438\u044f \u043f\u0440\u0430\u0432\u0438\u043b<\/li>\n<\/ul>\n<ol start=\"5\">\n<li><strong> \u041f\u041e\u041b\u0418\u0422\u0418\u041a\u0410 \u041e\u0422\u041c\u0415\u041d\u042b<\/strong><\/li>\n<\/ol>\n<p>\u0412\u0441\u0435 \u0431\u0440\u043e\u043d\u0438\u0440\u043e\u0432\u0430\u043d\u0438\u044f \u044f\u0432\u043b\u044f\u044e\u0442\u0441\u044f: \u043d\u0435\u0432\u043e\u0437\u0432\u0440\u0430\u0442\u043d\u044b\u043c\u0438 (non-refundable)<\/p>\n<p>\u0418\u0441\u043a\u043b\u044e\u0447\u0435\u043d\u0438\u044f \u043f\u0440\u0438\u043c\u0435\u043d\u044f\u044e\u0442\u0441\u044f \u0442\u043e\u043b\u044c\u043a\u043e \u043a:<\/p>\n<ul>\n<li>\u0432 \u0441\u043b\u0443\u0447\u0430\u0435 \u043c\u0435\u0434\u0438\u0446\u0438\u043d\u0441\u043a\u0438\u0445 \u043f\u0440\u0438\u0447\u0438\u043d<\/li>\n<li>\u0441 \u0434\u043e\u043a\u0443\u043c\u0435\u043d\u0442\u0430\u043b\u044c\u043d\u044b\u043c \u043f\u043e\u0434\u0442\u0432\u0435\u0440\u0436\u0434\u0435\u043d\u0438\u0435\u043c<\/li>\n<\/ul>\n<p>StayLiepaja \u043e\u0441\u0442\u0430\u0432\u043b\u044f\u0435\u0442 \u0437\u0430 \u0441\u043e\u0431\u043e\u0439 \u043f\u0440\u0430\u0432\u0430:<\/p>\n<ul>\n<li>\u043e\u0442\u043a\u0430\u0437\u0430\u0442\u044c \u0432 \u0432\u043e\u0437\u0432\u0440\u0430\u0442\u0435, \u0435\u0441\u043b\u0438 \u043f\u0440\u0438\u0447\u0438\u043d\u0430 \u043d\u0435\u0434\u043e\u0441\u0442\u0430\u0442\u043e\u0447\u043d\u043e \u043e\u0431\u043e\u0441\u043d\u043e\u0432\u0430\u043d\u0430<\/li>\n<\/ul>\n<ol start=\"6\">\n<li><strong> \u0424\u041e\u0420\u0421-\u041c\u0410\u0416\u041e\u0420<\/strong><\/li>\n<\/ol>\n<p>StayLiepaja \u043d\u0435 \u043e\u0442\u0432\u0435\u0447\u0430\u0435\u0442 \u0437\u0430:<\/p>\n<ul>\n<li>\u043f\u0430\u043d\u0434\u0435\u043c\u0438\u044f\u043c<\/li>\n<li>\u0433\u043e\u0441\u0443\u0434\u0430\u0440\u0441\u0442\u0432\u0435\u043d\u043d\u044b\u043c \u043e\u0433\u0440\u0430\u043d\u0438\u0447\u0435\u043d\u0438\u044f\u043c<\/li>\n<li>\u0442\u0440\u0430\u043d\u0441\u043f\u043e\u0440\u0442\u043d\u044b\u043c \u043f\u0440\u0435\u043f\u044f\u0442\u0441\u0442\u0432\u0438\u044f\u043c<\/li>\n<li>\u043f\u043e\u0433\u043e\u0434\u043d\u044b\u043c \u0443\u0441\u043b\u043e\u0432\u0438\u044f\u043c<\/li>\n<\/ul>\n<p>\u0412 \u0442\u0430\u043a\u0438\u0445 \u0441\u043b\u0443\u0447\u0430\u044f\u0445: \u0432\u043e\u0437\u0432\u0440\u0430\u0442 \u043d\u0435 \u0433\u0430\u0440\u0430\u043d\u0442\u0438\u0440\u0443\u0435\u0442\u0441\u044f<\/p>\n<ol start=\"7\">\n<li><strong> \u041f\u0420\u0410\u0412\u041e \u041e\u0422\u041a\u0410\u0417\u0410<\/strong><\/li>\n<\/ol>\n<p>\u0421\u043e\u0433\u043b\u0430\u0441\u043d\u043e \u0414\u0438\u0440\u0435\u043a\u0442\u0438\u0432\u0435 \u043e \u043f\u0440\u0430\u0432\u0430\u0445 \u043f\u043e\u0442\u0440\u0435\u0431\u0438\u0442\u0435\u043b\u0435\u0439:<\/p>\n<p>\u043f\u0440\u0430\u0432\u0430 \u043d\u0430 \u043e\u0442\u043a\u0430\u0437 \u043d\u0435 \u0440\u0430\u0441\u043f\u0440\u043e\u0441\u0442\u0440\u0430\u043d\u044f\u044e\u0442\u0441\u044f \u043d\u0430 \u0443\u0441\u043b\u0443\u0433\u0438 \u0440\u0430\u0437\u043c\u0435\u0449\u0435\u043d\u0438\u044f.<\/p>\n<p>&nbsp;<\/p>\n<ol start=\"8\">\n<li><strong> \u0417\u0410\u041f\u0418\u0421\u042c<\/strong><\/li>\n<\/ol>\n<ul>\n<li>\u0417\u0430\u0435\u0437\u0434: \u0441 17:00<\/li>\n<li>\u0412\u044b\u0435\u0437\u0434: \u0434\u043e 12:00<\/li>\n<\/ul>\n<p>StayLiepaja \u043c\u043e\u0436\u0435\u0442 \u043e\u0442\u043a\u0430\u0437\u0430\u0442\u044c \u0432 \u0437\u0430\u0441\u0435\u043b\u0435\u043d\u0438\u0438 \u0431\u0435\u0437 \u043a\u043e\u043c\u043f\u0435\u043d\u0441\u0430\u0446\u0438\u0438, \u0435\u0441\u043b\u0438:<\/p>\n<ul>\n<li>\u043a\u043b\u0438\u0435\u043d\u0442 \u0432 \u0441\u043e\u0441\u0442\u043e\u044f\u043d\u0438\u0438 \u0430\u043b\u043a\u043e\u0433\u043e\u043b\u044c\u043d\u043e\u0433\u043e \u043e\u043f\u044c\u044f\u043d\u0435\u043d\u0438\u044f<\/li>\n<li>\u0432\u0435\u0434\u0435\u0442 \u0441\u0435\u0431\u044f \u0430\u0433\u0440\u0435\u0441\u0441\u0438\u0432\u043d\u043e<\/li>\n<li>\u043d\u0430\u0440\u0443\u0448\u0430\u0435\u0442 \u043f\u0440\u0430\u0432\u0438\u043b\u0430<\/li>\n<\/ul>\n<ol start=\"9\">\n<li><strong> \u041f\u0420\u0410\u0412\u0418\u041b\u0410 \u041f\u041e\u0412\u0415\u0414\u0415\u041d\u0418\u042f<\/strong><\/li>\n<\/ol>\n<p>\u0417\u0430\u043f\u0440\u0435\u0449\u0435\u043d\u043e:<\/p>\n<ul>\n<li>\u043a\u0443\u0440\u0438\u0442\u044c \u0432 \u043f\u043e\u043c\u0435\u0449\u0435\u043d\u0438\u044f\u0445 (100 EUR)<\/li>\n<li>\u043f\u0440\u043e\u0436\u0438\u0432\u0430\u043d\u0438\u0435 \u0441 \u0436\u0438\u0432\u043e\u0442\u043d\u044b\u043c\u0438 (200 EUR)<\/li>\n<li>\u0448\u0443\u043c\u0435\u0442\u044c \u043f\u043e\u0441\u043b\u0435 23:00<\/li>\n<\/ul>\n<ol start=\"10\">\n<li><strong> \u041f\u041e\u0412\u0420\u0415\u0416\u0414\u0415\u041d\u0418\u042f<\/strong><\/li>\n<\/ol>\n<p>\u041a\u043b\u0438\u0435\u043d\u0442 \u043f\u043e\u043b\u043d\u043e\u0441\u0442\u044c\u044e \u043e\u0442\u0432\u0435\u0447\u0430\u0435\u0442 \u0437\u0430:<\/p>\n<ul>\n<li>\u0432\u0441\u0435 \u0443\u0431\u044b\u0442\u043a\u0438<\/li>\n<li>\u043b\u044e\u0431\u044b\u0435 \u043f\u043e\u0432\u0440\u0435\u0436\u0434\u0435\u043d\u0438\u044f<\/li>\n<\/ul>\n<p>StayLiepaja \u043c\u043e\u0436\u0435\u0442:<\/p>\n<ul>\n<li>\u0443\u0434\u0435\u0440\u0436\u0438\u0432\u0430\u0442\u044c \u043f\u043b\u0430\u0442\u0435\u0436\u0438<\/li>\n<li>\u0442\u0440\u0435\u0431\u043e\u0432\u0430\u0442\u044c \u0434\u043e\u043f\u043e\u043b\u043d\u0438\u0442\u0435\u043b\u044c\u043d\u0443\u044e \u043e\u043f\u043b\u0430\u0442\u0443<\/li>\n<\/ul>\n<ol start=\"11\">\n<li><strong> \u0414\u041e\u041f\u041e\u041b\u041d\u0418\u0422\u0415\u041b\u042c\u041d\u042b\u0415 \u0428\u0422\u0420\u0410\u0424\u042b<\/strong><\/li>\n<\/ol>\n<p>\u041c\u043e\u0436\u0435\u0442 \u0431\u044b\u0442\u044c \u043f\u0440\u0438\u043c\u0435\u043d\u0435\u043d\u043e:<\/p>\n<ul>\n<li>150\u2013500 EUR \u0437\u0430 \u0443\u0431\u043e\u0440\u043a\u0443<\/li>\n<li>\u043f\u043e\u043b\u043d\u0430\u044f \u043a\u043e\u043c\u043f\u0435\u043d\u0441\u0430\u0446\u0438\u044f \u0437\u0430 \u043f\u043e\u0432\u0440\u0435\u0436\u0434\u0435\u043d\u0438\u044f<\/li>\n<li>\u0440\u0430\u0441\u0445\u043e\u0434\u044b \u043d\u0430 \u0437\u0430\u043c\u0435\u043d\u0443 \u043e\u0431\u043e\u0440\u0443\u0434\u043e\u0432\u0430\u043d\u0438\u044f<\/li>\n<\/ul>\n<ol start=\"12\">\n<li><strong> \u041e\u0413\u0420\u0410\u041d\u0418\u0427\u0415\u041d\u0418\u0415 \u041e\u0422\u0412\u0415\u0422\u0421\u0422\u0412\u0415\u041d\u041d\u041e\u0421\u0422\u0418<\/strong><\/li>\n<\/ol>\n<p>StayLiepaja:<\/p>\n<ul>\n<li>\u043d\u0435 \u043d\u0435\u0441\u0451\u0442 \u043e\u0442\u0432\u0435\u0442\u0441\u0442\u0432\u0435\u043d\u043d\u043e\u0441\u0442\u0438 \u0437\u0430 \u043a\u043e\u0441\u0432\u0435\u043d\u043d\u044b\u0435 \u0443\u0431\u044b\u0442\u043a\u0438<\/li>\n<li>\u043d\u0435 \u043d\u0435\u0441\u0451\u0442 \u043e\u0442\u0432\u0435\u0442\u0441\u0442\u0432\u0435\u043d\u043d\u043e\u0441\u0442\u0438 \u0437\u0430:<\/li>\n<ul>\n<li>\u044d\u043b\u0435\u043a\u0442\u0440\u043e\u044d\u043d\u0435\u0440\u0433\u0438\u044e<\/li>\n<li>\u0438\u043d\u0442\u0435\u0440\u043d\u0435\u0442<\/li>\n<li>\u043f\u043e\u0433\u043e\u0434\u043d\u044b\u043c \u0443\u0441\u043b\u043e\u0432\u0438\u044f\u043c<\/li>\n<li>\u0434\u0435\u0439\u0441\u0442\u0432\u0438\u044f \u0442\u0440\u0435\u0442\u044c\u0438\u0445 \u043b\u0438\u0446<\/li>\n<\/ul>\n<\/ul>\n<ol start=\"13\">\n<li><strong> \u0416\u0410\u041b\u041e\u0411\u042b<\/strong><\/li>\n<\/ol>\n<p>\u0416\u0430\u043b\u043e\u0431\u044b \u0434\u043e\u043b\u0436\u043d\u044b \u0431\u044b\u0442\u044c \u043f\u043e\u0434\u0430\u043d\u044b \u043d\u0435\u043c\u0435\u0434\u043b\u0435\u043d\u043d\u043e.<\/p>\n<p>\u0415\u0441\u043b\u0438 \u044d\u0442\u043e \u043d\u0435 \u0431\u0443\u0434\u0435\u0442 \u0441\u0434\u0435\u043b\u0430\u043d\u043e: \u043a\u043e\u043c\u043f\u0435\u043d\u0441\u0430\u0446\u0438\u044f \u043d\u0435 \u043f\u0440\u0435\u0434\u043e\u0441\u0442\u0430\u0432\u043b\u044f\u0435\u0442\u0441\u044f<\/p>\n<ol start=\"14\">\n<li><strong> GDPR<\/strong><\/li>\n<\/ol>\n<p>\u0414\u0430\u043d\u043d\u044b\u0435 \u043e\u0431\u0440\u0430\u0431\u0430\u0442\u044b\u0432\u0430\u044e\u0442\u0441\u044f \u0432 \u0441\u043e\u043e\u0442\u0432\u0435\u0442\u0441\u0442\u0432\u0438\u0438 \u0441 GDPR.<\/p>\n<p>\u0414\u0430\u043d\u043d\u044b\u0435 \u043c\u043e\u0433\u0443\u0442 \u0431\u044b\u0442\u044c \u043f\u0435\u0440\u0435\u0434\u0430\u043d\u044b:<\/p>\n<ul>\n<li>\u043f\u0430\u0440\u0442\u043d\u0435\u0440\u0430\u043c<\/li>\n<li>\u0433\u043e\u0441\u0443\u0434\u0430\u0440\u0441\u0442\u0432\u0435\u043d\u043d\u044b\u043c \u0443\u0447\u0440\u0435\u0436\u0434\u0435\u043d\u0438\u044f\u043c<\/li>\n<\/ul>\n<ol start=\"15\">\n<li><strong> \u0421\u041f\u041e\u0420\u042b<\/strong><\/li>\n<\/ol>\n<p>\u0412\u0441\u0435 \u0441\u043f\u043e\u0440\u044b:<\/p>\n<ul>\n<li>\u0440\u0435\u0448\u0430\u044e\u0442\u0441\u044f \u0432 \u041b\u0430\u0442\u0432\u0438\u0438<\/li>\n<li>\u0432 \u0441\u0443\u0434\u0430\u0445 \u041b\u0430\u0442\u0432\u0438\u0438<\/li>\n<\/ul>\n<ol start=\"16\">\n<li><strong> \u041f\u0420\u0410\u0412\u041e \u0418\u0417\u041c\u0415\u041d\u042f\u0422\u042c \u0423\u0421\u041b\u041e\u0412\u0418\u042f<\/strong><\/li>\n<\/ol>\n<p>StayLiepaja \u043c\u043e\u0436\u0435\u0442:<\/p>\n<ul>\n<li>\u0432 \u043b\u044e\u0431\u043e\u0435 \u0432\u0440\u0435\u043c\u044f \u0438\u0437\u043c\u0435\u043d\u044f\u0442\u044c \u043f\u0440\u0430\u0432\u0438\u043b\u0430<\/li>\n<li>\u0438\u0437\u043c\u0435\u043d\u044f\u0442\u044c \u0446\u0435\u043d\u044b<\/li>\n<\/ul>\n<p>[\/et_pb_text][\/et_pb_column][\/et_pb_row][\/et_pb_section]<\/p>","protected":false},"excerpt":{"rendered":"<p>REZERV\u0112\u0160ANAS NOTEIKUMI Atjaunots: 2026-04-06 \u0160ie noteikumi nosaka juridiski saisto\u0161us nosac\u012bjumus visiem rezerv\u0101cijas dar\u012bjumiem vietn\u0113 StayLiepaja.lv. &nbsp; &nbsp; PAKALPOJUMA SNIEDZ\u0112JS Pakalpojumu sniedz\u0113js: StayLiepaja.lvPriv\u0101tais izmitin\u0101\u0161anas pakalpojumu sniedz\u0113js: O\u013cegs Bambu\u013caksRe\u0123. Nr.: LV26087310816Adrese: Palangas iela 23, LV-3401, Liep\u0101ja, LatvijaT\u0101lrunis: +371 29207409E-pasts: info@stayliepaja.lv &nbsp; StayLiepaja darbojas: k\u0101 tie\u0161ais pakalpojuma sniedz\u0113js vai k\u0101 starpnieks. Ja StayLiepaja darbojas k\u0101 starpnieks, t\u0101 neatbild [&hellip;]<\/p>","protected":false},"author":1,"featured_media":510,"parent":0,"menu_order":0,"comment_status":"closed","ping_status":"closed","template":"","meta":{"_et_pb_use_builder":"on","_et_pb_old_content":"","_et_gb_content_width":"","footnotes":""},"class_list":["post-25","page","type-page","status-publish","has-post-thumbnail","hentry"],"yoast_head":"<!-- This site is optimized with the Yoast SEO plugin v27.3 - https:\/\/yoast.com\/product\/yoast-seo-wordpress\/ -->\n<title>Nosac\u012bjumi un noteikumi - Stayliepaja.lv<\/title>\n<meta name=\"description\" content=\"Nosacijumi un noteikumi svarigi lai izsl\u0113gtu nevajadz\u012bgas kav\u0113\u0161an\u0101s un domstarp\u012bbas nomas l\u012bguma nosl\u0113g\u0161anas gait\u0101.\" \/>\n<meta name=\"robots\" content=\"index, follow, max-snippet:-1, max-image-preview:large, max-video-preview:-1\" \/>\n<link rel=\"canonical\" href=\"https:\/\/stayliepaja.lv\/ru\/nosacijumi-un-noteikumi\/\" \/>\n<meta property=\"og:locale\" content=\"ru_RU\" \/>\n<meta property=\"og:type\" content=\"article\" \/>\n<meta property=\"og:title\" content=\"Nosac\u012bjumi un noteikumi - Stayliepaja.lv\" \/>\n<meta property=\"og:description\" content=\"Nosacijumi un noteikumi svarigi lai izsl\u0113gtu nevajadz\u012bgas kav\u0113\u0161an\u0101s un domstarp\u012bbas nomas l\u012bguma nosl\u0113g\u0161anas gait\u0101.\" \/>\n<meta property=\"og:url\" content=\"https:\/\/stayliepaja.lv\/ru\/nosacijumi-un-noteikumi\/\" \/>\n<meta property=\"og:site_name\" content=\"Stayliepaja.lv\" \/>\n<meta property=\"article:modified_time\" content=\"2026-04-07T15:58:14+00:00\" \/>\n<meta property=\"og:image\" content=\"https:\/\/stayliepaja.lv\/wp-content\/uploads\/2022\/04\/nosacijumi-un-noteikumi.jpg\" \/>\n\t<meta property=\"og:image:width\" content=\"225\" \/>\n\t<meta property=\"og:image:height\" content=\"225\" \/>\n\t<meta property=\"og:image:type\" content=\"image\/jpeg\" \/>\n<meta name=\"twitter:card\" content=\"summary_large_image\" \/>\n<meta name=\"twitter:label1\" content=\"\u041f\u0440\u0438\u043c\u0435\u0440\u043d\u043e\u0435 \u0432\u0440\u0435\u043c\u044f \u0434\u043b\u044f \u0447\u0442\u0435\u043d\u0438\u044f\" \/>\n\t<meta name=\"twitter:data1\" content=\"6 \u043c\u0438\u043d\u0443\u0442\" \/>\n<script type=\"application\/ld+json\" class=\"yoast-schema-graph\">{\"@context\":\"https:\\\/\\\/schema.org\",\"@graph\":[{\"@type\":\"WebPage\",\"@id\":\"https:\\\/\\\/stayliepaja.lv\\\/nosacijumi-un-noteikumi\\\/\",\"url\":\"https:\\\/\\\/stayliepaja.lv\\\/nosacijumi-un-noteikumi\\\/\",\"name\":\"Nosac\u012bjumi un noteikumi - Stayliepaja.lv\",\"isPartOf\":{\"@id\":\"https:\\\/\\\/stayliepaja.lv\\\/#website\"},\"primaryImageOfPage\":{\"@id\":\"https:\\\/\\\/stayliepaja.lv\\\/nosacijumi-un-noteikumi\\\/#primaryimage\"},\"image\":{\"@id\":\"https:\\\/\\\/stayliepaja.lv\\\/nosacijumi-un-noteikumi\\\/#primaryimage\"},\"thumbnailUrl\":\"https:\\\/\\\/stayliepaja.lv\\\/wp-content\\\/uploads\\\/2022\\\/04\\\/nosacijumi-un-noteikumi.jpg\",\"datePublished\":\"2021-12-25T13:43:26+00:00\",\"dateModified\":\"2026-04-07T15:58:14+00:00\",\"description\":\"Nosacijumi un noteikumi svarigi lai izsl\u0113gtu nevajadz\u012bgas kav\u0113\u0161an\u0101s un domstarp\u012bbas nomas l\u012bguma nosl\u0113g\u0161anas gait\u0101.\",\"breadcrumb\":{\"@id\":\"https:\\\/\\\/stayliepaja.lv\\\/nosacijumi-un-noteikumi\\\/#breadcrumb\"},\"inLanguage\":\"ru-RU\",\"potentialAction\":[{\"@type\":\"ReadAction\",\"target\":[\"https:\\\/\\\/stayliepaja.lv\\\/nosacijumi-un-noteikumi\\\/\"]}]},{\"@type\":\"ImageObject\",\"inLanguage\":\"ru-RU\",\"@id\":\"https:\\\/\\\/stayliepaja.lv\\\/nosacijumi-un-noteikumi\\\/#primaryimage\",\"url\":\"https:\\\/\\\/stayliepaja.lv\\\/wp-content\\\/uploads\\\/2022\\\/04\\\/nosacijumi-un-noteikumi.jpg\",\"contentUrl\":\"https:\\\/\\\/stayliepaja.lv\\\/wp-content\\\/uploads\\\/2022\\\/04\\\/nosacijumi-un-noteikumi.jpg\",\"width\":225,\"height\":225,\"caption\":\"nosacijumi un noteikumi\"},{\"@type\":\"BreadcrumbList\",\"@id\":\"https:\\\/\\\/stayliepaja.lv\\\/nosacijumi-un-noteikumi\\\/#breadcrumb\",\"itemListElement\":[{\"@type\":\"ListItem\",\"position\":1,\"name\":\"Home\",\"item\":\"https:\\\/\\\/stayliepaja.lv\\\/\"},{\"@type\":\"ListItem\",\"position\":2,\"name\":\"Nosac\u012bjumi un noteikumi\"}]},{\"@type\":\"WebSite\",\"@id\":\"https:\\\/\\\/stayliepaja.lv\\\/#website\",\"url\":\"https:\\\/\\\/stayliepaja.lv\\\/\",\"name\":\"Stayliepaja.lv\",\"description\":\"Just another WordPress site\",\"potentialAction\":[{\"@type\":\"SearchAction\",\"target\":{\"@type\":\"EntryPoint\",\"urlTemplate\":\"https:\\\/\\\/stayliepaja.lv\\\/?s={search_term_string}\"},\"query-input\":{\"@type\":\"PropertyValueSpecification\",\"valueRequired\":true,\"valueName\":\"search_term_string\"}}],\"inLanguage\":\"ru-RU\"}]}<\/script>\n<!-- \/ Yoast SEO plugin. -->","yoast_head_json":{"title":"Nosac\u012bjumi un noteikumi - Stayliepaja.lv","description":"Nosacijumi un noteikumi svarigi lai izsl\u0113gtu nevajadz\u012bgas kav\u0113\u0161an\u0101s un domstarp\u012bbas nomas l\u012bguma nosl\u0113g\u0161anas gait\u0101.","robots":{"index":"index","follow":"follow","max-snippet":"max-snippet:-1","max-image-preview":"max-image-preview:large","max-video-preview":"max-video-preview:-1"},"canonical":"https:\/\/stayliepaja.lv\/ru\/nosacijumi-un-noteikumi\/","og_locale":"ru_RU","og_type":"article","og_title":"Nosac\u012bjumi un noteikumi - Stayliepaja.lv","og_description":"Nosacijumi un noteikumi svarigi lai izsl\u0113gtu nevajadz\u012bgas kav\u0113\u0161an\u0101s un domstarp\u012bbas nomas l\u012bguma nosl\u0113g\u0161anas gait\u0101.","og_url":"https:\/\/stayliepaja.lv\/ru\/nosacijumi-un-noteikumi\/","og_site_name":"Stayliepaja.lv","article_modified_time":"2026-04-07T15:58:14+00:00","og_image":[{"width":225,"height":225,"url":"https:\/\/stayliepaja.lv\/wp-content\/uploads\/2022\/04\/nosacijumi-un-noteikumi.jpg","type":"image\/jpeg"}],"twitter_card":"summary_large_image","twitter_misc":{"\u041f\u0440\u0438\u043c\u0435\u0440\u043d\u043e\u0435 \u0432\u0440\u0435\u043c\u044f \u0434\u043b\u044f \u0447\u0442\u0435\u043d\u0438\u044f":"6 \u043c\u0438\u043d\u0443\u0442"},"schema":{"@context":"https:\/\/schema.org","@graph":[{"@type":"WebPage","@id":"https:\/\/stayliepaja.lv\/nosacijumi-un-noteikumi\/","url":"https:\/\/stayliepaja.lv\/nosacijumi-un-noteikumi\/","name":"Nosac\u012bjumi un noteikumi - Stayliepaja.lv","isPartOf":{"@id":"https:\/\/stayliepaja.lv\/#website"},"primaryImageOfPage":{"@id":"https:\/\/stayliepaja.lv\/nosacijumi-un-noteikumi\/#primaryimage"},"image":{"@id":"https:\/\/stayliepaja.lv\/nosacijumi-un-noteikumi\/#primaryimage"},"thumbnailUrl":"https:\/\/stayliepaja.lv\/wp-content\/uploads\/2022\/04\/nosacijumi-un-noteikumi.jpg","datePublished":"2021-12-25T13:43:26+00:00","dateModified":"2026-04-07T15:58:14+00:00","description":"Nosacijumi un noteikumi svarigi lai izsl\u0113gtu nevajadz\u012bgas kav\u0113\u0161an\u0101s un domstarp\u012bbas nomas l\u012bguma nosl\u0113g\u0161anas gait\u0101.","breadcrumb":{"@id":"https:\/\/stayliepaja.lv\/nosacijumi-un-noteikumi\/#breadcrumb"},"inLanguage":"ru-RU","potentialAction":[{"@type":"ReadAction","target":["https:\/\/stayliepaja.lv\/nosacijumi-un-noteikumi\/"]}]},{"@type":"ImageObject","inLanguage":"ru-RU","@id":"https:\/\/stayliepaja.lv\/nosacijumi-un-noteikumi\/#primaryimage","url":"https:\/\/stayliepaja.lv\/wp-content\/uploads\/2022\/04\/nosacijumi-un-noteikumi.jpg","contentUrl":"https:\/\/stayliepaja.lv\/wp-content\/uploads\/2022\/04\/nosacijumi-un-noteikumi.jpg","width":225,"height":225,"caption":"nosacijumi un noteikumi"},{"@type":"BreadcrumbList","@id":"https:\/\/stayliepaja.lv\/nosacijumi-un-noteikumi\/#breadcrumb","itemListElement":[{"@type":"ListItem","position":1,"name":"Home","item":"https:\/\/stayliepaja.lv\/"},{"@type":"ListItem","position":2,"name":"Nosac\u012bjumi un noteikumi"}]},{"@type":"WebSite","@id":"https:\/\/stayliepaja.lv\/#website","url":"https:\/\/stayliepaja.lv\/","name":"Stayliepaja.lv","description":"Just another WordPress site","potentialAction":[{"@type":"SearchAction","target":{"@type":"EntryPoint","urlTemplate":"https:\/\/stayliepaja.lv\/?s={search_term_string}"},"query-input":{"@type":"PropertyValueSpecification","valueRequired":true,"valueName":"search_term_string"}}],"inLanguage":"ru-RU"}]}},"_links":{"self":[{"href":"https:\/\/stayliepaja.lv\/ru\/wp-json\/wp\/v2\/pages\/25","targetHints":{"allow":["GET"]}}],"collection":[{"href":"https:\/\/stayliepaja.lv\/ru\/wp-json\/wp\/v2\/pages"}],"about":[{"href":"https:\/\/stayliepaja.lv\/ru\/wp-json\/wp\/v2\/types\/page"}],"author":[{"embeddable":true,"href":"https:\/\/stayliepaja.lv\/ru\/wp-json\/wp\/v2\/users\/1"}],"replies":[{"embeddable":true,"href":"https:\/\/stayliepaja.lv\/ru\/wp-json\/wp\/v2\/comments?post=25"}],"version-history":[{"count":9,"href":"https:\/\/stayliepaja.lv\/ru\/wp-json\/wp\/v2\/pages\/25\/revisions"}],"predecessor-version":[{"id":750,"href":"https:\/\/stayliepaja.lv\/ru\/wp-json\/wp\/v2\/pages\/25\/revisions\/750"}],"wp:featuredmedia":[{"embeddable":true,"href":"https:\/\/stayliepaja.lv\/ru\/wp-json\/wp\/v2\/media\/510"}],"wp:attachment":[{"href":"https:\/\/stayliepaja.lv\/ru\/wp-json\/wp\/v2\/media?parent=25"}],"curies":[{"name":"wp","href":"https:\/\/api.w.org\/{rel}","templated":true}]}}